{"id":47513,"date":"2024-06-10T21:21:45","date_gmt":"2024-06-10T21:21:45","guid":{"rendered":"https:\/\/creadivo.md\/?post_type=product&#038;p=47513"},"modified":"2026-01-24T00:20:37","modified_gmt":"2026-01-24T00:20:37","slug":"cadita-de-dus-rock-black-90x120","status":"publish","type":"product","link":"https:\/\/creadivo.md\/ru\/product\/cadita-de-dus-rock-black-90x120\/","title":{"rendered":"\u0414\u0423\u0428\u0415\u0412\u041e\u0419 \u041f\u041e\u0414\u0414\u041e\u041d ROCK BLACK 90\u00d7120"},"content":{"rendered":"<p>Mineralul acrilic este un material unic caracterizat prin rezisten\u021b\u0103 \u0219i durabilitate extraordinare. Structura neted\u0103 protejeaz\u0103 perfect c\u0103di\u021ba de du\u0219 \u00eempotriva umezelii. Datorit\u0103 materialului folosit, c\u0103zile de du\u0219 sunt perfecte \u00een fiecare detaliu. Aten\u021bie la fiecare detaliu, imita\u021bia perfect\u0103 a structurii naturale, stratul decorativ frumos va fi un element care subliniaz\u0103 frumuse\u021bea b\u0103ii dumneavoastr\u0103. Va face din utilizarea zilnic\u0103 o pl\u0103cere de nedescris.<\/p>\n<p>C\u0103zile de du\u0219 din acest material sunt perfect netede, stabile \u0219i pot fi montate direct pe podea. Un avantaj suplimentar \u00eel reprezint\u0103 marginile \u0219i unghiurile perfect drepte, ceea ce le permite s\u0103 fie instalate f\u0103r\u0103 \u00eembin\u0103ri.<\/p>\n<div style=\"margin: 20px 0;\"><div class=\"qrcswholewtapper\" style=\"text-align:left;\"><div class=\"qrcprowrapper\"  id=\"qrcwraa2leds\"><div class=\"qrc_canvass\" id=\"qrc_cuttenpages_2\" style=\"display:inline-block\" data-text=\"https:\/\/creadivo.md\/ru\/product\/cadita-de-dus-rock-black-90x120\/\"><\/div><\/div><\/div><\/div>","protected":false},"excerpt":{"rendered":"<p>Mineralul acrilic este un material unic caracterizat prin rezisten\u021b\u0103 \u0219i durabilitate extraordinare. Structura neted\u0103 protejeaz\u0103 perfect c\u0103di\u021ba de du\u0219 \u00eempotriva<\/p>","protected":false},"featured_media":62912,"template":"","meta":[],"product_brand":[],"product_cat":[28,1059],"product_tag":[],"class_list":{"0":"post-47513","1":"product","2":"type-product","3":"status-publish","4":"has-post-thumbnail","6":"product_cat-cadita-de-dus","7":"product_cat-cadita-dreptunghiulara","8":"pa_directia-de-instalare-universal","9":"pa_inaltime-35-mm","10":"pa_informatii-suplimentare-setul-include-un-sifon-de-90-mm-capac-de-scurgere","12":"first","13":"instock","14":"purchasable","15":"product-type-simple"},"_links":{"self":[{"href":"https:\/\/creadivo.md\/ru\/wp-json\/wp\/v2\/product\/47513","targetHints":{"allow":["GET"]}}],"collection":[{"href":"https:\/\/creadivo.md\/ru\/wp-json\/wp\/v2\/product"}],"about":[{"href":"https:\/\/creadivo.md\/ru\/wp-json\/wp\/v2\/types\/product"}],"version-history":[{"count":0,"href":"https:\/\/creadivo.md\/ru\/wp-json\/wp\/v2\/product\/47513\/revisions"}],"wp:featuredmedia":[{"embeddable":true,"href":"https:\/\/creadivo.md\/ru\/wp-json\/wp\/v2\/media\/62912"}],"wp:attachment":[{"href":"https:\/\/creadivo.md\/ru\/wp-json\/wp\/v2\/media?parent=47513"}],"wp:term":[{"taxonomy":"product_brand","embeddable":true,"href":"https:\/\/creadivo.md\/ru\/wp-json\/wp\/v2\/product_brand?post=47513"},{"taxonomy":"product_cat","embeddable":true,"href":"https:\/\/creadivo.md\/ru\/wp-json\/wp\/v2\/product_cat?post=47513"},{"taxonomy":"product_tag","embeddable":true,"href":"https:\/\/creadivo.md\/ru\/wp-json\/wp\/v2\/product_tag?post=47513"}],"curies":[{"name":"wp","href":"https:\/\/api.w.org\/{rel}","templated":true}]}}