{"id":47779,"date":"2024-06-10T21:28:28","date_gmt":"2024-06-10T21:28:28","guid":{"rendered":"https:\/\/creadivo.md\/?post_type=product&#038;p=47779"},"modified":"2026-03-27T00:21:07","modified_gmt":"2026-03-27T00:21:07","slug":"lavoar-pe-blat-andrea","status":"publish","type":"product","link":"https:\/\/creadivo.md\/ru\/product\/lavoar-pe-blat-andrea\/","title":{"rendered":"\u0423\u041c\u042b\u0412\u0410\u041b\u042c\u041d\u0418\u041a ANDREA"},"content":{"rendered":"<p>Lavoarul Andrea a fost conceput pentru b\u0103i non-standard, unde formele unice sunt importante. Liniile sub\u021biri, asimetrice, ale chiuvetei Andrea vor atrage aten\u021bia fiec\u0103rui oaspete. Ceramica sanitar\u0103 de cea mai \u00eenalt\u0103 calitate, acoperit\u0103 cu glazur\u0103 alb\u0103 ca z\u0103pada, str\u0103luce\u0219te \u00een lumina b\u0103ii. Lavoarul Andrea arat\u0103 grozav \u00een orice interior<\/p>\n<div style=\"margin: 20px 0;\"><div class=\"qrcswholewtapper\" style=\"text-align:left;\"><div class=\"qrcprowrapper\"  id=\"qrcwraa2leds\"><div class=\"qrc_canvass\" id=\"qrc_cuttenpages_2\" style=\"display:inline-block\" data-text=\"https:\/\/creadivo.md\/ru\/product\/lavoar-pe-blat-andrea\/\"><\/div><\/div><\/div><\/div>","protected":false},"excerpt":{"rendered":"<p>Lavoarul Andrea a fost conceput pentru b\u0103i non-standard, unde formele unice sunt importante. Liniile sub\u021biri, asimetrice, ale chiuvetei Andrea vor<\/p>","protected":false},"featured_media":47780,"template":"","meta":[],"product_brand":[],"product_cat":[21,286],"product_tag":[],"class_list":{"0":"post-47779","1":"product","2":"type-product","3":"status-publish","4":"has-post-thumbnail","6":"product_cat-lavoare","7":"product_cat-lavoar-pe-blat","8":"pa_gaura-baterie-nu","9":"pa_gaura-de-deversare-nu","10":"pa_marimea-470x430x145-mm","12":"first","13":"instock","14":"purchasable","15":"product-type-simple"},"_links":{"self":[{"href":"https:\/\/creadivo.md\/ru\/wp-json\/wp\/v2\/product\/47779","targetHints":{"allow":["GET"]}}],"collection":[{"href":"https:\/\/creadivo.md\/ru\/wp-json\/wp\/v2\/product"}],"about":[{"href":"https:\/\/creadivo.md\/ru\/wp-json\/wp\/v2\/types\/product"}],"version-history":[{"count":0,"href":"https:\/\/creadivo.md\/ru\/wp-json\/wp\/v2\/product\/47779\/revisions"}],"wp:featuredmedia":[{"embeddable":true,"href":"https:\/\/creadivo.md\/ru\/wp-json\/wp\/v2\/media\/47780"}],"wp:attachment":[{"href":"https:\/\/creadivo.md\/ru\/wp-json\/wp\/v2\/media?parent=47779"}],"wp:term":[{"taxonomy":"product_brand","embeddable":true,"href":"https:\/\/creadivo.md\/ru\/wp-json\/wp\/v2\/product_brand?post=47779"},{"taxonomy":"product_cat","embeddable":true,"href":"https:\/\/creadivo.md\/ru\/wp-json\/wp\/v2\/product_cat?post=47779"},{"taxonomy":"product_tag","embeddable":true,"href":"https:\/\/creadivo.md\/ru\/wp-json\/wp\/v2\/product_tag?post=47779"}],"curies":[{"name":"wp","href":"https:\/\/api.w.org\/{rel}","templated":true}]}}