{"id":47896,"date":"2024-06-10T21:30:41","date_gmt":"2024-06-10T21:30:41","guid":{"rendered":"https:\/\/creadivo.md\/?post_type=product&#038;p=47896"},"modified":"2026-03-27T00:21:12","modified_gmt":"2026-03-27T00:21:12","slug":"lavoar-pe-blat-inga","status":"publish","type":"product","link":"https:\/\/creadivo.md\/ru\/product\/lavoar-pe-blat-inga\/","title":{"rendered":"\u0423\u041c\u042b\u0412\u0410\u041b\u042c\u041d\u0418\u041a INGA"},"content":{"rendered":"<p>Lavoarul Inga este realizat din ceramica alba de cea mai inalta calitate. Finisajul lucios adaug\u0103 elegan\u021b\u0103 \u0219i decoreaz\u0103 interiorul. \u00centregul lucru este foarte u\u0219or de p\u0103strat curat, a\u0219a c\u0103 aceast\u0103 chiuvet\u0103 de blat va fi o alegere bun\u0103 pentru persoanele care pre\u021buiesc mai presus de toate valorile practice \u00een amenajarea lor.<\/p>\n<p>Lavoarul Inga va atrage iubitorii de forme mai pu\u021bin evidente ale echipamentelor de baie. Marele s\u0103u avantaj este capacitatea de a se potrivi cu multe stiluri interioare diferite &#8211; at\u00e2t clasice, c\u00e2t \u0219i moderne. Forma simpla si finisajele clasice vor adauga eleganta amenajarii baii acasa si la birou. Pentru a crea o amenajare coerent\u0103 a b\u0103ii, pute\u021bi alege un sifon \u0219i robinet potrivite. Ve\u021bi g\u0103si multe sugestii interesante pentru astfel de produse \u00een oferta noastr\u0103.<\/p>\n<div style=\"margin: 20px 0;\"><div class=\"qrcswholewtapper\" style=\"text-align:left;\"><div class=\"qrcprowrapper\"  id=\"qrcwraa2leds\"><div class=\"qrc_canvass\" id=\"qrc_cuttenpages_2\" style=\"display:inline-block\" data-text=\"https:\/\/creadivo.md\/ru\/product\/lavoar-pe-blat-inga\/\"><\/div><\/div><\/div><\/div>","protected":false},"excerpt":{"rendered":"<p>Lavoarul Inga este realizat din ceramica alba de cea mai inalta calitate. Finisajul lucios adaug\u0103 elegan\u021b\u0103 \u0219i decoreaz\u0103 interiorul. \u00centregul<\/p>","protected":false},"featured_media":47897,"template":"","meta":[],"product_brand":[],"product_cat":[21,286],"product_tag":[],"class_list":{"0":"post-47896","1":"product","2":"type-product","3":"status-publish","4":"has-post-thumbnail","6":"product_cat-lavoare","7":"product_cat-lavoar-pe-blat","8":"pa_gaura-baterie-nu","9":"pa_gaura-de-deversare-nu","10":"pa_marimea-510x345x120-mm","12":"first","13":"instock","14":"purchasable","15":"product-type-simple"},"_links":{"self":[{"href":"https:\/\/creadivo.md\/ru\/wp-json\/wp\/v2\/product\/47896","targetHints":{"allow":["GET"]}}],"collection":[{"href":"https:\/\/creadivo.md\/ru\/wp-json\/wp\/v2\/product"}],"about":[{"href":"https:\/\/creadivo.md\/ru\/wp-json\/wp\/v2\/types\/product"}],"version-history":[{"count":0,"href":"https:\/\/creadivo.md\/ru\/wp-json\/wp\/v2\/product\/47896\/revisions"}],"wp:featuredmedia":[{"embeddable":true,"href":"https:\/\/creadivo.md\/ru\/wp-json\/wp\/v2\/media\/47897"}],"wp:attachment":[{"href":"https:\/\/creadivo.md\/ru\/wp-json\/wp\/v2\/media?parent=47896"}],"wp:term":[{"taxonomy":"product_brand","embeddable":true,"href":"https:\/\/creadivo.md\/ru\/wp-json\/wp\/v2\/product_brand?post=47896"},{"taxonomy":"product_cat","embeddable":true,"href":"https:\/\/creadivo.md\/ru\/wp-json\/wp\/v2\/product_cat?post=47896"},{"taxonomy":"product_tag","embeddable":true,"href":"https:\/\/creadivo.md\/ru\/wp-json\/wp\/v2\/product_tag?post=47896"}],"curies":[{"name":"wp","href":"https:\/\/api.w.org\/{rel}","templated":true}]}}