{"id":47932,"date":"2024-06-10T21:31:33","date_gmt":"2024-06-10T21:31:33","guid":{"rendered":"https:\/\/creadivo.md\/?post_type=product&#038;p=47932"},"modified":"2026-02-23T13:48:41","modified_gmt":"2026-02-23T13:48:41","slug":"baterie-lavoar-tess-gold-low","status":"publish","type":"product","link":"https:\/\/creadivo.md\/ru\/product\/baterie-lavoar-tess-gold-low\/","title":{"rendered":"\u0421\u041c\u0415\u0421\u0418\u0422\u0415\u041b\u042c \u0414\u041b\u042f \u0423\u041c\u042b\u0412\u0410\u041b\u042c\u041d\u0418\u041a\u0410 TESS GOLD LOW"},"content":{"rendered":"<p>Un robinet de lavoar extrem de rezistent si functional realizat din alama de cea mai inalta calitate. Acest material asigur\u0103 fiabilitatea deplin\u0103 \u0219i garanteaz\u0103 func\u021bionarea f\u0103r\u0103 probleme a produsului pentru mul\u021bi ani. Capul ceramic v\u0103 va permite s\u0103 efectua\u021bi p\u00e2n\u0103 la 500.000 de cicluri de deschidere \u0219i \u00eenchidere a fluxului de ap\u0103.<\/p>\n<p>Acoperirea corpului robinetului cu un strat de aur confer\u0103 robinetului un aspect unic \u0219i protejeaz\u0103 \u00eempotriva coroziunii \u0219i a p\u0103tarii. Forma frumoas\u0103 a robinetului se va potrivi perfect \u00een orice decor de baie.<\/p>\n<div style=\"margin: 20px 0;\"><div class=\"qrcswholewtapper\" style=\"text-align:left;\"><div class=\"qrcprowrapper\"  id=\"qrcwraa2leds\"><div class=\"qrc_canvass\" id=\"qrc_cuttenpages_2\" style=\"display:inline-block\" data-text=\"https:\/\/creadivo.md\/ru\/product\/baterie-lavoar-tess-gold-low\/\"><\/div><\/div><\/div><\/div>","protected":false},"excerpt":{"rendered":"<p>Un robinet de lavoar extrem de rezistent si functional realizat din alama de cea mai inalta calitate. Acest material asigur\u0103<\/p>","protected":false},"featured_media":47933,"template":"","meta":[],"product_brand":[],"product_cat":[29,289],"product_tag":[],"class_list":{"0":"post-47932","1":"product","2":"type-product","3":"status-publish","4":"has-post-thumbnail","6":"product_cat-baterii-sanitare","7":"product_cat-pentru-lavoar","8":"pa_cap-ceramica-cu-mixer","9":"pa_conexiune-3-8-inch","10":"pa_inaltime-185-mm","11":"pa_informatii-suplimentare-duza-fixa-aerator-de-aerare","12":"pa_instalare-pentru-lavoar-sau-blat","14":"first","15":"instock","16":"purchasable","17":"product-type-simple"},"_links":{"self":[{"href":"https:\/\/creadivo.md\/ru\/wp-json\/wp\/v2\/product\/47932","targetHints":{"allow":["GET"]}}],"collection":[{"href":"https:\/\/creadivo.md\/ru\/wp-json\/wp\/v2\/product"}],"about":[{"href":"https:\/\/creadivo.md\/ru\/wp-json\/wp\/v2\/types\/product"}],"version-history":[{"count":0,"href":"https:\/\/creadivo.md\/ru\/wp-json\/wp\/v2\/product\/47932\/revisions"}],"wp:featuredmedia":[{"embeddable":true,"href":"https:\/\/creadivo.md\/ru\/wp-json\/wp\/v2\/media\/47933"}],"wp:attachment":[{"href":"https:\/\/creadivo.md\/ru\/wp-json\/wp\/v2\/media?parent=47932"}],"wp:term":[{"taxonomy":"product_brand","embeddable":true,"href":"https:\/\/creadivo.md\/ru\/wp-json\/wp\/v2\/product_brand?post=47932"},{"taxonomy":"product_cat","embeddable":true,"href":"https:\/\/creadivo.md\/ru\/wp-json\/wp\/v2\/product_cat?post=47932"},{"taxonomy":"product_tag","embeddable":true,"href":"https:\/\/creadivo.md\/ru\/wp-json\/wp\/v2\/product_tag?post=47932"}],"curies":[{"name":"wp","href":"https:\/\/api.w.org\/{rel}","templated":true}]}}