{"id":47954,"date":"2024-06-10T21:32:12","date_gmt":"2024-06-10T21:32:12","guid":{"rendered":"https:\/\/creadivo.md\/?post_type=product&#038;p=47954"},"modified":"2026-03-28T00:11:58","modified_gmt":"2026-03-28T00:11:58","slug":"lavoar-pe-blat-kelly-mini","status":"publish","type":"product","link":"https:\/\/creadivo.md\/ru\/product\/lavoar-pe-blat-kelly-mini\/","title":{"rendered":"\u0423\u041c\u042b\u0412\u0410\u041b\u042c\u041d\u0418\u041a KELLY MINI"},"content":{"rendered":"<p>Oferim chiuveta de blat Kelly Mini inovatoare \u0219i func\u021bional\u0103, care captiveaz\u0103 de fiecare dat\u0103 prin linia sa sub\u021bire. Lavoarul este blat, deci poate fi montat pe blat sau dulap. Pentru produc\u021bie a fost folosit\u0103 ceramic\u0103 sanitar\u0103 de cea mai \u00eenalt\u0103 calitate de culoare alb\u0103 ca z\u0103pada. Aspectul s\u0103u extraordinar se va potrivi perfect \u00een orice baie.<\/p>\n<div style=\"margin: 20px 0;\"><div class=\"qrcswholewtapper\" style=\"text-align:left;\"><div class=\"qrcprowrapper\"  id=\"qrcwraa2leds\"><div class=\"qrc_canvass\" id=\"qrc_cuttenpages_2\" style=\"display:inline-block\" data-text=\"https:\/\/creadivo.md\/ru\/product\/lavoar-pe-blat-kelly-mini\/\"><\/div><\/div><\/div><\/div>","protected":false},"excerpt":{"rendered":"<p>Oferim chiuveta de blat Kelly Mini inovatoare \u0219i func\u021bional\u0103, care captiveaz\u0103 de fiecare dat\u0103 prin linia sa sub\u021bire. Lavoarul este<\/p>","protected":false},"featured_media":47955,"template":"","meta":[],"product_brand":[],"product_cat":[21,286],"product_tag":[],"class_list":{"0":"post-47954","1":"product","2":"type-product","3":"status-publish","4":"has-post-thumbnail","6":"product_cat-lavoare","7":"product_cat-lavoar-pe-blat","8":"pa_gaura-baterie-da","9":"pa_gaura-de-deversare-nu","10":"pa_marimea-410x310x130mm","12":"first","13":"instock","14":"purchasable","15":"product-type-simple"},"_links":{"self":[{"href":"https:\/\/creadivo.md\/ru\/wp-json\/wp\/v2\/product\/47954","targetHints":{"allow":["GET"]}}],"collection":[{"href":"https:\/\/creadivo.md\/ru\/wp-json\/wp\/v2\/product"}],"about":[{"href":"https:\/\/creadivo.md\/ru\/wp-json\/wp\/v2\/types\/product"}],"version-history":[{"count":1,"href":"https:\/\/creadivo.md\/ru\/wp-json\/wp\/v2\/product\/47954\/revisions"}],"predecessor-version":[{"id":62430,"href":"https:\/\/creadivo.md\/ru\/wp-json\/wp\/v2\/product\/47954\/revisions\/62430"}],"wp:featuredmedia":[{"embeddable":true,"href":"https:\/\/creadivo.md\/ru\/wp-json\/wp\/v2\/media\/47955"}],"wp:attachment":[{"href":"https:\/\/creadivo.md\/ru\/wp-json\/wp\/v2\/media?parent=47954"}],"wp:term":[{"taxonomy":"product_brand","embeddable":true,"href":"https:\/\/creadivo.md\/ru\/wp-json\/wp\/v2\/product_brand?post=47954"},{"taxonomy":"product_cat","embeddable":true,"href":"https:\/\/creadivo.md\/ru\/wp-json\/wp\/v2\/product_cat?post=47954"},{"taxonomy":"product_tag","embeddable":true,"href":"https:\/\/creadivo.md\/ru\/wp-json\/wp\/v2\/product_tag?post=47954"}],"curies":[{"name":"wp","href":"https:\/\/api.w.org\/{rel}","templated":true}]}}