{"id":47978,"date":"2024-06-10T21:32:44","date_gmt":"2024-06-10T21:32:44","guid":{"rendered":"https:\/\/creadivo.md\/?post_type=product&#038;p=47978"},"modified":"2024-12-19T02:31:45","modified_gmt":"2024-12-19T02:31:45","slug":"coloana-de-dus-roger-gold","status":"publish","type":"product","link":"https:\/\/creadivo.md\/ru\/product\/coloana-de-dus-roger-gold\/","title":{"rendered":"\u0414\u0423\u0428\u0415\u0412\u0410\u042f \u0421\u0422\u041e\u0419\u041a\u0410 ROGER GOLD"},"content":{"rendered":"<p>Setul de du\u0219 Roger a fost conceput pentru confort \u0219i func\u021bionalitate. \u00cen produc\u021bia setului nostru, am folosit cele mai bune tehnologii de v\u00e2rf pentru a garanta siguran\u021b\u0103 \u0219i confort maxim \u00een utilizarea de zi cu zi. Designul modern \u0219i unic \u0219i calitatea \u00eenalt\u0103 a materialelor utilizate garanteaz\u0103 durabilitate \u0219i fiabilitate pentru mul\u021bi ani.<\/p>\n<p>Setul este auriu, cea mai la mod\u0103 culoare \u0219i o tendin\u021b\u0103 de v\u00e2rf \u00een amenaj\u0103rile b\u0103ii. Roger este echipat cu o duz\u0103 minimalist\u0103 care este mobil\u0103. Acest lucru \u00eel face incredibil de practic, p\u0103str\u00e2nd \u00een acela\u0219i timp designul s\u0103u unic.<\/p>\n<div style=\"margin: 20px 0;\"><div class=\"qrcswholewtapper\" style=\"text-align:left;\"><div class=\"qrcprowrapper\"  id=\"qrcwraa2leds\"><div class=\"qrc_canvass\" id=\"qrc_cuttenpages_2\" style=\"display:inline-block\" data-text=\"https:\/\/creadivo.md\/ru\/product\/coloana-de-dus-roger-gold\/\"><\/div><\/div><\/div><\/div>","protected":false},"excerpt":{"rendered":"<p>Setul de du\u0219 Roger a fost conceput pentru confort \u0219i func\u021bionalitate. \u00cen produc\u021bia setului nostru, am folosit cele mai bune<\/p>","protected":false},"featured_media":47979,"template":"","meta":[],"product_brand":[],"product_cat":[100,2085],"product_tag":[],"class_list":{"0":"post-47978","1":"product","2":"type-product","3":"status-publish","4":"has-post-thumbnail","6":"product_cat-coloane-de-dus","7":"product_cat-sisteme-de-dus","8":"pa_cap-ceramica-cu-mixer","9":"pa_conexiune-1-2-inch","10":"pa_inaltime-835-1185mm","11":"pa_informatii-suplimentare-sistem-anti-calc-rotula-permite-orice-pozitionare-a-dusului-de-ploaie","12":"pa_instalare-montat-la-suprafata","14":"first","15":"instock","16":"purchasable","17":"product-type-simple"},"_links":{"self":[{"href":"https:\/\/creadivo.md\/ru\/wp-json\/wp\/v2\/product\/47978","targetHints":{"allow":["GET"]}}],"collection":[{"href":"https:\/\/creadivo.md\/ru\/wp-json\/wp\/v2\/product"}],"about":[{"href":"https:\/\/creadivo.md\/ru\/wp-json\/wp\/v2\/types\/product"}],"version-history":[{"count":1,"href":"https:\/\/creadivo.md\/ru\/wp-json\/wp\/v2\/product\/47978\/revisions"}],"predecessor-version":[{"id":64247,"href":"https:\/\/creadivo.md\/ru\/wp-json\/wp\/v2\/product\/47978\/revisions\/64247"}],"wp:featuredmedia":[{"embeddable":true,"href":"https:\/\/creadivo.md\/ru\/wp-json\/wp\/v2\/media\/47979"}],"wp:attachment":[{"href":"https:\/\/creadivo.md\/ru\/wp-json\/wp\/v2\/media?parent=47978"}],"wp:term":[{"taxonomy":"product_brand","embeddable":true,"href":"https:\/\/creadivo.md\/ru\/wp-json\/wp\/v2\/product_brand?post=47978"},{"taxonomy":"product_cat","embeddable":true,"href":"https:\/\/creadivo.md\/ru\/wp-json\/wp\/v2\/product_cat?post=47978"},{"taxonomy":"product_tag","embeddable":true,"href":"https:\/\/creadivo.md\/ru\/wp-json\/wp\/v2\/product_tag?post=47978"}],"curies":[{"name":"wp","href":"https:\/\/api.w.org\/{rel}","templated":true}]}}