{"id":48034,"date":"2024-06-10T21:34:34","date_gmt":"2024-06-10T21:34:34","guid":{"rendered":"https:\/\/creadivo.md\/?post_type=product&#038;p=48034"},"modified":"2025-08-31T19:39:00","modified_gmt":"2025-08-31T19:39:00","slug":"rigola-dus-pure-neo-mirror-gold-pro-900","status":"publish","type":"product","link":"https:\/\/creadivo.md\/ru\/product\/rigola-dus-pure-neo-mirror-gold-pro-900\/","title":{"rendered":"\u0422\u0420\u0410\u041f \u0414\u041b\u042f \u0414\u0423\u0428\u0410 PURE NEO MIRROR GOLD PRO 900"},"content":{"rendered":"<p>Rigola de du\u0219 Pure Neo Pro Mirror Gold este unul dintre cele mai bune scurgeri liniare ale noastre, realizat din o\u021bel inoxidabil Aisi 304 de \u00eenalt\u0103 calitate. \u00eentr-un loc nestandard. Capacul din scurgerea Pure Neo Pro este cu dou\u0103 fe\u021be, a\u0219a c\u0103 putem alege dou\u0103 finisaje &#8211; o suprafa\u021b\u0103 aurie oglind\u0103 sau o gresie lipit\u0103, care ne permite s\u0103 potrivim tipul de finisaj pentru fiecare baie.<\/p>\n<p>Sifonul Pure Neo Pro este disponibil \u00een patru dimensiuni pentru a se potrivi perfect cabinei de du\u0219 sau u\u0219ii pe care o ve\u021bi g\u0103si \u00een oferta noastr\u0103.<\/p>\n<div style=\"margin: 20px 0;\"><div class=\"qrcswholewtapper\" style=\"text-align:left;\"><div class=\"qrcprowrapper\"  id=\"qrcwraa2leds\"><div class=\"qrc_canvass\" id=\"qrc_cuttenpages_2\" style=\"display:inline-block\" data-text=\"https:\/\/creadivo.md\/ru\/product\/rigola-dus-pure-neo-mirror-gold-pro-900\/\"><\/div><\/div><\/div><\/div>","protected":false},"excerpt":{"rendered":"<p>Rigola de du\u0219 Pure Neo Pro Mirror Gold este unul dintre cele mai bune scurgeri liniare ale noastre, realizat din<\/p>","protected":false},"featured_media":48035,"template":"","meta":[],"product_brand":[],"product_cat":[102],"product_tag":[],"class_list":{"0":"post-48034","1":"product","2":"type-product","3":"status-publish","4":"has-post-thumbnail","6":"product_cat-sifoane-si-rigole","7":"pa_canelura-cu-doua-fete","8":"pa_capacitate-sifon-045-l-s","9":"pa_grosimea-rigoalului-inferior-12-mm","10":"pa_informatii-suplimentare-are-o-capcana-detasabila-pentru-murdarie","11":"pa_tip-de-sifon-rotativ-360","13":"first","14":"outofstock","15":"purchasable","16":"product-type-simple"},"_links":{"self":[{"href":"https:\/\/creadivo.md\/ru\/wp-json\/wp\/v2\/product\/48034","targetHints":{"allow":["GET"]}}],"collection":[{"href":"https:\/\/creadivo.md\/ru\/wp-json\/wp\/v2\/product"}],"about":[{"href":"https:\/\/creadivo.md\/ru\/wp-json\/wp\/v2\/types\/product"}],"version-history":[{"count":0,"href":"https:\/\/creadivo.md\/ru\/wp-json\/wp\/v2\/product\/48034\/revisions"}],"wp:featuredmedia":[{"embeddable":true,"href":"https:\/\/creadivo.md\/ru\/wp-json\/wp\/v2\/media\/48035"}],"wp:attachment":[{"href":"https:\/\/creadivo.md\/ru\/wp-json\/wp\/v2\/media?parent=48034"}],"wp:term":[{"taxonomy":"product_brand","embeddable":true,"href":"https:\/\/creadivo.md\/ru\/wp-json\/wp\/v2\/product_brand?post=48034"},{"taxonomy":"product_cat","embeddable":true,"href":"https:\/\/creadivo.md\/ru\/wp-json\/wp\/v2\/product_cat?post=48034"},{"taxonomy":"product_tag","embeddable":true,"href":"https:\/\/creadivo.md\/ru\/wp-json\/wp\/v2\/product_tag?post=48034"}],"curies":[{"name":"wp","href":"https:\/\/api.w.org\/{rel}","templated":true}]}}