{"id":48115,"date":"2024-06-10T21:36:25","date_gmt":"2024-06-10T21:36:25","guid":{"rendered":"https:\/\/creadivo.md\/?post_type=product&#038;p=48115"},"modified":"2026-04-07T00:12:20","modified_gmt":"2026-04-07T00:12:20","slug":"lavoar-din-conglomerat-goya-60-black","status":"publish","type":"product","link":"https:\/\/creadivo.md\/ru\/product\/lavoar-din-conglomerat-goya-60-black\/","title":{"rendered":"\u041f\u041e\u0414\u0412\u0415\u0421\u041d\u041e\u0419 \u0423\u041c\u042b\u0412\u0410\u041b\u042c\u041d\u0418\u041a GOYA 60 BLACK"},"content":{"rendered":"<p>V\u0103 prezent\u0103m un lavoar frumos, extrem de func\u021bional \u0219i modern. Este un produs care v\u0103 va umple perfect spa\u021biul din baie, men\u021bin\u00e2nd \u00een acela\u0219i timp aspectul \u0219i estetica impecabile a interiorului. Lavoarul este fabricat din conglomerat negru de \u00eenalt\u0103 calitate. Chiuveta poate fi ag\u0103\u021bat\u0103 sau montat\u0103 direct pe blat.<\/p>\n<div style=\"margin: 20px 0;\"><div class=\"qrcswholewtapper\" style=\"text-align:left;\"><div class=\"qrcprowrapper\"  id=\"qrcwraa2leds\"><div class=\"qrc_canvass\" id=\"qrc_cuttenpages_2\" style=\"display:inline-block\" data-text=\"https:\/\/creadivo.md\/ru\/product\/lavoar-din-conglomerat-goya-60-black\/\"><\/div><\/div><\/div><\/div>","protected":false},"excerpt":{"rendered":"<p>V\u0103 prezent\u0103m un lavoar frumos, extrem de func\u021bional \u0219i modern. Este un produs care v\u0103 va umple perfect spa\u021biul din<\/p>","protected":false},"featured_media":48116,"template":"","meta":[],"product_brand":[],"product_cat":[21,286],"product_tag":[],"class_list":{"0":"post-48115","1":"product","2":"type-product","3":"status-publish","4":"has-post-thumbnail","6":"product_cat-lavoare","7":"product_cat-lavoar-pe-blat","8":"pa_gaura-baterie-da","9":"pa_gaura-de-deversare-nu","10":"pa_marimea-600x370x100mm","12":"first","13":"instock","14":"purchasable","15":"product-type-simple"},"_links":{"self":[{"href":"https:\/\/creadivo.md\/ru\/wp-json\/wp\/v2\/product\/48115","targetHints":{"allow":["GET"]}}],"collection":[{"href":"https:\/\/creadivo.md\/ru\/wp-json\/wp\/v2\/product"}],"about":[{"href":"https:\/\/creadivo.md\/ru\/wp-json\/wp\/v2\/types\/product"}],"version-history":[{"count":1,"href":"https:\/\/creadivo.md\/ru\/wp-json\/wp\/v2\/product\/48115\/revisions"}],"predecessor-version":[{"id":62429,"href":"https:\/\/creadivo.md\/ru\/wp-json\/wp\/v2\/product\/48115\/revisions\/62429"}],"wp:featuredmedia":[{"embeddable":true,"href":"https:\/\/creadivo.md\/ru\/wp-json\/wp\/v2\/media\/48116"}],"wp:attachment":[{"href":"https:\/\/creadivo.md\/ru\/wp-json\/wp\/v2\/media?parent=48115"}],"wp:term":[{"taxonomy":"product_brand","embeddable":true,"href":"https:\/\/creadivo.md\/ru\/wp-json\/wp\/v2\/product_brand?post=48115"},{"taxonomy":"product_cat","embeddable":true,"href":"https:\/\/creadivo.md\/ru\/wp-json\/wp\/v2\/product_cat?post=48115"},{"taxonomy":"product_tag","embeddable":true,"href":"https:\/\/creadivo.md\/ru\/wp-json\/wp\/v2\/product_tag?post=48115"}],"curies":[{"name":"wp","href":"https:\/\/api.w.org\/{rel}","templated":true}]}}