{"id":48136,"date":"2024-06-10T21:37:14","date_gmt":"2024-06-10T21:37:14","guid":{"rendered":"https:\/\/creadivo.md\/?post_type=product&#038;p=48136"},"modified":"2026-04-08T00:12:15","modified_gmt":"2026-04-08T00:12:15","slug":"paravan-de-dus-molier-chrome-90","status":"publish","type":"product","link":"https:\/\/creadivo.md\/ru\/product\/paravan-de-dus-molier-chrome-90\/","title":{"rendered":"\u0414\u0423\u0428\u0415\u0412\u0410\u042f \u0421\u0422\u0415\u041d\u041a\u0410 MOLIER CHROME 90"},"content":{"rendered":"<p>V\u0103 prezent\u0103m un model exclusiv de cabin\u0103 de du\u0219 din sticl\u0103 securizat\u0103 Crystal Clear de \u00eenalt\u0103 calitate, cu un strat Easy Clean aplicat cu laser. Profilul \u00eel defini\u021bi singur \u00eenainte de instalare.<\/p>\n<p>La proiectarea acestui model am folosit forme \u0219i forme simple, cre\u00e2nd u\u0219i cu o intrare confortabil\u0103 \u0219i larg\u0103 la du\u0219. Designul unic f\u0103r\u0103 cadru \u0219i capacitatea de a plia u\u0219ile pe perete fac ca cabinele Moli\u00e8re s\u0103 economiseasc\u0103 spa\u021biu \u0219i s\u0103 fie o solu\u021bie ideal\u0103 pentru orice baie.<\/p>\n<p>Modelul Moli\u00e8re va fi perfect nu doar pentru b\u0103ile moderne axate pe minimalism, ci \u0219i pentru interioare clasice \u0219i de bun gust.<\/p>\n<p>Cabina este adaptat\u0103 pentru instalarea pe podea cu scurgere liniar\u0103 \u0219i pe o cad\u0103 de du\u0219.<\/p>\n<div style=\"margin: 20px 0;\"><div class=\"qrcswholewtapper\" style=\"text-align:left;\"><div class=\"qrcprowrapper\"  id=\"qrcwraa2leds\"><div class=\"qrc_canvass\" id=\"qrc_cuttenpages_2\" style=\"display:inline-block\" data-text=\"https:\/\/creadivo.md\/ru\/product\/paravan-de-dus-molier-chrome-90\/\"><\/div><\/div><\/div><\/div>","protected":false},"excerpt":{"rendered":"<p>V\u0103 prezent\u0103m un model exclusiv de cabin\u0103 de du\u0219 din sticl\u0103 securizat\u0103 Crystal Clear de \u00eenalt\u0103 calitate, cu un strat<\/p>","protected":false},"featured_media":48137,"template":"","meta":[],"product_brand":[],"product_cat":[24,297],"product_tag":[],"class_list":{"0":"post-48136","1":"product","2":"type-product","3":"status-publish","4":"has-post-thumbnail","6":"product_cat-cabine-de-dus","7":"product_cat-paravan-pentru-dus","8":"pa_acoperire-usor-de-curatat","9":"pa_directia-de-instalare-universal","10":"pa_grosime-de-sticla-6-mm-intarit","11":"pa_inaltime-190-cm","12":"pa_informatii-suplimentare-usile-se-deschid-spre-exterior-si-spre-interior","13":"pa_instalare-pe-cabina-de-dus-sau-direct-pe-podea","14":"pa_nota-de-instalare-pentru-a-crea-o-cabina-molier-selectati-orice-dimensiune-de-usa-si-perete-molier","15":"pa_tip-cabina-colt-pliabil","17":"first","18":"instock","19":"purchasable","20":"product-type-simple"},"_links":{"self":[{"href":"https:\/\/creadivo.md\/ru\/wp-json\/wp\/v2\/product\/48136","targetHints":{"allow":["GET"]}}],"collection":[{"href":"https:\/\/creadivo.md\/ru\/wp-json\/wp\/v2\/product"}],"about":[{"href":"https:\/\/creadivo.md\/ru\/wp-json\/wp\/v2\/types\/product"}],"version-history":[{"count":0,"href":"https:\/\/creadivo.md\/ru\/wp-json\/wp\/v2\/product\/48136\/revisions"}],"wp:featuredmedia":[{"embeddable":true,"href":"https:\/\/creadivo.md\/ru\/wp-json\/wp\/v2\/media\/48137"}],"wp:attachment":[{"href":"https:\/\/creadivo.md\/ru\/wp-json\/wp\/v2\/media?parent=48136"}],"wp:term":[{"taxonomy":"product_brand","embeddable":true,"href":"https:\/\/creadivo.md\/ru\/wp-json\/wp\/v2\/product_brand?post=48136"},{"taxonomy":"product_cat","embeddable":true,"href":"https:\/\/creadivo.md\/ru\/wp-json\/wp\/v2\/product_cat?post=48136"},{"taxonomy":"product_tag","embeddable":true,"href":"https:\/\/creadivo.md\/ru\/wp-json\/wp\/v2\/product_tag?post=48136"}],"curies":[{"name":"wp","href":"https:\/\/api.w.org\/{rel}","templated":true}]}}