{"id":48149,"date":"2024-06-10T21:37:37","date_gmt":"2024-06-10T21:37:37","guid":{"rendered":"https:\/\/creadivo.md\/?post_type=product&#038;p=48149"},"modified":"2026-04-08T00:12:16","modified_gmt":"2026-04-08T00:12:16","slug":"usa-de-dus-molier-black-80","status":"publish","type":"product","link":"https:\/\/creadivo.md\/ru\/product\/usa-de-dus-molier-black-80\/","title":{"rendered":"\u0414\u0423\u0428\u0415\u0412\u0410\u042f \u0414\u0412\u0415\u0420\u042c MOLIER BLACK 80"},"content":{"rendered":"<p>V\u0103 prezent\u0103m un model exclusiv de u\u0219i de du\u0219 din sticl\u0103 securizat\u0103 Crystal Clear de \u00eenalt\u0103 calitate, cu un strat Easy Clean aplicat cu laser. \u00cenveli\u0219ul u\u0219ii a fost aplicat pe ambele p\u0103r\u021bi, astfel \u00eenc\u00e2t u\u0219a poate fi instalat\u0103 at\u00e2t pe partea dreapt\u0103, c\u00e2t \u0219i pe partea st\u00e2ng\u0103. Profilul \u00eel defini\u021bi singur \u00eenainte de instalare.<\/p>\n<p>La proiectarea acestui model am folosit forme \u0219i forme simple, cre\u00e2nd u\u0219i cu o intrare confortabil\u0103 \u0219i larg\u0103 la du\u0219. Designul unic f\u0103r\u0103 rame \u0219i capacitatea de a plia u\u0219a pe perete fac ca u\u0219ile Moli\u00e8re s\u0103 economiseasc\u0103 spa\u021biu \u0219i s\u0103 fie o solu\u021bie ideal\u0103 pentru orice baie.<\/p>\n<p>Modelul Moli\u00e8re va fi perfect nu doar pentru b\u0103ile moderne axate pe minimalism, ci \u0219i pentru interioare clasice \u0219i de bun gust.<\/p>\n<p>Culoarea neagr\u0103 se aplic\u0103 \u00een timpul procesului de produc\u021bie \u0219i apoi se \u00eent\u0103re\u0219te de dou\u0103 ori \u00eempreun\u0103 cu frunza la o temperatur\u0103 de 600-800\u00b0C. Acest lucru garanteaz\u0103 durabilitate 100% \u0219i rezisten\u021b\u0103 la zg\u00e2rieturi \u0219i deterior\u0103ri mecanice. Aceasta este singura metod\u0103 care asigur\u0103 cea mai \u00eenalt\u0103 calitate \u0219i durabilitate.<\/p>\n<p>U\u0219a este potrivit\u0103 pentru instalarea pe o pardoseal\u0103 cu scurgere liniar\u0103 \u0219i pe o cad\u0103 de du\u0219.<\/p>\n<div style=\"margin: 20px 0;\"><div class=\"qrcswholewtapper\" style=\"text-align:left;\"><div class=\"qrcprowrapper\"  id=\"qrcwraa2leds\"><div class=\"qrc_canvass\" id=\"qrc_cuttenpages_2\" style=\"display:inline-block\" data-text=\"https:\/\/creadivo.md\/ru\/product\/usa-de-dus-molier-black-80\/\"><\/div><\/div><\/div><\/div>","protected":false},"excerpt":{"rendered":"<p>V\u0103 prezent\u0103m un model exclusiv de u\u0219i de du\u0219 din sticl\u0103 securizat\u0103 Crystal Clear de \u00eenalt\u0103 calitate, cu un strat<\/p>","protected":false},"featured_media":48150,"template":"","meta":[],"product_brand":[],"product_cat":[24,1335],"product_tag":[],"class_list":{"0":"post-48149","1":"product","2":"type-product","3":"status-publish","4":"has-post-thumbnail","6":"product_cat-cabine-de-dus","7":"product_cat-usi-pentru-cabine-de-dus","8":"pa_acoperire-usor-curatat","9":"pa_grosime-de-sticla-6-mm-intarit","10":"pa_inaltime-190-cm","11":"pa_informatii-suplimentare-usile-se-deschid-spre-exterior-si-spre-interior","12":"pa_instalare-pe-cabina-de-dus-sau-direct-pe-podea","13":"pa_nota-de-instalare-pentru-configuratia-usa-in-adancime-este-necesara-o-banda-magnetica-rea-k6395","14":"pa_posibilitate-de-prelungire-da-adaptor-dedicat-rea-k6000","15":"pa_tip-de-usa-pliere","17":"first","18":"instock","19":"purchasable","20":"product-type-simple"},"_links":{"self":[{"href":"https:\/\/creadivo.md\/ru\/wp-json\/wp\/v2\/product\/48149","targetHints":{"allow":["GET"]}}],"collection":[{"href":"https:\/\/creadivo.md\/ru\/wp-json\/wp\/v2\/product"}],"about":[{"href":"https:\/\/creadivo.md\/ru\/wp-json\/wp\/v2\/types\/product"}],"version-history":[{"count":0,"href":"https:\/\/creadivo.md\/ru\/wp-json\/wp\/v2\/product\/48149\/revisions"}],"wp:featuredmedia":[{"embeddable":true,"href":"https:\/\/creadivo.md\/ru\/wp-json\/wp\/v2\/media\/48150"}],"wp:attachment":[{"href":"https:\/\/creadivo.md\/ru\/wp-json\/wp\/v2\/media?parent=48149"}],"wp:term":[{"taxonomy":"product_brand","embeddable":true,"href":"https:\/\/creadivo.md\/ru\/wp-json\/wp\/v2\/product_brand?post=48149"},{"taxonomy":"product_cat","embeddable":true,"href":"https:\/\/creadivo.md\/ru\/wp-json\/wp\/v2\/product_cat?post=48149"},{"taxonomy":"product_tag","embeddable":true,"href":"https:\/\/creadivo.md\/ru\/wp-json\/wp\/v2\/product_tag?post=48149"}],"curies":[{"name":"wp","href":"https:\/\/api.w.org\/{rel}","templated":true}]}}