{"id":48165,"date":"2024-06-10T21:37:53","date_gmt":"2024-06-10T21:37:53","guid":{"rendered":"https:\/\/creadivo.md\/?post_type=product&#038;p=48165"},"modified":"2026-04-10T00:11:50","modified_gmt":"2026-04-10T00:11:50","slug":"usa-de-dus-molier-chrome-80","status":"publish","type":"product","link":"https:\/\/creadivo.md\/ru\/product\/usa-de-dus-molier-chrome-80\/","title":{"rendered":"\u0414\u0423\u0428\u0415\u0412\u0410\u042f \u0414\u0412\u0415\u0420\u042c MOLIER CHROME 80"},"content":{"rendered":"<p>V\u0103 prezent\u0103m un model exclusiv de u\u0219i de du\u0219 din sticl\u0103 securizat\u0103 Crystal Clear de \u00eenalt\u0103 calitate, cu un strat Easy Clean aplicat cu laser. U\u0219a poate fi montat\u0103 at\u00e2t pe partea dreapt\u0103 c\u00e2t \u0219i pe partea st\u00e2ng\u0103. Profilul \u00eel defini\u021bi singur \u00eenainte de instalare.<\/p>\n<p>La proiectarea acestui model am folosit forme \u0219i forme simple, cre\u00e2nd u\u0219i cu o intrare confortabil\u0103 \u0219i larg\u0103 la du\u0219. Designul unic f\u0103r\u0103 cadru \u0219i capacitatea de a plia u\u0219a pe perete \u00eenseamn\u0103 c\u0103 u\u0219ile Moli\u00e8re economisesc spa\u021biu \u0219i sunt o solu\u021bie ideal\u0103 pentru orice baie.<\/p>\n<p>Modelul Moli\u00e8re va fi perfect nu doar pentru b\u0103ile moderne axate pe minimalism, ci \u0219i pentru interioare clasice \u0219i de bun gust.<\/p>\n<p>U\u0219a este potrivit\u0103 pentru instalarea pe podea cu scurgere liniar\u0103 \u0219i pe o cad\u0103 de du\u0219.<\/p>\n<div style=\"margin: 20px 0;\"><div class=\"qrcswholewtapper\" style=\"text-align:left;\"><div class=\"qrcprowrapper\"  id=\"qrcwraa2leds\"><div class=\"qrc_canvass\" id=\"qrc_cuttenpages_2\" style=\"display:inline-block\" data-text=\"https:\/\/creadivo.md\/ru\/product\/usa-de-dus-molier-chrome-80\/\"><\/div><\/div><\/div><\/div>","protected":false},"excerpt":{"rendered":"<p>V\u0103 prezent\u0103m un model exclusiv de u\u0219i de du\u0219 din sticl\u0103 securizat\u0103 Crystal Clear de \u00eenalt\u0103 calitate, cu un strat<\/p>","protected":false},"featured_media":48166,"template":"","meta":[],"product_brand":[],"product_cat":[24,1335],"product_tag":[],"class_list":{"0":"post-48165","1":"product","2":"type-product","3":"status-publish","4":"has-post-thumbnail","6":"product_cat-cabine-de-dus","7":"product_cat-usi-pentru-cabine-de-dus","8":"pa_acoperire-usor-curatat","9":"pa_grosime-de-sticla-6-mm-intarit","10":"pa_inaltime-190-cm","11":"pa_informatii-suplimentare-usile-se-deschid-spre-exterior-si-spre-interior","12":"pa_instalare-pe-cabina-de-dus-sau-direct-pe-podea","13":"pa_nota-de-instalare-pentru-configuratia-usa-in-adancime-este-necesara-o-banda-magnetica-rea-k3261","14":"pa_posibilitate-de-prelungire-da-adaptor-dedicat-rea-k7512","15":"pa_tip-de-usa-pliere","17":"first","18":"instock","19":"purchasable","20":"product-type-simple"},"_links":{"self":[{"href":"https:\/\/creadivo.md\/ru\/wp-json\/wp\/v2\/product\/48165","targetHints":{"allow":["GET"]}}],"collection":[{"href":"https:\/\/creadivo.md\/ru\/wp-json\/wp\/v2\/product"}],"about":[{"href":"https:\/\/creadivo.md\/ru\/wp-json\/wp\/v2\/types\/product"}],"version-history":[{"count":0,"href":"https:\/\/creadivo.md\/ru\/wp-json\/wp\/v2\/product\/48165\/revisions"}],"wp:featuredmedia":[{"embeddable":true,"href":"https:\/\/creadivo.md\/ru\/wp-json\/wp\/v2\/media\/48166"}],"wp:attachment":[{"href":"https:\/\/creadivo.md\/ru\/wp-json\/wp\/v2\/media?parent=48165"}],"wp:term":[{"taxonomy":"product_brand","embeddable":true,"href":"https:\/\/creadivo.md\/ru\/wp-json\/wp\/v2\/product_brand?post=48165"},{"taxonomy":"product_cat","embeddable":true,"href":"https:\/\/creadivo.md\/ru\/wp-json\/wp\/v2\/product_cat?post=48165"},{"taxonomy":"product_tag","embeddable":true,"href":"https:\/\/creadivo.md\/ru\/wp-json\/wp\/v2\/product_tag?post=48165"}],"curies":[{"name":"wp","href":"https:\/\/api.w.org\/{rel}","templated":true}]}}