{"id":48181,"date":"2024-06-10T21:38:25","date_gmt":"2024-06-10T21:38:25","guid":{"rendered":"https:\/\/creadivo.md\/?post_type=product&#038;p=48181"},"modified":"2026-04-11T00:11:44","modified_gmt":"2026-04-11T00:11:44","slug":"profil-magnetic-pentru-usi-de-dus-molier-chrome-190cm","status":"publish","type":"product","link":"https:\/\/creadivo.md\/ru\/product\/profil-magnetic-pentru-usi-de-dus-molier-chrome-190cm\/","title":{"rendered":"\u041c\u0410\u0413\u041d\u0418\u0422\u041d\u042b\u0419 \u041f\u0420\u041e\u0424\u0418\u041b\u042c \u0414\u041b\u042f \u0414\u0423\u0428\u0415\u0412\u041e\u0419 \u041a\u0410\u0411\u0418\u041d\u042b MOLIER CHROME 190cm"},"content":{"rendered":"<p>Oferim profil de inchidere magnetica pentru cabina de dus sau usa Moli\u00e8re. Garnitura este realizat\u0103 din PVC de \u00eenalt\u0103 calitate \u0219i magneziu, cu o rezisten\u021b\u0103 de 22N\/cm. Profil pentru montare pe perete sau perete fix. Domeniu de reglare pe profile de p\u00e2n\u0103 la 15 mm.<\/p>\n<div style=\"margin: 20px 0;\"><div class=\"qrcswholewtapper\" style=\"text-align:left;\"><div class=\"qrcprowrapper\"  id=\"qrcwraa2leds\"><div class=\"qrc_canvass\" id=\"qrc_cuttenpages_2\" style=\"display:inline-block\" data-text=\"https:\/\/creadivo.md\/ru\/product\/profil-magnetic-pentru-usi-de-dus-molier-chrome-190cm\/\"><\/div><\/div><\/div><\/div>","protected":false},"excerpt":{"rendered":"<p>Oferim profil de inchidere magnetica pentru cabina de dus sau usa Moli\u00e8re. Garnitura este realizat\u0103 din PVC de \u00eenalt\u0103 calitate<\/p>","protected":false},"featured_media":48182,"template":"","meta":[],"product_brand":[],"product_cat":[109,27],"product_tag":[],"class_list":{"0":"post-48181","1":"product","2":"type-product","3":"status-publish","4":"has-post-thumbnail","6":"product_cat-instalatii-sanitare-wc","7":"product_cat-accesorii-pentru-casa","8":"pa_aplicare-usi-cromate-moliere","9":"pa_marimea-37x23x1900mm","10":"pa_reglarea-largarii-pana-la-15-mm","12":"first","13":"instock","14":"purchasable","15":"product-type-simple"},"_links":{"self":[{"href":"https:\/\/creadivo.md\/ru\/wp-json\/wp\/v2\/product\/48181","targetHints":{"allow":["GET"]}}],"collection":[{"href":"https:\/\/creadivo.md\/ru\/wp-json\/wp\/v2\/product"}],"about":[{"href":"https:\/\/creadivo.md\/ru\/wp-json\/wp\/v2\/types\/product"}],"version-history":[{"count":0,"href":"https:\/\/creadivo.md\/ru\/wp-json\/wp\/v2\/product\/48181\/revisions"}],"wp:featuredmedia":[{"embeddable":true,"href":"https:\/\/creadivo.md\/ru\/wp-json\/wp\/v2\/media\/48182"}],"wp:attachment":[{"href":"https:\/\/creadivo.md\/ru\/wp-json\/wp\/v2\/media?parent=48181"}],"wp:term":[{"taxonomy":"product_brand","embeddable":true,"href":"https:\/\/creadivo.md\/ru\/wp-json\/wp\/v2\/product_brand?post=48181"},{"taxonomy":"product_cat","embeddable":true,"href":"https:\/\/creadivo.md\/ru\/wp-json\/wp\/v2\/product_cat?post=48181"},{"taxonomy":"product_tag","embeddable":true,"href":"https:\/\/creadivo.md\/ru\/wp-json\/wp\/v2\/product_tag?post=48181"}],"curies":[{"name":"wp","href":"https:\/\/api.w.org\/{rel}","templated":true}]}}