{"id":48214,"date":"2024-06-10T21:39:01","date_gmt":"2024-06-10T21:39:01","guid":{"rendered":"https:\/\/creadivo.md\/?post_type=product&#038;p=48214"},"modified":"2026-04-11T00:11:45","modified_gmt":"2026-04-11T00:11:45","slug":"lavoar-pe-blat-margot-black-gold","status":"publish","type":"product","link":"https:\/\/creadivo.md\/ru\/product\/lavoar-pe-blat-margot-black-gold\/","title":{"rendered":"\u0423\u041c\u042b\u0412\u0410\u041b\u042c\u041d\u0418\u041a MARGOT BLACK GOLD"},"content":{"rendered":"<p>V\u0103 prezent\u0103m o lavoar frumoas\u0103, modern\u0103 \u0219i extrem de func\u021bional\u0103 din ultima colec\u021bie, care captiveaz\u0103 prin linia perfect\u0103 \u0219i forma perfect\u0103.<\/p>\n<p>Acesta este un produs care \u00ee\u021bi va umple perfect spa\u021biul de baie, p\u0103str\u00e2nd \u00een acela\u0219i timp aspectul \u0219i estetica impecabile a interiorului. Vasul este acoperit cu o frumoas\u0103 culoare aurie cu un motiv vegetal, care contrasteaz\u0103 cu culoarea neagr\u0103.<\/p>\n<p>Lavoarul este conceput pentru a fi montat pe blat sau \u00eentr-un dulap. Este realizat din ceramic\u0103 sanitar\u0103 de \u00eenalt\u0103 calitate. Datorit\u0103 unei faze speciale de produc\u021bie, este durabil \u0219i u\u0219or de p\u0103strat curat.<\/p>\n<p>Pute\u021bi g\u0103si robinete \u0219i sifoane potrivite pentru lavoar la celelalte licita\u021bii ale noastre. V\u0103 invit\u0103m s\u0103 vede\u021bi oferta noastr\u0103.<\/p>\n<div style=\"margin: 20px 0;\"><div class=\"qrcswholewtapper\" style=\"text-align:left;\"><div class=\"qrcprowrapper\"  id=\"qrcwraa2leds\"><div class=\"qrc_canvass\" id=\"qrc_cuttenpages_2\" style=\"display:inline-block\" data-text=\"https:\/\/creadivo.md\/ru\/product\/lavoar-pe-blat-margot-black-gold\/\"><\/div><\/div><\/div><\/div>","protected":false},"excerpt":{"rendered":"<p>V\u0103 prezent\u0103m o lavoar frumoas\u0103, modern\u0103 \u0219i extrem de func\u021bional\u0103 din ultima colec\u021bie, care captiveaz\u0103 prin linia perfect\u0103 \u0219i forma<\/p>","protected":false},"featured_media":48215,"template":"","meta":[],"product_brand":[],"product_cat":[21,286],"product_tag":[],"class_list":{"0":"post-48214","1":"product","2":"type-product","3":"status-publish","4":"has-post-thumbnail","6":"product_cat-lavoare","7":"product_cat-lavoar-pe-blat","8":"pa_gaura-baterie-nu","9":"pa_gaura-de-deversare-nu","10":"pa_marimea-520x400x135mm","12":"first","13":"instock","14":"purchasable","15":"product-type-simple"},"_links":{"self":[{"href":"https:\/\/creadivo.md\/ru\/wp-json\/wp\/v2\/product\/48214","targetHints":{"allow":["GET"]}}],"collection":[{"href":"https:\/\/creadivo.md\/ru\/wp-json\/wp\/v2\/product"}],"about":[{"href":"https:\/\/creadivo.md\/ru\/wp-json\/wp\/v2\/types\/product"}],"version-history":[{"count":0,"href":"https:\/\/creadivo.md\/ru\/wp-json\/wp\/v2\/product\/48214\/revisions"}],"wp:featuredmedia":[{"embeddable":true,"href":"https:\/\/creadivo.md\/ru\/wp-json\/wp\/v2\/media\/48215"}],"wp:attachment":[{"href":"https:\/\/creadivo.md\/ru\/wp-json\/wp\/v2\/media?parent=48214"}],"wp:term":[{"taxonomy":"product_brand","embeddable":true,"href":"https:\/\/creadivo.md\/ru\/wp-json\/wp\/v2\/product_brand?post=48214"},{"taxonomy":"product_cat","embeddable":true,"href":"https:\/\/creadivo.md\/ru\/wp-json\/wp\/v2\/product_cat?post=48214"},{"taxonomy":"product_tag","embeddable":true,"href":"https:\/\/creadivo.md\/ru\/wp-json\/wp\/v2\/product_tag?post=48214"}],"curies":[{"name":"wp","href":"https:\/\/api.w.org\/{rel}","templated":true}]}}