{"id":48233,"date":"2024-06-10T21:39:29","date_gmt":"2024-06-10T21:39:29","guid":{"rendered":"https:\/\/creadivo.md\/?post_type=product&#038;p=48233"},"modified":"2026-04-03T00:11:59","modified_gmt":"2026-04-03T00:11:59","slug":"lavoar-pe-blat-royal-lava-mat","status":"publish","type":"product","link":"https:\/\/creadivo.md\/ru\/product\/lavoar-pe-blat-royal-lava-mat\/","title":{"rendered":"LAVOAR PE BLAT ROYAL LAVA MAT"},"content":{"rendered":"<p>Lavoarul Royal Lava Mat realizat din materiale de \u00eenalt\u0103 calitate va \u00eendeplini cerin\u021bele oamenilor care pre\u021buiesc calitatea. Datorit\u0103 tehnicii \u00een care a fost realizat stratul superior al lavoarului, fiecare pies\u0103 are un model unic \u0219i unic. Acest efect imit\u0103 piatra natural\u0103.<\/p>\n<div style=\"margin: 20px 0;\"><div class=\"qrcswholewtapper\" style=\"text-align:left;\"><div class=\"qrcprowrapper\"  id=\"qrcwraa2leds\"><div class=\"qrc_canvass\" id=\"qrc_cuttenpages_2\" style=\"display:inline-block\" data-text=\"https:\/\/creadivo.md\/ru\/product\/lavoar-pe-blat-royal-lava-mat\/\"><\/div><\/div><\/div><\/div>","protected":false},"excerpt":{"rendered":"<p>Lavoarul Royal Lava Mat realizat din materiale de \u00eenalt\u0103 calitate va \u00eendeplini cerin\u021bele oamenilor care pre\u021buiesc calitatea. Datorit\u0103 tehnicii \u00een<\/p>","protected":false},"featured_media":48234,"template":"","meta":[],"product_brand":[],"product_cat":[21,286],"product_tag":[],"class_list":{"0":"post-48233","1":"product","2":"type-product","3":"status-publish","4":"has-post-thumbnail","6":"product_cat-lavoare","7":"product_cat-lavoar-pe-blat","8":"pa_gaura-baterie-nu","9":"pa_gaura-de-deversare-nu","10":"pa_marimea-620x360x160-mm","12":"first","13":"instock","14":"purchasable","15":"product-type-simple"},"_links":{"self":[{"href":"https:\/\/creadivo.md\/ru\/wp-json\/wp\/v2\/product\/48233","targetHints":{"allow":["GET"]}}],"collection":[{"href":"https:\/\/creadivo.md\/ru\/wp-json\/wp\/v2\/product"}],"about":[{"href":"https:\/\/creadivo.md\/ru\/wp-json\/wp\/v2\/types\/product"}],"version-history":[{"count":0,"href":"https:\/\/creadivo.md\/ru\/wp-json\/wp\/v2\/product\/48233\/revisions"}],"wp:featuredmedia":[{"embeddable":true,"href":"https:\/\/creadivo.md\/ru\/wp-json\/wp\/v2\/media\/48234"}],"wp:attachment":[{"href":"https:\/\/creadivo.md\/ru\/wp-json\/wp\/v2\/media?parent=48233"}],"wp:term":[{"taxonomy":"product_brand","embeddable":true,"href":"https:\/\/creadivo.md\/ru\/wp-json\/wp\/v2\/product_brand?post=48233"},{"taxonomy":"product_cat","embeddable":true,"href":"https:\/\/creadivo.md\/ru\/wp-json\/wp\/v2\/product_cat?post=48233"},{"taxonomy":"product_tag","embeddable":true,"href":"https:\/\/creadivo.md\/ru\/wp-json\/wp\/v2\/product_tag?post=48233"}],"curies":[{"name":"wp","href":"https:\/\/api.w.org\/{rel}","templated":true}]}}