{"id":48302,"date":"2024-06-10T21:41:16","date_gmt":"2024-06-10T21:41:16","guid":{"rendered":"https:\/\/creadivo.md\/?post_type=product&#038;p=48302"},"modified":"2026-04-11T00:11:46","modified_gmt":"2026-04-11T00:11:46","slug":"lavoar-pe-blat-sofia-black-marble","status":"publish","type":"product","link":"https:\/\/creadivo.md\/ru\/product\/lavoar-pe-blat-sofia-black-marble\/","title":{"rendered":"\u0423\u041c\u042b\u0412\u0410\u041b\u042c\u041d\u0418\u041a SOFIA BLACK MARBLE"},"content":{"rendered":"<p>V\u0103 prezent\u0103m un nou model de lavoar foarte popular Sofia \u00een oferta noastr\u0103. Lavoarul este realizat din ceramica sanitara de cea mai inalta calitate, foarte rezistenta si usor de curatat. Lavoarul a fost special amenajat in stil de piatra, ceea ce contribuie la obtinerea unui efect uimitor in fiecare baie. Lavoarul este conceput pentru a fi montat pe blat sau dulap. Se va potrivi perfect cu orice culoare a suprafetei pe care va fi montata lavoarul.<\/p>\n<div style=\"margin: 20px 0;\"><div class=\"qrcswholewtapper\" style=\"text-align:left;\"><div class=\"qrcprowrapper\"  id=\"qrcwraa2leds\"><div class=\"qrc_canvass\" id=\"qrc_cuttenpages_2\" style=\"display:inline-block\" data-text=\"https:\/\/creadivo.md\/ru\/product\/lavoar-pe-blat-sofia-black-marble\/\"><\/div><\/div><\/div><\/div>","protected":false},"excerpt":{"rendered":"<p>V\u0103 prezent\u0103m un nou model de lavoar foarte popular Sofia \u00een oferta noastr\u0103. Lavoarul este realizat din ceramica sanitara de<\/p>","protected":false},"featured_media":48303,"template":"","meta":[],"product_brand":[],"product_cat":[21,286],"product_tag":[],"class_list":{"0":"post-48302","1":"product","2":"type-product","3":"status-publish","4":"has-post-thumbnail","6":"product_cat-lavoare","7":"product_cat-lavoar-pe-blat","8":"pa_gaura-baterie-nu","9":"pa_gaura-de-deversare-nu","10":"pa_marimea-410x345x150mm","12":"first","13":"instock","14":"purchasable","15":"product-type-simple"},"_links":{"self":[{"href":"https:\/\/creadivo.md\/ru\/wp-json\/wp\/v2\/product\/48302","targetHints":{"allow":["GET"]}}],"collection":[{"href":"https:\/\/creadivo.md\/ru\/wp-json\/wp\/v2\/product"}],"about":[{"href":"https:\/\/creadivo.md\/ru\/wp-json\/wp\/v2\/types\/product"}],"version-history":[{"count":1,"href":"https:\/\/creadivo.md\/ru\/wp-json\/wp\/v2\/product\/48302\/revisions"}],"predecessor-version":[{"id":62424,"href":"https:\/\/creadivo.md\/ru\/wp-json\/wp\/v2\/product\/48302\/revisions\/62424"}],"wp:featuredmedia":[{"embeddable":true,"href":"https:\/\/creadivo.md\/ru\/wp-json\/wp\/v2\/media\/48303"}],"wp:attachment":[{"href":"https:\/\/creadivo.md\/ru\/wp-json\/wp\/v2\/media?parent=48302"}],"wp:term":[{"taxonomy":"product_brand","embeddable":true,"href":"https:\/\/creadivo.md\/ru\/wp-json\/wp\/v2\/product_brand?post=48302"},{"taxonomy":"product_cat","embeddable":true,"href":"https:\/\/creadivo.md\/ru\/wp-json\/wp\/v2\/product_cat?post=48302"},{"taxonomy":"product_tag","embeddable":true,"href":"https:\/\/creadivo.md\/ru\/wp-json\/wp\/v2\/product_tag?post=48302"}],"curies":[{"name":"wp","href":"https:\/\/api.w.org\/{rel}","templated":true}]}}