{"id":48400,"date":"2024-06-10T21:43:04","date_gmt":"2024-06-10T21:43:04","guid":{"rendered":"https:\/\/creadivo.md\/?post_type=product&#038;p=48400"},"modified":"2026-03-27T00:21:35","modified_gmt":"2026-03-27T00:21:35","slug":"lavoar-freestanding-aris-marble","status":"publish","type":"product","link":"https:\/\/creadivo.md\/ru\/product\/lavoar-freestanding-aris-marble\/","title":{"rendered":"\u0423\u041c\u042b\u0412\u0410\u041b\u042c\u041d\u0418\u041a \u041d\u0410\u041f\u041e\u041b\u042c\u041d\u042b\u0419 ARIS MARBLE"},"content":{"rendered":"<p>Lavoarul ceramic Aris freestanding este un produs monolit unic sub form\u0103 de piedestal. Designul extrem de modern se va potrivi perfect \u00een orice baie cu design elegant. Forma clasic\u0103 p\u0103trat\u0103 a vasului, orificiul pentru robinet \u0219i preaplinul \u00eel fac un element practic al arm\u0103turilor din baia ta.<\/p>\n<div style=\"margin: 20px 0;\"><div class=\"qrcswholewtapper\" style=\"text-align:left;\"><div class=\"qrcprowrapper\"  id=\"qrcwraa2leds\"><div class=\"qrc_canvass\" id=\"qrc_cuttenpages_2\" style=\"display:inline-block\" data-text=\"https:\/\/creadivo.md\/ru\/product\/lavoar-freestanding-aris-marble\/\"><\/div><\/div><\/div><\/div>","protected":false},"excerpt":{"rendered":"<p>Lavoarul ceramic Aris freestanding este un produs monolit unic sub form\u0103 de piedestal. Designul extrem de modern se va potrivi<\/p>","protected":false},"featured_media":48401,"template":"","meta":[],"product_brand":[],"product_cat":[21,288],"product_tag":[],"class_list":{"0":"post-48400","1":"product","2":"type-product","3":"status-publish","4":"has-post-thumbnail","6":"product_cat-lavoare","7":"product_cat-lavoar-freestanding","8":"pa_gaura-baterie-da","9":"pa_gaura-de-deversare-da","10":"pa_marimea-440x375x830-mm","12":"first","13":"outofstock","14":"purchasable","15":"product-type-simple"},"_links":{"self":[{"href":"https:\/\/creadivo.md\/ru\/wp-json\/wp\/v2\/product\/48400","targetHints":{"allow":["GET"]}}],"collection":[{"href":"https:\/\/creadivo.md\/ru\/wp-json\/wp\/v2\/product"}],"about":[{"href":"https:\/\/creadivo.md\/ru\/wp-json\/wp\/v2\/types\/product"}],"version-history":[{"count":1,"href":"https:\/\/creadivo.md\/ru\/wp-json\/wp\/v2\/product\/48400\/revisions"}],"predecessor-version":[{"id":62422,"href":"https:\/\/creadivo.md\/ru\/wp-json\/wp\/v2\/product\/48400\/revisions\/62422"}],"wp:featuredmedia":[{"embeddable":true,"href":"https:\/\/creadivo.md\/ru\/wp-json\/wp\/v2\/media\/48401"}],"wp:attachment":[{"href":"https:\/\/creadivo.md\/ru\/wp-json\/wp\/v2\/media?parent=48400"}],"wp:term":[{"taxonomy":"product_brand","embeddable":true,"href":"https:\/\/creadivo.md\/ru\/wp-json\/wp\/v2\/product_brand?post=48400"},{"taxonomy":"product_cat","embeddable":true,"href":"https:\/\/creadivo.md\/ru\/wp-json\/wp\/v2\/product_cat?post=48400"},{"taxonomy":"product_tag","embeddable":true,"href":"https:\/\/creadivo.md\/ru\/wp-json\/wp\/v2\/product_tag?post=48400"}],"curies":[{"name":"wp","href":"https:\/\/api.w.org\/{rel}","templated":true}]}}