{"id":48481,"date":"2024-06-10T21:44:48","date_gmt":"2024-06-10T21:44:48","guid":{"rendered":"https:\/\/creadivo.md\/?post_type=product&#038;p=48481"},"modified":"2026-04-10T00:11:57","modified_gmt":"2026-04-10T00:11:57","slug":"raft-cu-cuier-evo-chrome","status":"publish","type":"product","link":"https:\/\/creadivo.md\/ru\/product\/raft-cu-cuier-evo-chrome\/","title":{"rendered":"\u041f\u041e\u041b\u041a\u0410 \u0412 \u0412\u0410\u041d\u041d\u0423\u042e EVO CHROME"},"content":{"rendered":"<p>Raftul practic Evo cu suport pentru prosoape poate fi instalat pe peretii dusului Rea \u2013 Aero, Aero Intimo. Este fabricat din aluminiu de \u00eenalt\u0103 calitate acoperit cu o culoare aurie, care este rezistent la deteriorare \u0219i zg\u00e2rieturi.<\/p>\n<p>Raftul practic te va ajuta sa iti pastrezi baia in ordine, iar aspectul sau modern va fi un element decorativ suplimentar al baii tale.<\/p>\n<p>\u00cenainte de instalare, raftul trebuie t\u0103iat la l\u0103\u021bimea geamului de du\u0219, lungimea maxim\u0103 a raftului este de 120 cm. Metoda de asamblare este extrem de intuitiv\u0103, doar str\u00e2nge\u021bi \u0219uruburile care vor \u021bine raftul la \u00een\u0103l\u021bimea selectat\u0103.<\/p>\n<div style=\"margin: 20px 0;\"><div class=\"qrcswholewtapper\" style=\"text-align:left;\"><div class=\"qrcprowrapper\"  id=\"qrcwraa2leds\"><div class=\"qrc_canvass\" id=\"qrc_cuttenpages_2\" style=\"display:inline-block\" data-text=\"https:\/\/creadivo.md\/ru\/product\/raft-cu-cuier-evo-chrome\/\"><\/div><\/div><\/div><\/div>","protected":false},"excerpt":{"rendered":"<p>Raftul practic Evo cu suport pentru prosoape poate fi instalat pe peretii dusului Rea \u2013 Aero, Aero Intimo. Este fabricat<\/p>","protected":false},"featured_media":48482,"template":"","meta":[],"product_brand":[],"product_cat":[2063,27],"product_tag":[],"class_list":{"0":"post-48481","1":"product","2":"type-product","3":"status-publish","4":"has-post-thumbnail","6":"product_cat-rafturi-accesorii-pentru-baie","7":"product_cat-accesorii-pentru-casa","8":"pa_aplicare-cu-orice-dimensiune-de-perete-aero","9":"pa_informatii-suplimentare-poate-fi-instalat-la-orice-inaltime","10":"pa_marimea-1200-mm-cu-posibilitate-de-taiere","12":"first","13":"instock","14":"purchasable","15":"product-type-simple"},"_links":{"self":[{"href":"https:\/\/creadivo.md\/ru\/wp-json\/wp\/v2\/product\/48481","targetHints":{"allow":["GET"]}}],"collection":[{"href":"https:\/\/creadivo.md\/ru\/wp-json\/wp\/v2\/product"}],"about":[{"href":"https:\/\/creadivo.md\/ru\/wp-json\/wp\/v2\/types\/product"}],"version-history":[{"count":0,"href":"https:\/\/creadivo.md\/ru\/wp-json\/wp\/v2\/product\/48481\/revisions"}],"wp:featuredmedia":[{"embeddable":true,"href":"https:\/\/creadivo.md\/ru\/wp-json\/wp\/v2\/media\/48482"}],"wp:attachment":[{"href":"https:\/\/creadivo.md\/ru\/wp-json\/wp\/v2\/media?parent=48481"}],"wp:term":[{"taxonomy":"product_brand","embeddable":true,"href":"https:\/\/creadivo.md\/ru\/wp-json\/wp\/v2\/product_brand?post=48481"},{"taxonomy":"product_cat","embeddable":true,"href":"https:\/\/creadivo.md\/ru\/wp-json\/wp\/v2\/product_cat?post=48481"},{"taxonomy":"product_tag","embeddable":true,"href":"https:\/\/creadivo.md\/ru\/wp-json\/wp\/v2\/product_tag?post=48481"}],"curies":[{"name":"wp","href":"https:\/\/api.w.org\/{rel}","templated":true}]}}