{"id":48544,"date":"2024-06-10T21:46:08","date_gmt":"2024-06-10T21:46:08","guid":{"rendered":"https:\/\/creadivo.md\/?post_type=product&#038;p=48544"},"modified":"2024-12-19T02:36:03","modified_gmt":"2024-12-19T02:36:03","slug":"baterie-lavoar-fenix-gold-high","status":"publish","type":"product","link":"https:\/\/creadivo.md\/ru\/product\/baterie-lavoar-fenix-gold-high\/","title":{"rendered":"\u0421\u041c\u0415\u0421\u0418\u0422\u0415\u041b\u042c \u0414\u041b\u042f \u0423\u041c\u042b\u0412\u0410\u041b\u042c\u041d\u0418\u041a\u0410 FENIX GOLD HIGH"},"content":{"rendered":"<p>V\u0103 prezent\u0103m robinetul Fenix extrem de func\u021bional. Corpul \u0219i m\u00e2nerul din alam\u0103 asigur\u0103 durabilitate ani de zile \u0219i o utilizare confortabil\u0103. Echipamentul pentru baie nu se refer\u0103 doar la func\u021bionalitate \u2013 re\u021bine\u021bi c\u0103 este \u0219i un aspect estetic important.<\/p>\n<p>Robinetul nostru, gra\u021bie designului s\u0103u bine g\u00e2ndit \u0219i acoperirii aurii, arat\u0103 extrem de elegant \u00een orice decor de baie, f\u0103r\u0103 a perturba echilibrul \u00eentregului aranjament.<\/p>\n<div style=\"margin: 20px 0;\"><div class=\"qrcswholewtapper\" style=\"text-align:left;\"><div class=\"qrcprowrapper\"  id=\"qrcwraa2leds\"><div class=\"qrc_canvass\" id=\"qrc_cuttenpages_2\" style=\"display:inline-block\" data-text=\"https:\/\/creadivo.md\/ru\/product\/baterie-lavoar-fenix-gold-high\/\"><\/div><\/div><\/div><\/div>","protected":false},"excerpt":{"rendered":"<p>V\u0103 prezent\u0103m robinetul Fenix extrem de func\u021bional. Corpul \u0219i m\u00e2nerul din alam\u0103 asigur\u0103 durabilitate ani de zile \u0219i o utilizare<\/p>","protected":false},"featured_media":48545,"template":"","meta":[],"product_brand":[],"product_cat":[29,289],"product_tag":[],"class_list":{"0":"post-48544","1":"product","2":"type-product","3":"status-publish","4":"has-post-thumbnail","6":"product_cat-baterii-sanitare","7":"product_cat-pentru-lavoar","8":"pa_cap-ceramica-cu-mixer","9":"pa_conexiune-3-8-inch","10":"pa_inaltime-275-mm","11":"pa_informatii-suplimentare-duza-fixa-aerator-de-aerare","12":"pa_instalare-pentru-lavoar-sau-blat","14":"first","15":"instock","16":"purchasable","17":"product-type-simple"},"_links":{"self":[{"href":"https:\/\/creadivo.md\/ru\/wp-json\/wp\/v2\/product\/48544","targetHints":{"allow":["GET"]}}],"collection":[{"href":"https:\/\/creadivo.md\/ru\/wp-json\/wp\/v2\/product"}],"about":[{"href":"https:\/\/creadivo.md\/ru\/wp-json\/wp\/v2\/types\/product"}],"version-history":[{"count":0,"href":"https:\/\/creadivo.md\/ru\/wp-json\/wp\/v2\/product\/48544\/revisions"}],"wp:featuredmedia":[{"embeddable":true,"href":"https:\/\/creadivo.md\/ru\/wp-json\/wp\/v2\/media\/48545"}],"wp:attachment":[{"href":"https:\/\/creadivo.md\/ru\/wp-json\/wp\/v2\/media?parent=48544"}],"wp:term":[{"taxonomy":"product_brand","embeddable":true,"href":"https:\/\/creadivo.md\/ru\/wp-json\/wp\/v2\/product_brand?post=48544"},{"taxonomy":"product_cat","embeddable":true,"href":"https:\/\/creadivo.md\/ru\/wp-json\/wp\/v2\/product_cat?post=48544"},{"taxonomy":"product_tag","embeddable":true,"href":"https:\/\/creadivo.md\/ru\/wp-json\/wp\/v2\/product_tag?post=48544"}],"curies":[{"name":"wp","href":"https:\/\/api.w.org\/{rel}","templated":true}]}}