{"id":48549,"date":"2024-06-10T21:46:15","date_gmt":"2024-06-10T21:46:15","guid":{"rendered":"https:\/\/creadivo.md\/?post_type=product&#038;p=48549"},"modified":"2024-12-19T02:38:05","modified_gmt":"2024-12-19T02:38:05","slug":"baterie-lavoar-fenix-gold-low","status":"publish","type":"product","link":"https:\/\/creadivo.md\/ru\/product\/baterie-lavoar-fenix-gold-low\/","title":{"rendered":"\u0421\u041c\u0415\u0421\u0418\u0422\u0415\u041b\u042c \u0414\u041b\u042f \u0423\u041c\u042b\u0412\u0410\u041b\u042c\u041d\u0418\u041a\u0410 FENIX GOLD LOW"},"content":{"rendered":"<p>V\u0103 prezent\u0103m robinetul Fenix extrem de func\u021bional. Corpul \u0219i m\u00e2nerul din alam\u0103 asigur\u0103 durabilitate ani de zile \u0219i o utilizare confortabil\u0103. Echipamentul pentru baie nu se refer\u0103 doar la func\u021bionalitate \u2013 re\u021bine\u021bi c\u0103 este \u0219i un aspect estetic important. Robinetul nostru, gra\u021bie designului s\u0103u bine g\u00e2ndit \u0219i acoperirii aurii, arat\u0103 extrem de elegant \u00een orice decor de baie, f\u0103r\u0103 a perturba echilibrul \u00eentregului aranjament.<\/p>\n<p>Robinetul de lavoar rezistent \u0219i func\u021bional Rea Fenix Gold este un decor frumos al oric\u0103rei b\u0103i. Avantajul s\u0103u este operarea simpl\u0103, intuitiv\u0103. Pentru a porni \u0219i opri jetul de ap\u0103, pur \u0219i simplu ap\u0103sa\u021bi butonul situat \u00een partea de sus a accesoriului. Pute\u021bi instala singur robinetul, folosind metoda de instalare peste bazin. Produsul este u\u0219or de cur\u0103\u021bat.<\/p>\n<div style=\"margin: 20px 0;\"><div class=\"qrcswholewtapper\" style=\"text-align:left;\"><div class=\"qrcprowrapper\"  id=\"qrcwraa2leds\"><div class=\"qrc_canvass\" id=\"qrc_cuttenpages_2\" style=\"display:inline-block\" data-text=\"https:\/\/creadivo.md\/ru\/product\/baterie-lavoar-fenix-gold-low\/\"><\/div><\/div><\/div><\/div>","protected":false},"excerpt":{"rendered":"<p>V\u0103 prezent\u0103m robinetul Fenix extrem de func\u021bional. Corpul \u0219i m\u00e2nerul din alam\u0103 asigur\u0103 durabilitate ani de zile \u0219i o utilizare<\/p>","protected":false},"featured_media":48550,"template":"","meta":[],"product_brand":[],"product_cat":[29,289],"product_tag":[],"class_list":{"0":"post-48549","1":"product","2":"type-product","3":"status-publish","4":"has-post-thumbnail","6":"product_cat-baterii-sanitare","7":"product_cat-pentru-lavoar","8":"pa_cap-ceramica-cu-mixer","9":"pa_conexiune-3-8-inch","10":"pa_inaltime-150-mm","11":"pa_informatii-suplimentare-duza-fixa-aerator-de-aerare","12":"pa_instalare-pentru-lavoar-sau-blat","14":"first","15":"outofstock","16":"purchasable","17":"product-type-simple"},"_links":{"self":[{"href":"https:\/\/creadivo.md\/ru\/wp-json\/wp\/v2\/product\/48549","targetHints":{"allow":["GET"]}}],"collection":[{"href":"https:\/\/creadivo.md\/ru\/wp-json\/wp\/v2\/product"}],"about":[{"href":"https:\/\/creadivo.md\/ru\/wp-json\/wp\/v2\/types\/product"}],"version-history":[{"count":0,"href":"https:\/\/creadivo.md\/ru\/wp-json\/wp\/v2\/product\/48549\/revisions"}],"wp:featuredmedia":[{"embeddable":true,"href":"https:\/\/creadivo.md\/ru\/wp-json\/wp\/v2\/media\/48550"}],"wp:attachment":[{"href":"https:\/\/creadivo.md\/ru\/wp-json\/wp\/v2\/media?parent=48549"}],"wp:term":[{"taxonomy":"product_brand","embeddable":true,"href":"https:\/\/creadivo.md\/ru\/wp-json\/wp\/v2\/product_brand?post=48549"},{"taxonomy":"product_cat","embeddable":true,"href":"https:\/\/creadivo.md\/ru\/wp-json\/wp\/v2\/product_cat?post=48549"},{"taxonomy":"product_tag","embeddable":true,"href":"https:\/\/creadivo.md\/ru\/wp-json\/wp\/v2\/product_tag?post=48549"}],"curies":[{"name":"wp","href":"https:\/\/api.w.org\/{rel}","templated":true}]}}