{"id":48754,"date":"2024-06-10T21:51:52","date_gmt":"2024-06-10T21:51:52","guid":{"rendered":"https:\/\/creadivo.md\/?post_type=product&#038;p=48754"},"modified":"2025-11-05T12:28:47","modified_gmt":"2025-11-05T12:28:47","slug":"usa-de-dus-solar-gold-120","status":"publish","type":"product","link":"https:\/\/creadivo.md\/ru\/product\/usa-de-dus-solar-gold-120\/","title":{"rendered":"\u0414\u0423\u0428\u0415\u0412\u0410\u042f \u0414\u0412\u0415\u0420\u042c SOLAR GOLD 120"},"content":{"rendered":"<p>Solar Gold este o u\u0219\u0103 de du\u0219 distinctiv\u0103, dar atemporal\u0103 \u0219i modern\u0103, realizat\u0103 din materiale de cea mai \u00eenalt\u0103 calitate. Suprafa\u021ba aurie este rezistent\u0103 la murd\u0103rie \u0219i pete \u0219i este u\u0219or de p\u0103strat curat. Combina\u021bia de profile aurii, m\u00e2ner lung \u0219i balamale cu o linie transparent\u0103 de suprafe\u021be de sticl\u0103 se va potrivi perfect \u00eentr-o baie modern\u0103 \u0219i tradi\u021bional\u0103.<\/p>\n<p>Usile de dus Solar Gold oferite sunt un model unic care imbina stilul clasic si modern. Atrage atentia prin designul sau original si estetica inalta, asa ca va fi o alegere excelenta pentru o baie eleganta. Usa de dus culisanta este echipata cu sticla transparenta pe baza de structura din aluminiu. Profilele de culoare aurie deschis\u0103 \u0219i m\u00e2nerele care se potrivesc stilistic fac ca u\u0219ile de du\u0219 Solar Gold s\u0103 arate extrem de elegante.<\/p>\n<div style=\"margin: 20px 0;\"><div class=\"qrcswholewtapper\" style=\"text-align:left;\"><div class=\"qrcprowrapper\"  id=\"qrcwraa2leds\"><div class=\"qrc_canvass\" id=\"qrc_cuttenpages_2\" style=\"display:inline-block\" data-text=\"https:\/\/creadivo.md\/ru\/product\/usa-de-dus-solar-gold-120\/\"><\/div><\/div><\/div><\/div>","protected":false},"excerpt":{"rendered":"<p>Solar Gold este o u\u0219\u0103 de du\u0219 distinctiv\u0103, dar atemporal\u0103 \u0219i modern\u0103, realizat\u0103 din materiale de cea mai \u00eenalt\u0103 calitate.<\/p>","protected":false},"featured_media":48755,"template":"","meta":[],"product_brand":[],"product_cat":[24,1335],"product_tag":[],"class_list":{"0":"post-48754","1":"product","2":"type-product","3":"status-publish","4":"has-post-thumbnail","6":"product_cat-cabine-de-dus","7":"product_cat-usi-pentru-cabine-de-dus","8":"pa_acoperire-usor-curatat","9":"pa_directia-de-instalare-universal","10":"pa_grosime-de-sticla-6-mm-intarit","11":"pa_inaltime-195-cm","12":"pa_informatii-suplimentare-posibilitatea-de-a-taia-ghidajul","13":"pa_instalare-pe-cada-de-dus-sau-direct-pe-podea","14":"pa_posibilitate-de-prelungire-da-adaptor-dedicat-rea-k7772","15":"pa_tip-de-usa-alunecare","17":"first","18":"outofstock","19":"purchasable","20":"product-type-simple"},"_links":{"self":[{"href":"https:\/\/creadivo.md\/ru\/wp-json\/wp\/v2\/product\/48754","targetHints":{"allow":["GET"]}}],"collection":[{"href":"https:\/\/creadivo.md\/ru\/wp-json\/wp\/v2\/product"}],"about":[{"href":"https:\/\/creadivo.md\/ru\/wp-json\/wp\/v2\/types\/product"}],"version-history":[{"count":0,"href":"https:\/\/creadivo.md\/ru\/wp-json\/wp\/v2\/product\/48754\/revisions"}],"wp:featuredmedia":[{"embeddable":true,"href":"https:\/\/creadivo.md\/ru\/wp-json\/wp\/v2\/media\/48755"}],"wp:attachment":[{"href":"https:\/\/creadivo.md\/ru\/wp-json\/wp\/v2\/media?parent=48754"}],"wp:term":[{"taxonomy":"product_brand","embeddable":true,"href":"https:\/\/creadivo.md\/ru\/wp-json\/wp\/v2\/product_brand?post=48754"},{"taxonomy":"product_cat","embeddable":true,"href":"https:\/\/creadivo.md\/ru\/wp-json\/wp\/v2\/product_cat?post=48754"},{"taxonomy":"product_tag","embeddable":true,"href":"https:\/\/creadivo.md\/ru\/wp-json\/wp\/v2\/product_tag?post=48754"}],"curies":[{"name":"wp","href":"https:\/\/api.w.org\/{rel}","templated":true}]}}