{"id":48790,"date":"2024-06-10T21:52:48","date_gmt":"2024-06-10T21:52:48","guid":{"rendered":"https:\/\/creadivo.md\/?post_type=product&#038;p=48790"},"modified":"2026-03-27T00:21:46","modified_gmt":"2026-03-27T00:21:46","slug":"racleta-geam-yz-g04-black","status":"publish","type":"product","link":"https:\/\/creadivo.md\/ru\/product\/racleta-geam-yz-g04-black\/","title":{"rendered":"\u0421\u041a\u0420\u0415\u0411\u041e\u041a \u0414\u041b\u042f \u0412\u0410\u041d\u041d\u041e\u0419 YZ-G04 BLACK"},"content":{"rendered":"<p>V\u0103 prezent\u0103m o raclet\u0103 de baie elegant\u0103 cu m\u00e2ner. Aceasta este o solu\u021bie perfect\u0103 pentru a men\u021bine baia curat\u0103, datorit\u0103 acesteia pute\u021bi elimina u\u0219or \u0219i rapid excesul de ap\u0103 de la suprafa\u021b\u0103 f\u0103r\u0103 a crea dungi nedorite. Setul include un c\u00e2rlig care poate fi montat pe perete f\u0103r\u0103 g\u0103urire.<\/p>\n<p>M\u00e2nerul \u0219i elementul de montare din cauciuc sunt realizate din metal rezistent la zg\u00e2rieturi \u0219i la coroziune. Doar c\u00e2teva mi\u0219c\u0103ri sunt suficiente pentru a men\u021bine gresia de baie, cabina sau oglinda uscate \u0219i curate, f\u0103r\u0103 pete \u0219i dungi.<\/p>\n<div style=\"margin: 20px 0;\"><div class=\"qrcswholewtapper\" style=\"text-align:left;\"><div class=\"qrcprowrapper\"  id=\"qrcwraa2leds\"><div class=\"qrc_canvass\" id=\"qrc_cuttenpages_2\" style=\"display:inline-block\" data-text=\"https:\/\/creadivo.md\/ru\/product\/racleta-geam-yz-g04-black\/\"><\/div><\/div><\/div><\/div>","protected":false},"excerpt":{"rendered":"<p>V\u0103 prezent\u0103m o raclet\u0103 de baie elegant\u0103 cu m\u00e2ner. Aceasta este o solu\u021bie perfect\u0103 pentru a men\u021bine baia curat\u0103, datorit\u0103<\/p>","protected":false},"featured_media":48791,"template":"","meta":[],"product_brand":[],"product_cat":[27,103],"product_tag":[],"class_list":{"0":"post-48790","1":"product","2":"type-product","3":"status-publish","4":"has-post-thumbnail","6":"product_cat-accesorii-pentru-casa","7":"product_cat-accesorii-de-baie","8":"pa_marimea-258x165mm","10":"first","11":"instock","12":"purchasable","13":"product-type-simple"},"_links":{"self":[{"href":"https:\/\/creadivo.md\/ru\/wp-json\/wp\/v2\/product\/48790","targetHints":{"allow":["GET"]}}],"collection":[{"href":"https:\/\/creadivo.md\/ru\/wp-json\/wp\/v2\/product"}],"about":[{"href":"https:\/\/creadivo.md\/ru\/wp-json\/wp\/v2\/types\/product"}],"version-history":[{"count":0,"href":"https:\/\/creadivo.md\/ru\/wp-json\/wp\/v2\/product\/48790\/revisions"}],"wp:featuredmedia":[{"embeddable":true,"href":"https:\/\/creadivo.md\/ru\/wp-json\/wp\/v2\/media\/48791"}],"wp:attachment":[{"href":"https:\/\/creadivo.md\/ru\/wp-json\/wp\/v2\/media?parent=48790"}],"wp:term":[{"taxonomy":"product_brand","embeddable":true,"href":"https:\/\/creadivo.md\/ru\/wp-json\/wp\/v2\/product_brand?post=48790"},{"taxonomy":"product_cat","embeddable":true,"href":"https:\/\/creadivo.md\/ru\/wp-json\/wp\/v2\/product_cat?post=48790"},{"taxonomy":"product_tag","embeddable":true,"href":"https:\/\/creadivo.md\/ru\/wp-json\/wp\/v2\/product_tag?post=48790"}],"curies":[{"name":"wp","href":"https:\/\/api.w.org\/{rel}","templated":true}]}}