{"id":48819,"date":"2024-06-10T21:53:25","date_gmt":"2024-06-10T21:53:25","guid":{"rendered":"https:\/\/creadivo.md\/?post_type=product&#038;p=48819"},"modified":"2026-03-27T00:21:48","modified_gmt":"2026-03-27T00:21:48","slug":"vas-wc-martin-slim","status":"publish","type":"product","link":"https:\/\/creadivo.md\/ru\/product\/vas-wc-martin-slim\/","title":{"rendered":"\u041f\u041e\u0414\u0412\u0415\u0421\u041d\u041e\u0419 \u0423\u041d\u0418\u0422\u0410\u0417 MARTIN SLIM"},"content":{"rendered":"<p>Un vas de toalet\u0103 cu un aspect grozav care se potrive\u0219te oric\u0103rui interior. Datorit\u0103 unei faze speciale de produc\u021bie, este rezistent la deteriorare. Sistemul inovator f\u0103r\u0103 ram\u0103 pe care l-am folosit \u00een produc\u021bia vaselor noastre de toalet\u0103 este r\u0103spunsul la toate problemele tale existente legate de men\u021binerea igienei, cur\u0103\u021beniei \u0219i esteticii \u00een baie.<\/p>\n<div style=\"margin: 20px 0;\"><div class=\"qrcswholewtapper\" style=\"text-align:left;\"><div class=\"qrcprowrapper\"  id=\"qrcwraa2leds\"><div class=\"qrc_canvass\" id=\"qrc_cuttenpages_2\" style=\"display:inline-block\" data-text=\"https:\/\/creadivo.md\/ru\/product\/vas-wc-martin-slim\/\"><\/div><\/div><\/div><\/div>","protected":false},"excerpt":{"rendered":"<p>Un vas de toalet\u0103 cu un aspect grozav care se potrive\u0219te oric\u0103rui interior. Datorit\u0103 unei faze speciale de produc\u021bie, este<\/p>","protected":false},"featured_media":48820,"template":"","meta":[],"product_brand":[],"product_cat":[17,91],"product_tag":[],"class_list":{"0":"post-48819","1":"product","2":"type-product","3":"status-publish","4":"has-post-thumbnail","6":"product_cat-vase-wc","7":"product_cat-vase-wc-suspendate","8":"pa_informatii-suplimentare-vas-fara-rama-dimensiune-conexiune-140-mm","9":"pa_marimea-510x365x325-mm","10":"pa_slow-drop-board-da","11":"pa_spatiul-suruburilor-de-fixare-180-mm","12":"pa_tip-placa-duroplast-subtire-detasabil","14":"first","15":"instock","16":"purchasable","17":"product-type-simple"},"_links":{"self":[{"href":"https:\/\/creadivo.md\/ru\/wp-json\/wp\/v2\/product\/48819","targetHints":{"allow":["GET"]}}],"collection":[{"href":"https:\/\/creadivo.md\/ru\/wp-json\/wp\/v2\/product"}],"about":[{"href":"https:\/\/creadivo.md\/ru\/wp-json\/wp\/v2\/types\/product"}],"version-history":[{"count":0,"href":"https:\/\/creadivo.md\/ru\/wp-json\/wp\/v2\/product\/48819\/revisions"}],"wp:featuredmedia":[{"embeddable":true,"href":"https:\/\/creadivo.md\/ru\/wp-json\/wp\/v2\/media\/48820"}],"wp:attachment":[{"href":"https:\/\/creadivo.md\/ru\/wp-json\/wp\/v2\/media?parent=48819"}],"wp:term":[{"taxonomy":"product_brand","embeddable":true,"href":"https:\/\/creadivo.md\/ru\/wp-json\/wp\/v2\/product_brand?post=48819"},{"taxonomy":"product_cat","embeddable":true,"href":"https:\/\/creadivo.md\/ru\/wp-json\/wp\/v2\/product_cat?post=48819"},{"taxonomy":"product_tag","embeddable":true,"href":"https:\/\/creadivo.md\/ru\/wp-json\/wp\/v2\/product_tag?post=48819"}],"curies":[{"name":"wp","href":"https:\/\/api.w.org\/{rel}","templated":true}]}}