{"id":48826,"date":"2024-06-10T21:53:25","date_gmt":"2024-06-10T21:53:25","guid":{"rendered":"https:\/\/creadivo.md\/?post_type=product&#038;p=48826"},"modified":"2024-09-10T11:59:15","modified_gmt":"2024-09-10T11:59:15","slug":"lavoar-pe-blat-linda-mini","status":"publish","type":"product","link":"https:\/\/creadivo.md\/ru\/product\/lavoar-pe-blat-linda-mini\/","title":{"rendered":"\u0423\u041c\u042b\u0412\u0410\u041b\u042c\u041d\u0418\u041a LINDA MINI"},"content":{"rendered":"<p>O chiuvet\u0103 \u00eentr-o culoare alb\u0103 ca z\u0103pada, aspect unic \u0219i func\u021bionalitate la cel mai \u00eenalt nivel. Dac\u0103 vrei s\u0103 oferi b\u0103ii tale elegan\u021b\u0103 \u0219i simplitate \u00een utilizare, chiuveta Rea Linda Mini este doar pentru tine. Acest produs este fabricat din ceramic\u0103 sanitar\u0103 de \u00eenalt\u0103 calitate.<\/p>\n<div style=\"margin: 20px 0;\"><div class=\"qrcswholewtapper\" style=\"text-align:left;\"><div class=\"qrcprowrapper\"  id=\"qrcwraa2leds\"><div class=\"qrc_canvass\" id=\"qrc_cuttenpages_2\" style=\"display:inline-block\" data-text=\"https:\/\/creadivo.md\/ru\/product\/lavoar-pe-blat-linda-mini\/\"><\/div><\/div><\/div><\/div>","protected":false},"excerpt":{"rendered":"<p>O chiuvet\u0103 \u00eentr-o culoare alb\u0103 ca z\u0103pada, aspect unic \u0219i func\u021bionalitate la cel mai \u00eenalt nivel. Dac\u0103 vrei s\u0103 oferi<\/p>","protected":false},"featured_media":48827,"template":"","meta":[],"product_brand":[],"product_cat":[21,286],"product_tag":[],"class_list":{"0":"post-48826","1":"product","2":"type-product","3":"status-publish","4":"has-post-thumbnail","6":"product_cat-lavoare","7":"product_cat-lavoar-pe-blat","8":"pa_gaura-baterie-nu","9":"pa_gaura-de-deversare-nu","10":"pa_marimea-400x300x130mm","12":"first","13":"instock","14":"purchasable","15":"product-type-simple"},"_links":{"self":[{"href":"https:\/\/creadivo.md\/ru\/wp-json\/wp\/v2\/product\/48826","targetHints":{"allow":["GET"]}}],"collection":[{"href":"https:\/\/creadivo.md\/ru\/wp-json\/wp\/v2\/product"}],"about":[{"href":"https:\/\/creadivo.md\/ru\/wp-json\/wp\/v2\/types\/product"}],"version-history":[{"count":0,"href":"https:\/\/creadivo.md\/ru\/wp-json\/wp\/v2\/product\/48826\/revisions"}],"wp:featuredmedia":[{"embeddable":true,"href":"https:\/\/creadivo.md\/ru\/wp-json\/wp\/v2\/media\/48827"}],"wp:attachment":[{"href":"https:\/\/creadivo.md\/ru\/wp-json\/wp\/v2\/media?parent=48826"}],"wp:term":[{"taxonomy":"product_brand","embeddable":true,"href":"https:\/\/creadivo.md\/ru\/wp-json\/wp\/v2\/product_brand?post=48826"},{"taxonomy":"product_cat","embeddable":true,"href":"https:\/\/creadivo.md\/ru\/wp-json\/wp\/v2\/product_cat?post=48826"},{"taxonomy":"product_tag","embeddable":true,"href":"https:\/\/creadivo.md\/ru\/wp-json\/wp\/v2\/product_tag?post=48826"}],"curies":[{"name":"wp","href":"https:\/\/api.w.org\/{rel}","templated":true}]}}