{"id":48897,"date":"2024-06-10T21:54:58","date_gmt":"2024-06-10T21:54:58","guid":{"rendered":"https:\/\/creadivo.md\/?post_type=product&#038;p=48897"},"modified":"2026-03-27T00:21:53","modified_gmt":"2026-03-27T00:21:53","slug":"cabina-de-dus-fargo-gold-80x100","status":"publish","type":"product","link":"https:\/\/creadivo.md\/ru\/product\/cabina-de-dus-fargo-gold-80x100\/","title":{"rendered":"\u0414\u0423\u0428\u0415\u0412\u0410\u042f \u041a\u0410\u0411\u0418\u041d\u0410 FARGO GOLD 80\u00d7100"},"content":{"rendered":"<p>V\u0103 prezent\u0103m frumoasa \u0219i extrem de func\u021bional\u0103 cabin\u0103 de col\u021b Fargo. Acesta este un produs care \u00ee\u021bi va umple perfect spa\u021biul de baie, p\u0103str\u00e2nd \u00een acela\u0219i timp aspectul \u0219i estetica impecabile a interiorului.<\/p>\n<p>Geamul pentru cabin\u0103 Fargo este fabricat din sticl\u0103 securizat\u0103 temperat\u0103 Crystal Clear de \u00eenalt\u0103 calitate, cu un strat Easy Clean aplicat cu laser.<\/p>\n<p>Datorit\u0103 elementelor de finisaj auriu deschis, produsul nostru este extrem de elegant \u0219i \u00een acela\u0219i timp universal \u0219i cu siguran\u021b\u0103 se va potrivi \u00een decorul camerei tale, indiferent dac\u0103 este o baie modern\u0103 sau clasic\u0103.<\/p>\n<p>Cabina are un profil universal, montat pe partea dreapta sau stanga. Datorit\u0103 designului s\u0103u, cabina Fargo permite instalarea pe o cad\u0103 de du\u0219 de diferite \u00een\u0103l\u021bimi sau direct pe podea. Setul include tot ce este necesar pentru asamblarea cabinei: garnituri, maner, balamale<\/p>\n<div style=\"margin: 20px 0;\"><div class=\"qrcswholewtapper\" style=\"text-align:left;\"><div class=\"qrcprowrapper\"  id=\"qrcwraa2leds\"><div class=\"qrc_canvass\" id=\"qrc_cuttenpages_2\" style=\"display:inline-block\" data-text=\"https:\/\/creadivo.md\/ru\/product\/cabina-de-dus-fargo-gold-80x100\/\"><\/div><\/div><\/div><\/div>","protected":false},"excerpt":{"rendered":"<p>V\u0103 prezent\u0103m frumoasa \u0219i extrem de func\u021bional\u0103 cabin\u0103 de col\u021b Fargo. Acesta este un produs care \u00ee\u021bi va umple perfect<\/p>","protected":false},"featured_media":48898,"template":"","meta":[],"product_brand":[],"product_cat":[24,298],"product_tag":[],"class_list":{"0":"post-48897","1":"product","2":"type-product","3":"status-publish","4":"has-post-thumbnail","6":"product_cat-cabine-de-dus","7":"product_cat-cabine-de-colt","8":"pa_acoperire-usor-de-curatat","9":"pa_directia-de-instalare-universal","10":"pa_grosime-de-sticla-6-mm-intarit","11":"pa_inaltime-195-cm","12":"pa_informatii-suplimentare-usile-se-deschid-spre-exterior","13":"pa_instalare-pe-cabina-de-dus-sau-direct-pe-podea","14":"pa_tip-cabina-colt-deschis","16":"first","17":"instock","18":"purchasable","19":"product-type-simple"},"_links":{"self":[{"href":"https:\/\/creadivo.md\/ru\/wp-json\/wp\/v2\/product\/48897","targetHints":{"allow":["GET"]}}],"collection":[{"href":"https:\/\/creadivo.md\/ru\/wp-json\/wp\/v2\/product"}],"about":[{"href":"https:\/\/creadivo.md\/ru\/wp-json\/wp\/v2\/types\/product"}],"version-history":[{"count":0,"href":"https:\/\/creadivo.md\/ru\/wp-json\/wp\/v2\/product\/48897\/revisions"}],"wp:featuredmedia":[{"embeddable":true,"href":"https:\/\/creadivo.md\/ru\/wp-json\/wp\/v2\/media\/48898"}],"wp:attachment":[{"href":"https:\/\/creadivo.md\/ru\/wp-json\/wp\/v2\/media?parent=48897"}],"wp:term":[{"taxonomy":"product_brand","embeddable":true,"href":"https:\/\/creadivo.md\/ru\/wp-json\/wp\/v2\/product_brand?post=48897"},{"taxonomy":"product_cat","embeddable":true,"href":"https:\/\/creadivo.md\/ru\/wp-json\/wp\/v2\/product_cat?post=48897"},{"taxonomy":"product_tag","embeddable":true,"href":"https:\/\/creadivo.md\/ru\/wp-json\/wp\/v2\/product_tag?post=48897"}],"curies":[{"name":"wp","href":"https:\/\/api.w.org\/{rel}","templated":true}]}}