{"id":48951,"date":"2024-06-10T21:56:05","date_gmt":"2024-06-10T21:56:05","guid":{"rendered":"https:\/\/creadivo.md\/?post_type=product&#038;p=48951"},"modified":"2026-04-10T00:12:06","modified_gmt":"2026-04-10T00:12:06","slug":"baterie-incastrata-mason-gold","status":"publish","type":"product","link":"https:\/\/creadivo.md\/ru\/product\/baterie-incastrata-mason-gold\/","title":{"rendered":"\u0421\u041c\u0415\u0421\u0418\u0422\u0415\u041b\u042c \u0414\u041b\u042f \u0412\u0410\u041d\u041d\u042b MASON GOLD"},"content":{"rendered":"<p>Robinetul este o alegere excelent\u0103 pentru proprietarii fiec\u0103rei b\u0103i. Forma modern\u0103 a corpului din alam\u0103 a fost acoperit\u0103 cu un strat de aur de 4 ori de calitate superioar\u0103. Datorit\u0103 acestei tehnici, bateria este protejat\u0103 \u00eempotriva coroziunii, p\u0103t\u0103rii \u0219i decolor\u0103rii. Acest model este conceput pentru a fi montat pe perete.<\/p>\n<div style=\"margin: 20px 0;\"><div class=\"qrcswholewtapper\" style=\"text-align:left;\"><div class=\"qrcprowrapper\"  id=\"qrcwraa2leds\"><div class=\"qrc_canvass\" id=\"qrc_cuttenpages_2\" style=\"display:inline-block\" data-text=\"https:\/\/creadivo.md\/ru\/product\/baterie-incastrata-mason-gold\/\"><\/div><\/div><\/div><\/div>","protected":false},"excerpt":{"rendered":"<p>Robinetul este o alegere excelent\u0103 pentru proprietarii fiec\u0103rei b\u0103i. Forma modern\u0103 a corpului din alam\u0103 a fost acoperit\u0103 cu un<\/p>","protected":false},"featured_media":48952,"template":"","meta":[],"product_brand":[],"product_cat":[29,289,290],"product_tag":[],"class_list":{"0":"post-48951","1":"product","2":"type-product","3":"status-publish","4":"has-post-thumbnail","6":"product_cat-baterii-sanitare","7":"product_cat-pentru-lavoar","8":"product_cat-pentru-cada","9":"pa_cap-ceramica-cu-mixer","10":"pa_conexiune-1-2-inch","11":"pa_informatii-suplimentare-gura-cascada","12":"pa_instalare-pe-un-perete","14":"first","15":"instock","16":"purchasable","17":"product-type-simple"},"_links":{"self":[{"href":"https:\/\/creadivo.md\/ru\/wp-json\/wp\/v2\/product\/48951","targetHints":{"allow":["GET"]}}],"collection":[{"href":"https:\/\/creadivo.md\/ru\/wp-json\/wp\/v2\/product"}],"about":[{"href":"https:\/\/creadivo.md\/ru\/wp-json\/wp\/v2\/types\/product"}],"version-history":[{"count":0,"href":"https:\/\/creadivo.md\/ru\/wp-json\/wp\/v2\/product\/48951\/revisions"}],"wp:featuredmedia":[{"embeddable":true,"href":"https:\/\/creadivo.md\/ru\/wp-json\/wp\/v2\/media\/48952"}],"wp:attachment":[{"href":"https:\/\/creadivo.md\/ru\/wp-json\/wp\/v2\/media?parent=48951"}],"wp:term":[{"taxonomy":"product_brand","embeddable":true,"href":"https:\/\/creadivo.md\/ru\/wp-json\/wp\/v2\/product_brand?post=48951"},{"taxonomy":"product_cat","embeddable":true,"href":"https:\/\/creadivo.md\/ru\/wp-json\/wp\/v2\/product_cat?post=48951"},{"taxonomy":"product_tag","embeddable":true,"href":"https:\/\/creadivo.md\/ru\/wp-json\/wp\/v2\/product_tag?post=48951"}],"curies":[{"name":"wp","href":"https:\/\/api.w.org\/{rel}","templated":true}]}}