{"id":49055,"date":"2024-06-10T21:57:47","date_gmt":"2024-06-10T21:57:47","guid":{"rendered":"https:\/\/creadivo.md\/?post_type=product&#038;p=49055"},"modified":"2026-04-09T00:20:06","modified_gmt":"2026-04-09T00:20:06","slug":"lavoar-pe-blat-queen-carrara-shiny","status":"publish","type":"product","link":"https:\/\/creadivo.md\/ru\/product\/lavoar-pe-blat-queen-carrara-shiny\/","title":{"rendered":"\u0423\u041c\u042b\u0412\u0410\u041b\u042c\u041d\u0418\u041a QUEEN CARRARA SHINY"},"content":{"rendered":"<p>Lavoarul modern Queen Carrara Shiny este o combina\u021bie \u00eentre o form\u0103 sofisticat\u0103 de bol cu ceramic\u0103 perfect\u0103 \u0219i o suprafa\u021b\u0103 neted\u0103. Queen este o chiuvet\u0103 care se monteaz\u0103 direct pe blat, ceea ce v\u0103 permite s\u0103 v\u0103 amenaja\u021bi baia economisind \u00een acela\u0219i timp mult spa\u021biu. Forma sa caracteristic\u0103 \u00eel face un decor al oric\u0103rui interior.<\/p>\n<div style=\"margin: 20px 0;\"><div class=\"qrcswholewtapper\" style=\"text-align:left;\"><div class=\"qrcprowrapper\"  id=\"qrcwraa2leds\"><div class=\"qrc_canvass\" id=\"qrc_cuttenpages_2\" style=\"display:inline-block\" data-text=\"https:\/\/creadivo.md\/ru\/product\/lavoar-pe-blat-queen-carrara-shiny\/\"><\/div><\/div><\/div><\/div>","protected":false},"excerpt":{"rendered":"<p>Lavoarul modern Queen Carrara Shiny este o combina\u021bie \u00eentre o form\u0103 sofisticat\u0103 de bol cu ceramic\u0103 perfect\u0103 \u0219i o suprafa\u021b\u0103<\/p>","protected":false},"featured_media":49056,"template":"","meta":[],"product_brand":[],"product_cat":[21,286],"product_tag":[],"class_list":{"0":"post-49055","1":"product","2":"type-product","3":"status-publish","4":"has-post-thumbnail","6":"product_cat-lavoare","7":"product_cat-lavoar-pe-blat","8":"pa_gaura-baterie-nu","9":"pa_gaura-de-deversare-nu","10":"pa_marimea-550x415x140-mm","12":"first","13":"outofstock","14":"purchasable","15":"product-type-simple"},"_links":{"self":[{"href":"https:\/\/creadivo.md\/ru\/wp-json\/wp\/v2\/product\/49055","targetHints":{"allow":["GET"]}}],"collection":[{"href":"https:\/\/creadivo.md\/ru\/wp-json\/wp\/v2\/product"}],"about":[{"href":"https:\/\/creadivo.md\/ru\/wp-json\/wp\/v2\/types\/product"}],"version-history":[{"count":0,"href":"https:\/\/creadivo.md\/ru\/wp-json\/wp\/v2\/product\/49055\/revisions"}],"wp:featuredmedia":[{"embeddable":true,"href":"https:\/\/creadivo.md\/ru\/wp-json\/wp\/v2\/media\/49056"}],"wp:attachment":[{"href":"https:\/\/creadivo.md\/ru\/wp-json\/wp\/v2\/media?parent=49055"}],"wp:term":[{"taxonomy":"product_brand","embeddable":true,"href":"https:\/\/creadivo.md\/ru\/wp-json\/wp\/v2\/product_brand?post=49055"},{"taxonomy":"product_cat","embeddable":true,"href":"https:\/\/creadivo.md\/ru\/wp-json\/wp\/v2\/product_cat?post=49055"},{"taxonomy":"product_tag","embeddable":true,"href":"https:\/\/creadivo.md\/ru\/wp-json\/wp\/v2\/product_tag?post=49055"}],"curies":[{"name":"wp","href":"https:\/\/api.w.org\/{rel}","templated":true}]}}