{"id":49111,"date":"2024-06-10T21:58:54","date_gmt":"2024-06-10T21:58:54","guid":{"rendered":"https:\/\/creadivo.md\/?post_type=product&#038;p=49111"},"modified":"2026-04-01T17:32:47","modified_gmt":"2026-04-01T17:32:47","slug":"lavoar-pe-blat-belinda-mini","status":"publish","type":"product","link":"https:\/\/creadivo.md\/ru\/product\/lavoar-pe-blat-belinda-mini\/","title":{"rendered":"\u0423\u041c\u042b\u0412\u0410\u041b\u042c\u041d\u0418\u041a BELINDA MINI"},"content":{"rendered":"<p>Belinda este o chiuvet\u0103 de blat alb ca z\u0103pada din colec\u021bia Slim Edge. \u00cempreun\u0103 cu alte lavoare, acestea constituie un set de lavoare cu linii sub\u021biri, construc\u021bie delicat\u0103 \u0219i u\u0219oar\u0103 \u0219i montaj pe blat. Belinda se va potrivi perfect at\u00e2t \u00een b\u0103ile moderne, c\u00e2t \u0219i \u00een cele clasice. Ceramica sanitar\u0103 de cea mai \u00eenalt\u0103 calitate cu un finisaj str\u0103lucitor alb ca z\u0103pada atrage aten\u021bia tuturor.<\/p>\n<div style=\"margin: 20px 0;\"><div class=\"qrcswholewtapper\" style=\"text-align:left;\"><div class=\"qrcprowrapper\"  id=\"qrcwraa2leds\"><div class=\"qrc_canvass\" id=\"qrc_cuttenpages_2\" style=\"display:inline-block\" data-text=\"https:\/\/creadivo.md\/ru\/product\/lavoar-pe-blat-belinda-mini\/\"><\/div><\/div><\/div><\/div>","protected":false},"excerpt":{"rendered":"<p>Belinda este o chiuvet\u0103 de blat alb ca z\u0103pada din colec\u021bia Slim Edge. \u00cempreun\u0103 cu alte lavoare, acestea constituie un<\/p>","protected":false},"featured_media":49112,"template":"","meta":[],"product_brand":[],"product_cat":[21,286],"product_tag":[],"class_list":{"0":"post-49111","1":"product","2":"type-product","3":"status-publish","4":"has-post-thumbnail","6":"product_cat-lavoare","7":"product_cat-lavoar-pe-blat","8":"pa_gaura-baterie-nu","9":"pa_gaura-de-deversare-nu","10":"pa_marimea-360x250x115mm","12":"first","13":"instock","14":"purchasable","15":"product-type-simple"},"_links":{"self":[{"href":"https:\/\/creadivo.md\/ru\/wp-json\/wp\/v2\/product\/49111","targetHints":{"allow":["GET"]}}],"collection":[{"href":"https:\/\/creadivo.md\/ru\/wp-json\/wp\/v2\/product"}],"about":[{"href":"https:\/\/creadivo.md\/ru\/wp-json\/wp\/v2\/types\/product"}],"version-history":[{"count":0,"href":"https:\/\/creadivo.md\/ru\/wp-json\/wp\/v2\/product\/49111\/revisions"}],"wp:featuredmedia":[{"embeddable":true,"href":"https:\/\/creadivo.md\/ru\/wp-json\/wp\/v2\/media\/49112"}],"wp:attachment":[{"href":"https:\/\/creadivo.md\/ru\/wp-json\/wp\/v2\/media?parent=49111"}],"wp:term":[{"taxonomy":"product_brand","embeddable":true,"href":"https:\/\/creadivo.md\/ru\/wp-json\/wp\/v2\/product_brand?post=49111"},{"taxonomy":"product_cat","embeddable":true,"href":"https:\/\/creadivo.md\/ru\/wp-json\/wp\/v2\/product_cat?post=49111"},{"taxonomy":"product_tag","embeddable":true,"href":"https:\/\/creadivo.md\/ru\/wp-json\/wp\/v2\/product_tag?post=49111"}],"curies":[{"name":"wp","href":"https:\/\/api.w.org\/{rel}","templated":true}]}}