{"id":49118,"date":"2024-06-10T21:58:54","date_gmt":"2024-06-10T21:58:54","guid":{"rendered":"https:\/\/creadivo.md\/?post_type=product&#038;p=49118"},"modified":"2026-03-27T00:22:02","modified_gmt":"2026-03-27T00:22:02","slug":"vas-wc-carlos-slim-aiax-shiny","status":"publish","type":"product","link":"https:\/\/creadivo.md\/ru\/product\/vas-wc-carlos-slim-aiax-shiny\/","title":{"rendered":"\u041f\u041e\u0414\u0412\u0415\u0421\u041d\u041e\u0419 \u0423\u041d\u0418\u0422\u0410\u0417 CARLOS SLIM AIAX SHINY"},"content":{"rendered":"<p>V\u0103 prezent\u0103m un castron Carlos Aiax frumos, extrem de func\u021bional \u0219i modern. Vasul Carlos Aiax va umple perfect spatiul din baie, pastrand aspectul impecabil si estetica interiorului. Vasul este realizat din ceramic\u0103 sanitar\u0103 de \u00eenalt\u0103 calitate. Datorit\u0103 unei faze speciale de produc\u021bie, este durabil \u0219i u\u0219or de p\u0103strat curat. Sistemul inovator Rimless pe care l-am folosit la producerea vaselor noastre de toalet\u0103 este r\u0103spunsul la toate problemele tale existente legate de men\u021binerea igienei, cur\u0103\u021beniei \u0219i esteticii \u00een baie.<\/p>\n<div style=\"margin: 20px 0;\"><div class=\"qrcswholewtapper\" style=\"text-align:left;\"><div class=\"qrcprowrapper\"  id=\"qrcwraa2leds\"><div class=\"qrc_canvass\" id=\"qrc_cuttenpages_2\" style=\"display:inline-block\" data-text=\"https:\/\/creadivo.md\/ru\/product\/vas-wc-carlos-slim-aiax-shiny\/\"><\/div><\/div><\/div><\/div>","protected":false},"excerpt":{"rendered":"<p>V\u0103 prezent\u0103m un castron Carlos Aiax frumos, extrem de func\u021bional \u0219i modern. Vasul Carlos Aiax va umple perfect spatiul din<\/p>","protected":false},"featured_media":49119,"template":"","meta":[],"product_brand":[],"product_cat":[17,91],"product_tag":[],"class_list":{"0":"post-49118","1":"product","2":"type-product","3":"status-publish","4":"has-post-thumbnail","6":"product_cat-vase-wc","7":"product_cat-vase-wc-suspendate","8":"pa_informatii-suplimentare-bol-fara-margine-dimensiune-conexiune-140-mm","9":"pa_marimea-495x370x320mm","10":"pa_slow-drop-board-da","11":"pa_spatiul-suruburilor-de-fixare-180-mm","12":"pa_tip-placa-duroplast-apartament-detasabil","14":"first","15":"outofstock","16":"purchasable","17":"product-type-simple"},"_links":{"self":[{"href":"https:\/\/creadivo.md\/ru\/wp-json\/wp\/v2\/product\/49118","targetHints":{"allow":["GET"]}}],"collection":[{"href":"https:\/\/creadivo.md\/ru\/wp-json\/wp\/v2\/product"}],"about":[{"href":"https:\/\/creadivo.md\/ru\/wp-json\/wp\/v2\/types\/product"}],"version-history":[{"count":0,"href":"https:\/\/creadivo.md\/ru\/wp-json\/wp\/v2\/product\/49118\/revisions"}],"wp:featuredmedia":[{"embeddable":true,"href":"https:\/\/creadivo.md\/ru\/wp-json\/wp\/v2\/media\/49119"}],"wp:attachment":[{"href":"https:\/\/creadivo.md\/ru\/wp-json\/wp\/v2\/media?parent=49118"}],"wp:term":[{"taxonomy":"product_brand","embeddable":true,"href":"https:\/\/creadivo.md\/ru\/wp-json\/wp\/v2\/product_brand?post=49118"},{"taxonomy":"product_cat","embeddable":true,"href":"https:\/\/creadivo.md\/ru\/wp-json\/wp\/v2\/product_cat?post=49118"},{"taxonomy":"product_tag","embeddable":true,"href":"https:\/\/creadivo.md\/ru\/wp-json\/wp\/v2\/product_tag?post=49118"}],"curies":[{"name":"wp","href":"https:\/\/api.w.org\/{rel}","templated":true}]}}