{"id":49124,"date":"2024-06-10T21:59:09","date_gmt":"2024-06-10T21:59:09","guid":{"rendered":"https:\/\/creadivo.md\/?post_type=product&#038;p=49124"},"modified":"2026-04-09T00:20:08","modified_gmt":"2026-04-09T00:20:08","slug":"abina-de-dus-concept-black-90x90","status":"publish","type":"product","link":"https:\/\/creadivo.md\/ru\/product\/abina-de-dus-concept-black-90x90\/","title":{"rendered":"\u0414\u0423\u0428\u0415\u0412\u0410\u042f \u0414\u0412\u0415\u0420\u042c CONCEPT BLACK 90\u00d790"},"content":{"rendered":"<p>Functionalitate si estetica &#8211; aceste cuvinte descriu cel mai bine cabina noastra de dus Concept. Cabina va merge cu siguran\u021b\u0103 bine cu alte elemente de design de baie.<\/p>\n<p>Culoarea neagr\u0103 se aplic\u0103 \u00een timpul procesului de produc\u021bie \u0219i apoi se \u00eent\u0103re\u0219te de dou\u0103 ori \u00eempreun\u0103 cu frunza la o temperatur\u0103 de 600-800\u00b0C. Acest lucru garanteaz\u0103 durabilitate 100% \u0219i rezisten\u021b\u0103 la zg\u00e2rieturi \u0219i deterior\u0103ri mecanice. Aceasta este singura metod\u0103 care asigur\u0103 cea mai \u00eenalt\u0103 calitate \u0219i durabilitate.<\/p>\n<p>Cabina este adaptat\u0103 pentru instalare pe podea cu scurgere liniar\u0103 \u0219i pe o cad\u0103 de du\u0219. V\u0103 rug\u0103m s\u0103 verifica\u021bi \u0219i celelalte oferte din magazinul nostru!<\/p>\n<div style=\"margin: 20px 0;\"><div class=\"qrcswholewtapper\" style=\"text-align:left;\"><div class=\"qrcprowrapper\"  id=\"qrcwraa2leds\"><div class=\"qrc_canvass\" id=\"qrc_cuttenpages_2\" style=\"display:inline-block\" data-text=\"https:\/\/creadivo.md\/ru\/product\/abina-de-dus-concept-black-90x90\/\"><\/div><\/div><\/div><\/div>","protected":false},"excerpt":{"rendered":"<p>Functionalitate si estetica &#8211; aceste cuvinte descriu cel mai bine cabina noastra de dus Concept. Cabina va merge cu siguran\u021b\u0103<\/p>","protected":false},"featured_media":49125,"template":"","meta":[],"product_brand":[],"product_cat":[24,298],"product_tag":[],"class_list":{"0":"post-49124","1":"product","2":"type-product","3":"status-publish","4":"has-post-thumbnail","6":"product_cat-cabine-de-dus","7":"product_cat-cabine-de-colt","8":"pa_acoperire-usor-curatat","9":"pa_directia-de-instalare-universal","10":"pa_grosime-de-sticla-5-mm-intarit","11":"pa_inaltime-190-cm","12":"pa_instalare-pe-cabina-de-dus-sau-direct-pe-podea","13":"pa_tip-cabina-colt-alunecare","15":"first","16":"instock","17":"purchasable","18":"product-type-simple"},"_links":{"self":[{"href":"https:\/\/creadivo.md\/ru\/wp-json\/wp\/v2\/product\/49124","targetHints":{"allow":["GET"]}}],"collection":[{"href":"https:\/\/creadivo.md\/ru\/wp-json\/wp\/v2\/product"}],"about":[{"href":"https:\/\/creadivo.md\/ru\/wp-json\/wp\/v2\/types\/product"}],"version-history":[{"count":0,"href":"https:\/\/creadivo.md\/ru\/wp-json\/wp\/v2\/product\/49124\/revisions"}],"wp:featuredmedia":[{"embeddable":true,"href":"https:\/\/creadivo.md\/ru\/wp-json\/wp\/v2\/media\/49125"}],"wp:attachment":[{"href":"https:\/\/creadivo.md\/ru\/wp-json\/wp\/v2\/media?parent=49124"}],"wp:term":[{"taxonomy":"product_brand","embeddable":true,"href":"https:\/\/creadivo.md\/ru\/wp-json\/wp\/v2\/product_brand?post=49124"},{"taxonomy":"product_cat","embeddable":true,"href":"https:\/\/creadivo.md\/ru\/wp-json\/wp\/v2\/product_cat?post=49124"},{"taxonomy":"product_tag","embeddable":true,"href":"https:\/\/creadivo.md\/ru\/wp-json\/wp\/v2\/product_tag?post=49124"}],"curies":[{"name":"wp","href":"https:\/\/api.w.org\/{rel}","templated":true}]}}