{"id":49175,"date":"2024-06-10T22:00:05","date_gmt":"2024-06-10T22:00:05","guid":{"rendered":"https:\/\/creadivo.md\/?post_type=product&#038;p=49175"},"modified":"2026-04-10T00:12:13","modified_gmt":"2026-04-10T00:12:13","slug":"lavoar-pe-blat-royal-black-marble-mat","status":"publish","type":"product","link":"https:\/\/creadivo.md\/ru\/product\/lavoar-pe-blat-royal-black-marble-mat\/","title":{"rendered":"\u0423\u041c\u042b\u0412\u0410\u041b\u042c\u041d\u0418\u041a ROYAL BLACK MARBLE MAT"},"content":{"rendered":"<p>V\u0103 prezent\u0103m o chiuvet\u0103 frumoas\u0103 \u0219i modern\u0103, care se caracterizeaz\u0103 printr-o func\u021bionalitate extraordinar\u0103. Este fabricat 100% din ceramic\u0103 sanitar\u0103 de \u00eenalt\u0103 calitate, ceea ce garanteaz\u0103 durabilitate pentru mul\u021bi ani de utilizare. Produsul este foarte rezistent la murd\u0103rie \u0219i zg\u00e2rieturi, iar un avantaj suplimentar este c\u0103 se men\u021bine u\u0219or cur\u0103\u021benia general\u0103 datorit\u0103 formei sale neobi\u0219nuite. Forma simpl\u0103 va umple perfect orice spa\u021biu de baie, p\u0103str\u00e2nd aspectul \u0219i estetica impecabile a interiorului. Lavoarul se va potrivi perfect atat in baile moderne si clasice, cat si in cele cu stil retro.<\/p>\n<div style=\"margin: 20px 0;\"><div class=\"qrcswholewtapper\" style=\"text-align:left;\"><div class=\"qrcprowrapper\"  id=\"qrcwraa2leds\"><div class=\"qrc_canvass\" id=\"qrc_cuttenpages_2\" style=\"display:inline-block\" data-text=\"https:\/\/creadivo.md\/ru\/product\/lavoar-pe-blat-royal-black-marble-mat\/\"><\/div><\/div><\/div><\/div>","protected":false},"excerpt":{"rendered":"<p>V\u0103 prezent\u0103m o chiuvet\u0103 frumoas\u0103 \u0219i modern\u0103, care se caracterizeaz\u0103 printr-o func\u021bionalitate extraordinar\u0103. Este fabricat 100% din ceramic\u0103 sanitar\u0103 de<\/p>","protected":false},"featured_media":49176,"template":"","meta":[],"product_brand":[],"product_cat":[21,286],"product_tag":[],"class_list":{"0":"post-49175","1":"product","2":"type-product","3":"status-publish","4":"has-post-thumbnail","6":"product_cat-lavoare","7":"product_cat-lavoar-pe-blat","8":"pa_gaura-baterie-nu","9":"pa_gaura-de-deversare-nu","10":"pa_marimea-620x360x160mm","12":"first","13":"instock","14":"purchasable","15":"product-type-simple"},"_links":{"self":[{"href":"https:\/\/creadivo.md\/ru\/wp-json\/wp\/v2\/product\/49175","targetHints":{"allow":["GET"]}}],"collection":[{"href":"https:\/\/creadivo.md\/ru\/wp-json\/wp\/v2\/product"}],"about":[{"href":"https:\/\/creadivo.md\/ru\/wp-json\/wp\/v2\/types\/product"}],"version-history":[{"count":1,"href":"https:\/\/creadivo.md\/ru\/wp-json\/wp\/v2\/product\/49175\/revisions"}],"predecessor-version":[{"id":62417,"href":"https:\/\/creadivo.md\/ru\/wp-json\/wp\/v2\/product\/49175\/revisions\/62417"}],"wp:featuredmedia":[{"embeddable":true,"href":"https:\/\/creadivo.md\/ru\/wp-json\/wp\/v2\/media\/49176"}],"wp:attachment":[{"href":"https:\/\/creadivo.md\/ru\/wp-json\/wp\/v2\/media?parent=49175"}],"wp:term":[{"taxonomy":"product_brand","embeddable":true,"href":"https:\/\/creadivo.md\/ru\/wp-json\/wp\/v2\/product_brand?post=49175"},{"taxonomy":"product_cat","embeddable":true,"href":"https:\/\/creadivo.md\/ru\/wp-json\/wp\/v2\/product_cat?post=49175"},{"taxonomy":"product_tag","embeddable":true,"href":"https:\/\/creadivo.md\/ru\/wp-json\/wp\/v2\/product_tag?post=49175"}],"curies":[{"name":"wp","href":"https:\/\/api.w.org\/{rel}","templated":true}]}}