{"id":49249,"date":"2024-06-10T22:01:46","date_gmt":"2024-06-10T22:01:46","guid":{"rendered":"https:\/\/creadivo.md\/?post_type=product&#038;p=49249"},"modified":"2024-12-11T05:30:25","modified_gmt":"2024-12-11T05:30:25","slug":"baterie-pentru-cada-icon-black-gold","status":"publish","type":"product","link":"https:\/\/creadivo.md\/ru\/product\/baterie-pentru-cada-icon-black-gold\/","title":{"rendered":"\u0421\u041c\u0415\u0421\u0418\u0422\u0415\u041b\u042c \u0414\u041b\u042f \u0412\u0410\u041d\u041d\u042b ICON BLACK GOLD"},"content":{"rendered":"<p>Un set excelent format din cinci p\u0103r\u021bi. Acest set se va potrivi perfect \u00een orice spa\u021biu de baie. Negrul mat cu aspect deosebit va spori elegan\u021ba \u0219i toate calit\u0103\u021bile oric\u0103rei b\u0103i. Fiecare parte a setului este realizat\u0103 din alam\u0103 \u0219i acoperit\u0103 cu un strat negru foarte rezistent, care \u00eei permite s\u0103 fie p\u0103strat curat \u0219i protejeaz\u0103 \u00eempotriva zg\u00e2rieturilor \u0219i deterior\u0103rii.<\/p>\n<div style=\"margin: 20px 0;\"><div class=\"qrcswholewtapper\" style=\"text-align:left;\"><div class=\"qrcprowrapper\"  id=\"qrcwraa2leds\"><div class=\"qrc_canvass\" id=\"qrc_cuttenpages_2\" style=\"display:inline-block\" data-text=\"https:\/\/creadivo.md\/ru\/product\/baterie-pentru-cada-icon-black-gold\/\"><\/div><\/div><\/div><\/div>","protected":false},"excerpt":{"rendered":"<p>Un set excelent format din cinci p\u0103r\u021bi. Acest set se va potrivi perfect \u00een orice spa\u021biu de baie. Negrul mat<\/p>","protected":false},"featured_media":49250,"template":"","meta":[],"product_brand":[],"product_cat":[29,290],"product_tag":[],"class_list":{"0":"post-49249","1":"product","2":"type-product","3":"status-publish","4":"has-post-thumbnail","6":"product_cat-baterii-sanitare","7":"product_cat-pentru-cada","8":"pa_cap-ceramica-cu-mixer","9":"pa_conexiune-3-8-inch","10":"pa_informatii-suplimentare-comutator-cu-2-functii-aerator-de-aerare","11":"pa_instalare-pentru-cada-sau-blat","13":"first","14":"instock","15":"purchasable","16":"product-type-simple"},"_links":{"self":[{"href":"https:\/\/creadivo.md\/ru\/wp-json\/wp\/v2\/product\/49249","targetHints":{"allow":["GET"]}}],"collection":[{"href":"https:\/\/creadivo.md\/ru\/wp-json\/wp\/v2\/product"}],"about":[{"href":"https:\/\/creadivo.md\/ru\/wp-json\/wp\/v2\/types\/product"}],"version-history":[{"count":0,"href":"https:\/\/creadivo.md\/ru\/wp-json\/wp\/v2\/product\/49249\/revisions"}],"wp:featuredmedia":[{"embeddable":true,"href":"https:\/\/creadivo.md\/ru\/wp-json\/wp\/v2\/media\/49250"}],"wp:attachment":[{"href":"https:\/\/creadivo.md\/ru\/wp-json\/wp\/v2\/media?parent=49249"}],"wp:term":[{"taxonomy":"product_brand","embeddable":true,"href":"https:\/\/creadivo.md\/ru\/wp-json\/wp\/v2\/product_brand?post=49249"},{"taxonomy":"product_cat","embeddable":true,"href":"https:\/\/creadivo.md\/ru\/wp-json\/wp\/v2\/product_cat?post=49249"},{"taxonomy":"product_tag","embeddable":true,"href":"https:\/\/creadivo.md\/ru\/wp-json\/wp\/v2\/product_tag?post=49249"}],"curies":[{"name":"wp","href":"https:\/\/api.w.org\/{rel}","templated":true}]}}