{"id":49282,"date":"2024-06-10T22:02:16","date_gmt":"2024-06-10T22:02:16","guid":{"rendered":"https:\/\/creadivo.md\/?post_type=product&#038;p=49282"},"modified":"2026-01-16T00:21:04","modified_gmt":"2026-01-16T00:21:04","slug":"rigola-dus-pure-neo-pro-black-500","status":"publish","type":"product","link":"https:\/\/creadivo.md\/ru\/product\/rigola-dus-pure-neo-pro-black-500\/","title":{"rendered":"\u0422\u0420\u0410\u041f \u0414\u041b\u042f \u0414\u0423\u0428\u0410 PURE NEO PRO BLACK 500"},"content":{"rendered":"<p>Neo Pro Black 2in1 este realizat din o\u021bel inoxidabil Aisi 304 de \u00eenalt\u0103 calitate, rezistent la acizi. Culoarea final\u0103 a scurgerii a fost dat\u0103 \u00een etapa de produc\u021bie \u0219i protejat\u0103 cu un strat Nano FLEX, care protejeaz\u0103 perfect intrarea \u00eempotriva umezelii \u0219i faciliteaz\u0103. flux de ap\u0103.<\/p>\n<p>O tr\u0103s\u0103tur\u0103 caracteristic\u0103 a scurgerii este un capac reversibil cu op\u021biunea de lipire a pl\u0103cilor pe capacul de drenaj. Rezultatul final va face ca scurgerea instalat\u0103 s\u0103 se amestece frumos cu decorul podelei \u0219i, dac\u0103 este necesar, poate fi inversat\u0103 pentru a ob\u021bine o suprafa\u021b\u0103 frumoas\u0103, neagr\u0103.<\/p>\n<div style=\"margin: 20px 0;\"><div class=\"qrcswholewtapper\" style=\"text-align:left;\"><div class=\"qrcprowrapper\"  id=\"qrcwraa2leds\"><div class=\"qrc_canvass\" id=\"qrc_cuttenpages_2\" style=\"display:inline-block\" data-text=\"https:\/\/creadivo.md\/ru\/product\/rigola-dus-pure-neo-pro-black-500\/\"><\/div><\/div><\/div><\/div>","protected":false},"excerpt":{"rendered":"<p>Neo Pro Black 2in1 este realizat din o\u021bel inoxidabil Aisi 304 de \u00eenalt\u0103 calitate, rezistent la acizi. Culoarea final\u0103 a<\/p>","protected":false},"featured_media":62969,"template":"","meta":[],"product_brand":[],"product_cat":[102],"product_tag":[],"class_list":{"0":"post-49282","1":"product","2":"type-product","3":"status-publish","4":"has-post-thumbnail","6":"product_cat-sifoane-si-rigole","7":"pa_canelura-cu-doua-fete","8":"pa_capacitate-sifon-045-l-s","9":"pa_grosimea-rigoalului-inferior-12-mm","10":"pa_informatii-suplimentare-are-o-capcana-detasabila-pentru-murdarie","11":"pa_tip-de-sifon-rotativ-360","13":"first","14":"outofstock","15":"purchasable","16":"product-type-simple"},"_links":{"self":[{"href":"https:\/\/creadivo.md\/ru\/wp-json\/wp\/v2\/product\/49282","targetHints":{"allow":["GET"]}}],"collection":[{"href":"https:\/\/creadivo.md\/ru\/wp-json\/wp\/v2\/product"}],"about":[{"href":"https:\/\/creadivo.md\/ru\/wp-json\/wp\/v2\/types\/product"}],"version-history":[{"count":0,"href":"https:\/\/creadivo.md\/ru\/wp-json\/wp\/v2\/product\/49282\/revisions"}],"wp:featuredmedia":[{"embeddable":true,"href":"https:\/\/creadivo.md\/ru\/wp-json\/wp\/v2\/media\/62969"}],"wp:attachment":[{"href":"https:\/\/creadivo.md\/ru\/wp-json\/wp\/v2\/media?parent=49282"}],"wp:term":[{"taxonomy":"product_brand","embeddable":true,"href":"https:\/\/creadivo.md\/ru\/wp-json\/wp\/v2\/product_brand?post=49282"},{"taxonomy":"product_cat","embeddable":true,"href":"https:\/\/creadivo.md\/ru\/wp-json\/wp\/v2\/product_cat?post=49282"},{"taxonomy":"product_tag","embeddable":true,"href":"https:\/\/creadivo.md\/ru\/wp-json\/wp\/v2\/product_tag?post=49282"}],"curies":[{"name":"wp","href":"https:\/\/api.w.org\/{rel}","templated":true}]}}