{"id":49373,"date":"2024-06-10T22:04:11","date_gmt":"2024-06-10T22:04:11","guid":{"rendered":"https:\/\/creadivo.md\/?post_type=product&#038;p=49373"},"modified":"2024-09-10T08:13:30","modified_gmt":"2024-09-10T08:13:30","slug":"cabina-de-dus-space-black-80x100","status":"publish","type":"product","link":"https:\/\/creadivo.md\/ru\/product\/cabina-de-dus-space-black-80x100\/","title":{"rendered":"\u0414\u0423\u0428\u0415\u0412\u0410\u042f \u041a\u0410\u0411\u0418\u041d\u0410 SPACE BLACK 80\u00d7100"},"content":{"rendered":"<p>V\u0103 prezent\u0103m o cabin\u0103 de col\u021b Space frumoas\u0103 \u0219i extrem de func\u021bional\u0103. Acesta este un produs care \u00ee\u021bi va umple perfect spa\u021biul de baie, p\u0103str\u00e2nd \u00een acela\u0219i timp aspectul \u0219i estetica impecabile a interiorului. Datorit\u0103 elementelor de finisare negre, produsul nostru este extrem de universal \u0219i cu siguran\u021b\u0103 se va potrivi \u00een decorul camerei dumneavoastr\u0103 sanitare. Datorit\u0103 designului s\u0103u, cabina Space permite instalarea pe o cad\u0103 de du\u0219 de diferite \u00een\u0103l\u021bimi sau direct pe podea. U\u0219a du\u0219ului gliseaz\u0103 spre interior, ceea ce ajut\u0103 la utilizarea practic\u0103 a b\u0103ii.<\/p>\n<p>Au un strat de protec\u021bie Easy Clean care faciliteaz\u0103 men\u021binerea curat\u0103 a cabinei. Datorit\u0103 unei faze speciale de produc\u021bie, acestea sunt durabile \u0219i u\u0219or de cur\u0103\u021bat.<\/p>\n<p>Culoarea neagr\u0103 se aplic\u0103 \u00een timpul procesului de produc\u021bie \u0219i apoi se \u00eent\u0103re\u0219te de dou\u0103 ori \u00eempreun\u0103 cu frunza la o temperatur\u0103 de 600-800\u00b0C. Acest lucru garanteaz\u0103 durabilitate 100% \u0219i rezisten\u021b\u0103 la zg\u00e2rieturi \u0219i deterior\u0103ri mecanice. Aceasta este singura metod\u0103 care asigur\u0103 cea mai \u00eenalt\u0103 calitate \u0219i durabilitate.<\/p>\n<p>\u00cen cabina noastr\u0103, am folosit un sistem inovator de deschidere a u\u0219ilor &#8211; Autoline.<\/p>\n<p>Modelul de cabina Space are un sistem de culisare eficient, care permite deschiderea si inchiderea usoara a usii, bazat pe patru role simple. Usa aluneca lin spre interior, ceea ce face ca cabina extrem de practica, mai ales in baile mici cu spatiu limitat. U\u0219a deschis\u0103 nu se extinde dincolo de cabin\u0103, facilit\u00e2nd utilizarea b\u0103ii \u00een sine, f\u0103r\u0103 a reduce spa\u021biul din interiorul cabinei.<\/p>\n<p>Sistemul de deschidere a fost proiectat pentru a func\u021biona perfect f\u0103r\u0103 probleme pentru mul\u021bi ani de utilizare.<\/p>\n<div style=\"margin: 20px 0;\"><div class=\"qrcswholewtapper\" style=\"text-align:left;\"><div class=\"qrcprowrapper\"  id=\"qrcwraa2leds\"><div class=\"qrc_canvass\" id=\"qrc_cuttenpages_2\" style=\"display:inline-block\" data-text=\"https:\/\/creadivo.md\/ru\/product\/cabina-de-dus-space-black-80x100\/\"><\/div><\/div><\/div><\/div>","protected":false},"excerpt":{"rendered":"<p>V\u0103 prezent\u0103m o cabin\u0103 de col\u021b Space frumoas\u0103 \u0219i extrem de func\u021bional\u0103. Acesta este un produs care \u00ee\u021bi va umple<\/p>","protected":false},"featured_media":49374,"template":"","meta":[],"product_brand":[],"product_cat":[24,298],"product_tag":[],"class_list":{"0":"post-49373","1":"product","2":"type-product","3":"status-publish","4":"has-post-thumbnail","6":"product_cat-cabine-de-dus","7":"product_cat-cabine-de-colt","8":"pa_acoperire-usor-curatat","9":"pa_directia-de-instalare-universal","10":"pa_grosime-de-sticla-6-mm-intarit","11":"pa_inaltime-195-cm","12":"pa_instalare-pe-cabina-de-dus-sau-direct-pe-podea","13":"pa_tip-cabina-colt-alunecare","15":"first","16":"instock","17":"purchasable","18":"product-type-simple"},"_links":{"self":[{"href":"https:\/\/creadivo.md\/ru\/wp-json\/wp\/v2\/product\/49373","targetHints":{"allow":["GET"]}}],"collection":[{"href":"https:\/\/creadivo.md\/ru\/wp-json\/wp\/v2\/product"}],"about":[{"href":"https:\/\/creadivo.md\/ru\/wp-json\/wp\/v2\/types\/product"}],"version-history":[{"count":0,"href":"https:\/\/creadivo.md\/ru\/wp-json\/wp\/v2\/product\/49373\/revisions"}],"wp:featuredmedia":[{"embeddable":true,"href":"https:\/\/creadivo.md\/ru\/wp-json\/wp\/v2\/media\/49374"}],"wp:attachment":[{"href":"https:\/\/creadivo.md\/ru\/wp-json\/wp\/v2\/media?parent=49373"}],"wp:term":[{"taxonomy":"product_brand","embeddable":true,"href":"https:\/\/creadivo.md\/ru\/wp-json\/wp\/v2\/product_brand?post=49373"},{"taxonomy":"product_cat","embeddable":true,"href":"https:\/\/creadivo.md\/ru\/wp-json\/wp\/v2\/product_cat?post=49373"},{"taxonomy":"product_tag","embeddable":true,"href":"https:\/\/creadivo.md\/ru\/wp-json\/wp\/v2\/product_tag?post=49373"}],"curies":[{"name":"wp","href":"https:\/\/api.w.org\/{rel}","templated":true}]}}