{"id":49436,"date":"2024-06-10T22:05:17","date_gmt":"2024-06-10T22:05:17","guid":{"rendered":"https:\/\/creadivo.md\/?post_type=product&#038;p=49436"},"modified":"2025-08-31T19:50:58","modified_gmt":"2025-08-31T19:50:58","slug":"rigola-dus-neo-slim-pro-gold-gloss-500","status":"publish","type":"product","link":"https:\/\/creadivo.md\/ru\/product\/rigola-dus-neo-slim-pro-gold-gloss-500\/","title":{"rendered":"\u0422\u0420\u0410\u041f \u0414\u041b\u042f \u0414\u0423\u0428\u0410 NEO SLIM PRO GOLD GLOSS 500"},"content":{"rendered":"<p>Modelul de scurgere Neo Slim Gold Pro este unul dintre cele mai bune scurgeri liniare ale noastre, realizat din o\u021bel inoxidabil Aisi 304 de \u00eenalt\u0103 calitate. un loc non-standard. Sifonul Neo Slim Gold Pro este disponibil \u00een patru dimensiuni pentru a se potrivi perfect cabinei de du\u0219 sau u\u0219ii pe care o ve\u021bi g\u0103si \u00een oferta noastr\u0103.<\/p>\n<div style=\"margin: 20px 0;\"><div class=\"qrcswholewtapper\" style=\"text-align:left;\"><div class=\"qrcprowrapper\"  id=\"qrcwraa2leds\"><div class=\"qrc_canvass\" id=\"qrc_cuttenpages_2\" style=\"display:inline-block\" data-text=\"https:\/\/creadivo.md\/ru\/product\/rigola-dus-neo-slim-pro-gold-gloss-500\/\"><\/div><\/div><\/div><\/div>","protected":false},"excerpt":{"rendered":"<p>Modelul de scurgere Neo Slim Gold Pro este unul dintre cele mai bune scurgeri liniare ale noastre, realizat din o\u021bel<\/p>","protected":false},"featured_media":49437,"template":"","meta":[],"product_brand":[],"product_cat":[102],"product_tag":[],"class_list":{"0":"post-49436","1":"product","2":"type-product","3":"status-publish","4":"has-post-thumbnail","6":"product_cat-sifoane-si-rigole","7":"pa_canelura-unilateral","8":"pa_capacitate-sifon-045-l-s","9":"pa_grosimea-rigoalului-inferior-12-mm","10":"pa_informatii-suplimentare-are-o-capcana-detasabila-pentru-murdarie","11":"pa_tip-de-sifon-rotativ-360","13":"first","14":"outofstock","15":"purchasable","16":"product-type-simple"},"_links":{"self":[{"href":"https:\/\/creadivo.md\/ru\/wp-json\/wp\/v2\/product\/49436","targetHints":{"allow":["GET"]}}],"collection":[{"href":"https:\/\/creadivo.md\/ru\/wp-json\/wp\/v2\/product"}],"about":[{"href":"https:\/\/creadivo.md\/ru\/wp-json\/wp\/v2\/types\/product"}],"version-history":[{"count":0,"href":"https:\/\/creadivo.md\/ru\/wp-json\/wp\/v2\/product\/49436\/revisions"}],"wp:featuredmedia":[{"embeddable":true,"href":"https:\/\/creadivo.md\/ru\/wp-json\/wp\/v2\/media\/49437"}],"wp:attachment":[{"href":"https:\/\/creadivo.md\/ru\/wp-json\/wp\/v2\/media?parent=49436"}],"wp:term":[{"taxonomy":"product_brand","embeddable":true,"href":"https:\/\/creadivo.md\/ru\/wp-json\/wp\/v2\/product_brand?post=49436"},{"taxonomy":"product_cat","embeddable":true,"href":"https:\/\/creadivo.md\/ru\/wp-json\/wp\/v2\/product_cat?post=49436"},{"taxonomy":"product_tag","embeddable":true,"href":"https:\/\/creadivo.md\/ru\/wp-json\/wp\/v2\/product_tag?post=49436"}],"curies":[{"name":"wp","href":"https:\/\/api.w.org\/{rel}","templated":true}]}}