{"id":49513,"date":"2024-06-10T22:07:06","date_gmt":"2024-06-10T22:07:06","guid":{"rendered":"https:\/\/creadivo.md\/?post_type=product&#038;p=49513"},"modified":"2024-12-19T19:15:15","modified_gmt":"2024-12-19T19:15:15","slug":"cuier-de-baie-erlo-03-black","status":"publish","type":"product","link":"https:\/\/creadivo.md\/ru\/product\/cuier-de-baie-erlo-03-black\/","title":{"rendered":"\u0412\u0415\u0428\u0410\u041b\u041a\u0410 ERLO 03 BLACK"},"content":{"rendered":"<p>Va prezentam un suport elegant pentru prosoape de baie. Datorit\u0103 designului s\u0103u modern, cuierul se va potrivi perfect \u00een orice stil de finisare a b\u0103ii.<\/p>\n<div style=\"margin: 20px 0;\"><div class=\"qrcswholewtapper\" style=\"text-align:left;\"><div class=\"qrcprowrapper\"  id=\"qrcwraa2leds\"><div class=\"qrc_canvass\" id=\"qrc_cuttenpages_2\" style=\"display:inline-block\" data-text=\"https:\/\/creadivo.md\/ru\/product\/cuier-de-baie-erlo-03-black\/\"><\/div><\/div><\/div><\/div>","protected":false},"excerpt":{"rendered":"<p>Va prezentam un suport elegant pentru prosoape de baie. Datorit\u0103 designului s\u0103u modern, cuierul se va potrivi perfect \u00een orice<\/p>","protected":false},"featured_media":49514,"template":"","meta":[],"product_brand":[],"product_cat":[2070,27,103],"product_tag":[],"class_list":{"0":"post-49513","1":"product","2":"type-product","3":"status-publish","4":"has-post-thumbnail","6":"product_cat-cuiere-pentru-baie","7":"product_cat-accesorii-pentru-casa","8":"product_cat-accesorii-de-baie","10":"first","11":"instock","12":"purchasable","13":"product-type-simple"},"_links":{"self":[{"href":"https:\/\/creadivo.md\/ru\/wp-json\/wp\/v2\/product\/49513","targetHints":{"allow":["GET"]}}],"collection":[{"href":"https:\/\/creadivo.md\/ru\/wp-json\/wp\/v2\/product"}],"about":[{"href":"https:\/\/creadivo.md\/ru\/wp-json\/wp\/v2\/types\/product"}],"version-history":[{"count":0,"href":"https:\/\/creadivo.md\/ru\/wp-json\/wp\/v2\/product\/49513\/revisions"}],"wp:featuredmedia":[{"embeddable":true,"href":"https:\/\/creadivo.md\/ru\/wp-json\/wp\/v2\/media\/49514"}],"wp:attachment":[{"href":"https:\/\/creadivo.md\/ru\/wp-json\/wp\/v2\/media?parent=49513"}],"wp:term":[{"taxonomy":"product_brand","embeddable":true,"href":"https:\/\/creadivo.md\/ru\/wp-json\/wp\/v2\/product_brand?post=49513"},{"taxonomy":"product_cat","embeddable":true,"href":"https:\/\/creadivo.md\/ru\/wp-json\/wp\/v2\/product_cat?post=49513"},{"taxonomy":"product_tag","embeddable":true,"href":"https:\/\/creadivo.md\/ru\/wp-json\/wp\/v2\/product_tag?post=49513"}],"curies":[{"name":"wp","href":"https:\/\/api.w.org\/{rel}","templated":true}]}}