{"id":49525,"date":"2024-06-10T22:07:20","date_gmt":"2024-06-10T22:07:20","guid":{"rendered":"https:\/\/creadivo.md\/?post_type=product&#038;p=49525"},"modified":"2024-12-17T08:38:42","modified_gmt":"2024-12-17T08:38:42","slug":"suport-hartie-igienica-erlo-04-black","status":"publish","type":"product","link":"https:\/\/creadivo.md\/ru\/product\/suport-hartie-igienica-erlo-04-black\/","title":{"rendered":"\u0414\u0415\u0420\u0416\u0410\u0422\u0415\u041b\u042c \u0414\u041b\u042f \u0422\u0423\u0410\u041b\u0415\u0422\u041d\u041e\u0419 \u0411\u0423\u041c\u0410\u0413\u0418 ERLO 04 BLACK"},"content":{"rendered":"<p>Suportul func\u021bional pentru h\u00e2rtie igienic\u0103 este realizat din metal negru de \u00eenalt\u0103 calitate. Perfect pentru locuri umede \u0219i umede. Kit de montare inclus. Minimalist \u0219i elegant, perfect pentru baia ta.<\/p>\n<div style=\"margin: 20px 0;\"><div class=\"qrcswholewtapper\" style=\"text-align:left;\"><div class=\"qrcprowrapper\"  id=\"qrcwraa2leds\"><div class=\"qrc_canvass\" id=\"qrc_cuttenpages_2\" style=\"display:inline-block\" data-text=\"https:\/\/creadivo.md\/ru\/product\/suport-hartie-igienica-erlo-04-black\/\"><\/div><\/div><\/div><\/div>","protected":false},"excerpt":{"rendered":"<p>Suportul func\u021bional pentru h\u00e2rtie igienic\u0103 este realizat din metal negru de \u00eenalt\u0103 calitate. Perfect pentru locuri umede \u0219i umede. Kit<\/p>","protected":false},"featured_media":49526,"template":"","meta":[],"product_brand":[],"product_cat":[2061,27],"product_tag":[],"class_list":{"0":"post-49525","1":"product","2":"type-product","3":"status-publish","4":"has-post-thumbnail","6":"product_cat-suporturi-hartie-igienica-in-moldova","7":"product_cat-accesorii-pentru-casa","9":"first","10":"outofstock","11":"purchasable","12":"product-type-simple"},"_links":{"self":[{"href":"https:\/\/creadivo.md\/ru\/wp-json\/wp\/v2\/product\/49525","targetHints":{"allow":["GET"]}}],"collection":[{"href":"https:\/\/creadivo.md\/ru\/wp-json\/wp\/v2\/product"}],"about":[{"href":"https:\/\/creadivo.md\/ru\/wp-json\/wp\/v2\/types\/product"}],"version-history":[{"count":0,"href":"https:\/\/creadivo.md\/ru\/wp-json\/wp\/v2\/product\/49525\/revisions"}],"wp:featuredmedia":[{"embeddable":true,"href":"https:\/\/creadivo.md\/ru\/wp-json\/wp\/v2\/media\/49526"}],"wp:attachment":[{"href":"https:\/\/creadivo.md\/ru\/wp-json\/wp\/v2\/media?parent=49525"}],"wp:term":[{"taxonomy":"product_brand","embeddable":true,"href":"https:\/\/creadivo.md\/ru\/wp-json\/wp\/v2\/product_brand?post=49525"},{"taxonomy":"product_cat","embeddable":true,"href":"https:\/\/creadivo.md\/ru\/wp-json\/wp\/v2\/product_cat?post=49525"},{"taxonomy":"product_tag","embeddable":true,"href":"https:\/\/creadivo.md\/ru\/wp-json\/wp\/v2\/product_tag?post=49525"}],"curies":[{"name":"wp","href":"https:\/\/api.w.org\/{rel}","templated":true}]}}