{"id":49530,"date":"2024-06-10T22:07:29","date_gmt":"2024-06-10T22:07:29","guid":{"rendered":"https:\/\/creadivo.md\/?post_type=product&#038;p=49530"},"modified":"2024-12-19T02:43:29","modified_gmt":"2024-12-19T02:43:29","slug":"suport-hartie-igienica-erlo-04-gold","status":"publish","type":"product","link":"https:\/\/creadivo.md\/ru\/product\/suport-hartie-igienica-erlo-04-gold\/","title":{"rendered":"\u0414\u0415\u0420\u0416\u0410\u0422\u0415\u041b\u042c \u0414\u041b\u042f \u0422\u0423\u0410\u041b\u0415\u0422\u041d\u041e\u0419 \u0411\u0423\u041c\u0410\u0413\u0418 ERLO 04 GOLD"},"content":{"rendered":"<p>Suportul func\u021bional pentru h\u00e2rtie igienic\u0103 este realizat din metal de \u00eenalt\u0103 calitate, cu finisaj auriu. Perfect pentru locuri umede \u0219i umede. Kit de montare inclus. Minimalist \u0219i elegant, perfect pentru baia ta.<\/p>\n<div style=\"margin: 20px 0;\"><div class=\"qrcswholewtapper\" style=\"text-align:left;\"><div class=\"qrcprowrapper\"  id=\"qrcwraa2leds\"><div class=\"qrc_canvass\" id=\"qrc_cuttenpages_2\" style=\"display:inline-block\" data-text=\"https:\/\/creadivo.md\/ru\/product\/suport-hartie-igienica-erlo-04-gold\/\"><\/div><\/div><\/div><\/div>","protected":false},"excerpt":{"rendered":"<p>Suportul func\u021bional pentru h\u00e2rtie igienic\u0103 este realizat din metal de \u00eenalt\u0103 calitate, cu finisaj auriu. Perfect pentru locuri umede \u0219i<\/p>","protected":false},"featured_media":49531,"template":"","meta":[],"product_brand":[],"product_cat":[2061,27],"product_tag":[],"class_list":{"0":"post-49530","1":"product","2":"type-product","3":"status-publish","4":"has-post-thumbnail","6":"product_cat-suporturi-hartie-igienica-in-moldova","7":"product_cat-accesorii-pentru-casa","9":"first","10":"outofstock","11":"purchasable","12":"product-type-simple"},"_links":{"self":[{"href":"https:\/\/creadivo.md\/ru\/wp-json\/wp\/v2\/product\/49530","targetHints":{"allow":["GET"]}}],"collection":[{"href":"https:\/\/creadivo.md\/ru\/wp-json\/wp\/v2\/product"}],"about":[{"href":"https:\/\/creadivo.md\/ru\/wp-json\/wp\/v2\/types\/product"}],"version-history":[{"count":0,"href":"https:\/\/creadivo.md\/ru\/wp-json\/wp\/v2\/product\/49530\/revisions"}],"wp:featuredmedia":[{"embeddable":true,"href":"https:\/\/creadivo.md\/ru\/wp-json\/wp\/v2\/media\/49531"}],"wp:attachment":[{"href":"https:\/\/creadivo.md\/ru\/wp-json\/wp\/v2\/media?parent=49530"}],"wp:term":[{"taxonomy":"product_brand","embeddable":true,"href":"https:\/\/creadivo.md\/ru\/wp-json\/wp\/v2\/product_brand?post=49530"},{"taxonomy":"product_cat","embeddable":true,"href":"https:\/\/creadivo.md\/ru\/wp-json\/wp\/v2\/product_cat?post=49530"},{"taxonomy":"product_tag","embeddable":true,"href":"https:\/\/creadivo.md\/ru\/wp-json\/wp\/v2\/product_tag?post=49530"}],"curies":[{"name":"wp","href":"https:\/\/api.w.org\/{rel}","templated":true}]}}