{"id":49537,"date":"2024-06-10T22:07:40","date_gmt":"2024-06-10T22:07:40","guid":{"rendered":"https:\/\/creadivo.md\/?post_type=product&#038;p=49537"},"modified":"2024-12-19T02:43:30","modified_gmt":"2024-12-19T02:43:30","slug":"perie-wc-erlo-05-gold","status":"publish","type":"product","link":"https:\/\/creadivo.md\/ru\/product\/perie-wc-erlo-05-gold\/","title":{"rendered":"\u0401\u0420\u0428\u0418\u041a \u0414\u041b\u042f \u0423\u041d\u0418\u0422\u0410\u0417\u0410 ERLO 05 GOLD"},"content":{"rendered":"<p>Va prezentam o perie de toaleta eleganta cu suport de perete. Datorit\u0103 designului s\u0103u modern, se va potrivi perfect \u00een orice stil de finisare a b\u0103ii.<\/p>\n<div style=\"margin: 20px 0;\"><div class=\"qrcswholewtapper\" style=\"text-align:left;\"><div class=\"qrcprowrapper\"  id=\"qrcwraa2leds\"><div class=\"qrc_canvass\" id=\"qrc_cuttenpages_2\" style=\"display:inline-block\" data-text=\"https:\/\/creadivo.md\/ru\/product\/perie-wc-erlo-05-gold\/\"><\/div><\/div><\/div><\/div>","protected":false},"excerpt":{"rendered":"<p>Va prezentam o perie de toaleta eleganta cu suport de perete. Datorit\u0103 designului s\u0103u modern, se va potrivi perfect \u00een<\/p>","protected":false},"featured_media":49538,"template":"","meta":[],"product_brand":[],"product_cat":[27,103],"product_tag":[],"class_list":{"0":"post-49537","1":"product","2":"type-product","3":"status-publish","4":"has-post-thumbnail","6":"product_cat-accesorii-pentru-casa","7":"product_cat-accesorii-de-baie","9":"first","10":"outofstock","11":"purchasable","12":"product-type-simple"},"_links":{"self":[{"href":"https:\/\/creadivo.md\/ru\/wp-json\/wp\/v2\/product\/49537","targetHints":{"allow":["GET"]}}],"collection":[{"href":"https:\/\/creadivo.md\/ru\/wp-json\/wp\/v2\/product"}],"about":[{"href":"https:\/\/creadivo.md\/ru\/wp-json\/wp\/v2\/types\/product"}],"version-history":[{"count":0,"href":"https:\/\/creadivo.md\/ru\/wp-json\/wp\/v2\/product\/49537\/revisions"}],"wp:featuredmedia":[{"embeddable":true,"href":"https:\/\/creadivo.md\/ru\/wp-json\/wp\/v2\/media\/49538"}],"wp:attachment":[{"href":"https:\/\/creadivo.md\/ru\/wp-json\/wp\/v2\/media?parent=49537"}],"wp:term":[{"taxonomy":"product_brand","embeddable":true,"href":"https:\/\/creadivo.md\/ru\/wp-json\/wp\/v2\/product_brand?post=49537"},{"taxonomy":"product_cat","embeddable":true,"href":"https:\/\/creadivo.md\/ru\/wp-json\/wp\/v2\/product_cat?post=49537"},{"taxonomy":"product_tag","embeddable":true,"href":"https:\/\/creadivo.md\/ru\/wp-json\/wp\/v2\/product_tag?post=49537"}],"curies":[{"name":"wp","href":"https:\/\/api.w.org\/{rel}","templated":true}]}}