{"id":49543,"date":"2024-06-10T22:07:40","date_gmt":"2024-06-10T22:07:40","guid":{"rendered":"https:\/\/creadivo.md\/?post_type=product&#038;p=49543"},"modified":"2024-12-11T05:31:33","modified_gmt":"2024-12-11T05:31:33","slug":"suport-pentru-prosoape-mist-01-chrome","status":"publish","type":"product","link":"https:\/\/creadivo.md\/ru\/product\/suport-pentru-prosoape-mist-01-chrome\/","title":{"rendered":"\u041f\u041e\u041b\u041e\u0422\u0415\u041d\u0426\u0415\u0414\u0415\u0420\u0416\u0410\u0422\u0415\u041b\u042c MIST 01 CHROME"},"content":{"rendered":"<p>Va prezentam un suport elegant pentru prosoape de baie. Datorit\u0103 designului s\u0103u modern, cuierul se va potrivi perfect \u00een orice stil de finisare a b\u0103ii.<\/p>\n<div style=\"margin: 20px 0;\"><div class=\"qrcswholewtapper\" style=\"text-align:left;\"><div class=\"qrcprowrapper\"  id=\"qrcwraa2leds\"><div class=\"qrc_canvass\" id=\"qrc_cuttenpages_2\" style=\"display:inline-block\" data-text=\"https:\/\/creadivo.md\/ru\/product\/suport-pentru-prosoape-mist-01-chrome\/\"><\/div><\/div><\/div><\/div>","protected":false},"excerpt":{"rendered":"<p>Va prezentam un suport elegant pentru prosoape de baie. Datorit\u0103 designului s\u0103u modern, cuierul se va potrivi perfect \u00een orice<\/p>","protected":false},"featured_media":49544,"template":"","meta":[],"product_brand":[],"product_cat":[2071,27,103],"product_tag":[],"class_list":{"0":"post-49543","1":"product","2":"type-product","3":"status-publish","4":"has-post-thumbnail","6":"product_cat-suport-pentru-prosoape","7":"product_cat-accesorii-pentru-casa","8":"product_cat-accesorii-de-baie","9":"pa_marimea-580-mm-x-70-mm","11":"first","12":"outofstock","13":"purchasable","14":"product-type-simple"},"_links":{"self":[{"href":"https:\/\/creadivo.md\/ru\/wp-json\/wp\/v2\/product\/49543","targetHints":{"allow":["GET"]}}],"collection":[{"href":"https:\/\/creadivo.md\/ru\/wp-json\/wp\/v2\/product"}],"about":[{"href":"https:\/\/creadivo.md\/ru\/wp-json\/wp\/v2\/types\/product"}],"version-history":[{"count":0,"href":"https:\/\/creadivo.md\/ru\/wp-json\/wp\/v2\/product\/49543\/revisions"}],"wp:featuredmedia":[{"embeddable":true,"href":"https:\/\/creadivo.md\/ru\/wp-json\/wp\/v2\/media\/49544"}],"wp:attachment":[{"href":"https:\/\/creadivo.md\/ru\/wp-json\/wp\/v2\/media?parent=49543"}],"wp:term":[{"taxonomy":"product_brand","embeddable":true,"href":"https:\/\/creadivo.md\/ru\/wp-json\/wp\/v2\/product_brand?post=49543"},{"taxonomy":"product_cat","embeddable":true,"href":"https:\/\/creadivo.md\/ru\/wp-json\/wp\/v2\/product_cat?post=49543"},{"taxonomy":"product_tag","embeddable":true,"href":"https:\/\/creadivo.md\/ru\/wp-json\/wp\/v2\/product_tag?post=49543"}],"curies":[{"name":"wp","href":"https:\/\/api.w.org\/{rel}","templated":true}]}}