{"id":49974,"date":"2024-06-10T22:19:18","date_gmt":"2024-06-10T22:19:18","guid":{"rendered":"https:\/\/creadivo.md\/?post_type=product&#038;p=49974"},"modified":"2026-03-27T00:30:23","modified_gmt":"2026-03-27T00:30:23","slug":"bideu-carlo-mini-black","status":"publish","type":"product","link":"https:\/\/creadivo.md\/ru\/product\/bideu-carlo-mini-black\/","title":{"rendered":"\u0411\u0418\u0414\u0415 CARLO MINI BLACK"},"content":{"rendered":"<p>Va prezentam un bideu frumos, extrem de functional si modern. Acesta este un produs care \u00ee\u021bi va umple perfect spa\u021biul de baie, p\u0103str\u00e2nd \u00een acela\u0219i timp aspectul \u0219i estetica impecabile a interiorului.<\/p>\n<p>Vasul este proiectat pentru a fi montat pe un cadru \u00eencastrat. Este realizat din ceramic\u0103 sanitar\u0103 de \u00eenalt\u0103 calitate. Datorit\u0103 unei faze speciale de produc\u021bie, este durabil \u0219i u\u0219or de p\u0103strat curat. Rame de bideu \u0219i robinete potrivite pot fi g\u0103site \u00een magazinul nostru.<\/p>\n<div style=\"margin: 20px 0;\"><div class=\"qrcswholewtapper\" style=\"text-align:left;\"><div class=\"qrcprowrapper\"  id=\"qrcwraa2leds\"><div class=\"qrc_canvass\" id=\"qrc_cuttenpages_2\" style=\"display:inline-block\" data-text=\"https:\/\/creadivo.md\/ru\/product\/bideu-carlo-mini-black\/\"><\/div><\/div><\/div><\/div>","protected":false},"excerpt":{"rendered":"<p>Va prezentam un bideu frumos, extrem de functional si modern. Acesta este un produs care \u00ee\u021bi va umple perfect spa\u021biul<\/p>","protected":false},"featured_media":49975,"template":"","meta":[],"product_brand":[],"product_cat":[22,293],"product_tag":[],"class_list":{"0":"post-49974","1":"product","2":"type-product","3":"status-publish","4":"has-post-thumbnail","6":"product_cat-bideuri","7":"product_cat-bideu-suspendat","8":"pa_marimea-495x370x325mm","9":"pa_spatiul-suruburilor-de-fixare-180-mm","11":"first","12":"instock","13":"purchasable","14":"product-type-simple"},"_links":{"self":[{"href":"https:\/\/creadivo.md\/ru\/wp-json\/wp\/v2\/product\/49974","targetHints":{"allow":["GET"]}}],"collection":[{"href":"https:\/\/creadivo.md\/ru\/wp-json\/wp\/v2\/product"}],"about":[{"href":"https:\/\/creadivo.md\/ru\/wp-json\/wp\/v2\/types\/product"}],"version-history":[{"count":0,"href":"https:\/\/creadivo.md\/ru\/wp-json\/wp\/v2\/product\/49974\/revisions"}],"wp:featuredmedia":[{"embeddable":true,"href":"https:\/\/creadivo.md\/ru\/wp-json\/wp\/v2\/media\/49975"}],"wp:attachment":[{"href":"https:\/\/creadivo.md\/ru\/wp-json\/wp\/v2\/media?parent=49974"}],"wp:term":[{"taxonomy":"product_brand","embeddable":true,"href":"https:\/\/creadivo.md\/ru\/wp-json\/wp\/v2\/product_brand?post=49974"},{"taxonomy":"product_cat","embeddable":true,"href":"https:\/\/creadivo.md\/ru\/wp-json\/wp\/v2\/product_cat?post=49974"},{"taxonomy":"product_tag","embeddable":true,"href":"https:\/\/creadivo.md\/ru\/wp-json\/wp\/v2\/product_tag?post=49974"}],"curies":[{"name":"wp","href":"https:\/\/api.w.org\/{rel}","templated":true}]}}