{"id":49977,"date":"2024-06-10T22:19:24","date_gmt":"2024-06-10T22:19:24","guid":{"rendered":"https:\/\/creadivo.md\/?post_type=product&#038;p=49977"},"modified":"2024-11-19T14:46:52","modified_gmt":"2024-11-19T14:46:52","slug":"set-de-dus-aldi-black","status":"publish","type":"product","link":"https:\/\/creadivo.md\/ru\/product\/set-de-dus-aldi-black\/","title":{"rendered":"\u0414\u0423\u0428\u0415\u0412\u0410\u042f \u0421\u0422\u041e\u0419\u041a\u0410 ALDI BLACK"},"content":{"rendered":"<p>Coloana de du\u0219 Aldi Black este disponibil \u00een culorile negre cu efect mat, ceea ce \u00eel face s\u0103 arate elegant \u0219i modern.<\/p>\n<div style=\"margin: 20px 0;\"><div class=\"qrcswholewtapper\" style=\"text-align:left;\"><div class=\"qrcprowrapper\"  id=\"qrcwraa2leds\"><div class=\"qrc_canvass\" id=\"qrc_cuttenpages_2\" style=\"display:inline-block\" data-text=\"https:\/\/creadivo.md\/ru\/product\/set-de-dus-aldi-black\/\"><\/div><\/div><\/div><\/div>","protected":false},"excerpt":{"rendered":"<p>Coloana de du\u0219 Aldi Black este disponibil \u00een culorile negre cu efect mat, ceea ce \u00eel face s\u0103 arate elegant<\/p>","protected":false},"featured_media":49978,"template":"","meta":[],"product_brand":[],"product_cat":[100,2085],"product_tag":[],"class_list":{"0":"post-49977","1":"product","2":"type-product","3":"status-publish","4":"has-post-thumbnail","6":"product_cat-coloane-de-dus","7":"product_cat-sisteme-de-dus","8":"pa_cap-ceramica-cu-mixer","9":"pa_conexiune-1-2-inch","10":"pa_inaltime-850-1350mm","11":"pa_informatii-suplimentare-sistem-anti-calc-rotula-permite-orice-pozitionare-a-dusului-de-ploaie","12":"pa_instalare-montat-la-suprafata","14":"first","15":"instock","16":"purchasable","17":"product-type-simple"},"_links":{"self":[{"href":"https:\/\/creadivo.md\/ru\/wp-json\/wp\/v2\/product\/49977","targetHints":{"allow":["GET"]}}],"collection":[{"href":"https:\/\/creadivo.md\/ru\/wp-json\/wp\/v2\/product"}],"about":[{"href":"https:\/\/creadivo.md\/ru\/wp-json\/wp\/v2\/types\/product"}],"version-history":[{"count":0,"href":"https:\/\/creadivo.md\/ru\/wp-json\/wp\/v2\/product\/49977\/revisions"}],"wp:featuredmedia":[{"embeddable":true,"href":"https:\/\/creadivo.md\/ru\/wp-json\/wp\/v2\/media\/49978"}],"wp:attachment":[{"href":"https:\/\/creadivo.md\/ru\/wp-json\/wp\/v2\/media?parent=49977"}],"wp:term":[{"taxonomy":"product_brand","embeddable":true,"href":"https:\/\/creadivo.md\/ru\/wp-json\/wp\/v2\/product_brand?post=49977"},{"taxonomy":"product_cat","embeddable":true,"href":"https:\/\/creadivo.md\/ru\/wp-json\/wp\/v2\/product_cat?post=49977"},{"taxonomy":"product_tag","embeddable":true,"href":"https:\/\/creadivo.md\/ru\/wp-json\/wp\/v2\/product_tag?post=49977"}],"curies":[{"name":"wp","href":"https:\/\/api.w.org\/{rel}","templated":true}]}}