{"id":50044,"date":"2024-06-10T22:20:40","date_gmt":"2024-06-10T22:20:40","guid":{"rendered":"https:\/\/creadivo.md\/?post_type=product&#038;p=50044"},"modified":"2026-03-27T00:30:26","modified_gmt":"2026-03-27T00:30:26","slug":"baterie-lavoar-lungo-white-low","status":"publish","type":"product","link":"https:\/\/creadivo.md\/ru\/product\/baterie-lavoar-lungo-white-low\/","title":{"rendered":"\u0421\u041c\u0415\u0421\u0418\u0422\u0415\u041b\u042c \u041d\u0410\u0421\u0422\u0415\u041d\u041d\u042b\u0419 LUNGO WHITE LOW"},"content":{"rendered":"<p>V\u0103 prezent\u0103m o baterie modern\u0103 \u0219i extrem de func\u021bional\u0103 Lungo White. Acesta este un produs care \u00ee\u021bi va umple perfect spa\u021biul de baie, p\u0103str\u00e2nd \u00een acela\u0219i timp aspectul \u0219i estetica impecabile a interiorului.<\/p>\n<p>Robinetul este proiectat pentru a fi montat pe blat sau lavoar. Este realizat din alama si acoperit cu culoarea alba, oferind un efect fenomenal. Datorit\u0103 unei faze speciale de produc\u021bie, este durabil \u0219i u\u0219or de p\u0103strat curat. Lavoarele potrivite cu sifoane se gasesc in oferta noastra.<\/p>\n<div style=\"margin: 20px 0;\"><div class=\"qrcswholewtapper\" style=\"text-align:left;\"><div class=\"qrcprowrapper\"  id=\"qrcwraa2leds\"><div class=\"qrc_canvass\" id=\"qrc_cuttenpages_2\" style=\"display:inline-block\" data-text=\"https:\/\/creadivo.md\/ru\/product\/baterie-lavoar-lungo-white-low\/\"><\/div><\/div><\/div><\/div>","protected":false},"excerpt":{"rendered":"<p>V\u0103 prezent\u0103m o baterie modern\u0103 \u0219i extrem de func\u021bional\u0103 Lungo White. Acesta este un produs care \u00ee\u021bi va umple perfect<\/p>","protected":false},"featured_media":50045,"template":"","meta":[],"product_brand":[],"product_cat":[29,289],"product_tag":[],"class_list":{"0":"post-50044","1":"product","2":"type-product","3":"status-publish","4":"has-post-thumbnail","6":"product_cat-baterii-sanitare","7":"product_cat-pentru-lavoar","8":"pa_cap-ceramica-cu-mixer","9":"pa_conexiune-3-8-inch","10":"pa_inaltime-170-mm","11":"pa_informatii-suplimentare-duza-fixa-aerator-de-aerare","12":"pa_instalare-pentru-lavoar-sau-blat","14":"first","15":"instock","16":"purchasable","17":"product-type-simple"},"_links":{"self":[{"href":"https:\/\/creadivo.md\/ru\/wp-json\/wp\/v2\/product\/50044","targetHints":{"allow":["GET"]}}],"collection":[{"href":"https:\/\/creadivo.md\/ru\/wp-json\/wp\/v2\/product"}],"about":[{"href":"https:\/\/creadivo.md\/ru\/wp-json\/wp\/v2\/types\/product"}],"version-history":[{"count":0,"href":"https:\/\/creadivo.md\/ru\/wp-json\/wp\/v2\/product\/50044\/revisions"}],"wp:featuredmedia":[{"embeddable":true,"href":"https:\/\/creadivo.md\/ru\/wp-json\/wp\/v2\/media\/50045"}],"wp:attachment":[{"href":"https:\/\/creadivo.md\/ru\/wp-json\/wp\/v2\/media?parent=50044"}],"wp:term":[{"taxonomy":"product_brand","embeddable":true,"href":"https:\/\/creadivo.md\/ru\/wp-json\/wp\/v2\/product_brand?post=50044"},{"taxonomy":"product_cat","embeddable":true,"href":"https:\/\/creadivo.md\/ru\/wp-json\/wp\/v2\/product_cat?post=50044"},{"taxonomy":"product_tag","embeddable":true,"href":"https:\/\/creadivo.md\/ru\/wp-json\/wp\/v2\/product_tag?post=50044"}],"curies":[{"name":"wp","href":"https:\/\/api.w.org\/{rel}","templated":true}]}}