{"id":50279,"date":"2024-06-10T22:25:16","date_gmt":"2024-06-10T22:25:16","guid":{"rendered":"https:\/\/creadivo.md\/?post_type=product&#038;p=50279"},"modified":"2026-03-27T00:30:38","modified_gmt":"2026-03-27T00:30:38","slug":"baterie-lavoar-storm-black-gold-low","status":"publish","type":"product","link":"https:\/\/creadivo.md\/ru\/product\/baterie-lavoar-storm-black-gold-low\/","title":{"rendered":"\u0421\u041c\u0415\u0421\u0418\u0422\u0415\u041b\u042c \u0414\u041b\u042f \u0423\u041c\u042b\u0412\u0410\u041b\u042c\u041d\u0418\u041a\u0410 STORM BLACK GOLD LOW"},"content":{"rendered":"<p>Va prezentam o baterie frumoasa, extrem de functionala si moderna. Acesta este un produs care \u00ee\u021bi va umple perfect spa\u021biul de baie, p\u0103str\u00e2nd \u00een acela\u0219i timp aspectul \u0219i estetica impecabile a interiorului. Robinetul este proiectat pentru a fi montat pe un blat de l\u00e2ng\u0103 chiuvet\u0103. Este realizata din alama acoperita cu un strat triplu de negru. Datorit\u0103 unei faze speciale de produc\u021bie, este durabil \u0219i u\u0219or de p\u0103strat curat.<\/p>\n<p>Robinetul joas\u0103 neagr\u0103 cu baterie aurie pentru lavoarul Storm este un model din alam\u0103 de \u00eenalt\u0103 calitate cu finisaj negru mat.<\/p>\n<p>Modelul Storm negru\/auriu folose\u0219te tehnologie inovatoare. Robinetul are un buton de pornire\/oprire a jetului de ap\u0103 \u0219i un buton de reglare a temperaturii apei.<\/p>\n<div style=\"margin: 20px 0;\"><div class=\"qrcswholewtapper\" style=\"text-align:left;\"><div class=\"qrcprowrapper\"  id=\"qrcwraa2leds\"><div class=\"qrc_canvass\" id=\"qrc_cuttenpages_2\" style=\"display:inline-block\" data-text=\"https:\/\/creadivo.md\/ru\/product\/baterie-lavoar-storm-black-gold-low\/\"><\/div><\/div><\/div><\/div>","protected":false},"excerpt":{"rendered":"<p>Va prezentam o baterie frumoasa, extrem de functionala si moderna. Acesta este un produs care \u00ee\u021bi va umple perfect spa\u021biul<\/p>","protected":false},"featured_media":50280,"template":"","meta":[],"product_brand":[],"product_cat":[29,289],"product_tag":[],"class_list":{"0":"post-50279","1":"product","2":"type-product","3":"status-publish","4":"has-post-thumbnail","6":"product_cat-baterii-sanitare","7":"product_cat-pentru-lavoar","8":"pa_cap-ceramica-cu-mixer","9":"pa_conexiune-3-8-inch","10":"pa_inaltime-165-mm","11":"pa_informatii-suplimentare-duza-fixa-aerator-de-aerare","12":"pa_instalare-pentru-lavoar-sau-blat","14":"first","15":"instock","16":"purchasable","17":"product-type-simple"},"_links":{"self":[{"href":"https:\/\/creadivo.md\/ru\/wp-json\/wp\/v2\/product\/50279","targetHints":{"allow":["GET"]}}],"collection":[{"href":"https:\/\/creadivo.md\/ru\/wp-json\/wp\/v2\/product"}],"about":[{"href":"https:\/\/creadivo.md\/ru\/wp-json\/wp\/v2\/types\/product"}],"version-history":[{"count":0,"href":"https:\/\/creadivo.md\/ru\/wp-json\/wp\/v2\/product\/50279\/revisions"}],"wp:featuredmedia":[{"embeddable":true,"href":"https:\/\/creadivo.md\/ru\/wp-json\/wp\/v2\/media\/50280"}],"wp:attachment":[{"href":"https:\/\/creadivo.md\/ru\/wp-json\/wp\/v2\/media?parent=50279"}],"wp:term":[{"taxonomy":"product_brand","embeddable":true,"href":"https:\/\/creadivo.md\/ru\/wp-json\/wp\/v2\/product_brand?post=50279"},{"taxonomy":"product_cat","embeddable":true,"href":"https:\/\/creadivo.md\/ru\/wp-json\/wp\/v2\/product_cat?post=50279"},{"taxonomy":"product_tag","embeddable":true,"href":"https:\/\/creadivo.md\/ru\/wp-json\/wp\/v2\/product_tag?post=50279"}],"curies":[{"name":"wp","href":"https:\/\/api.w.org\/{rel}","templated":true}]}}