{"id":50383,"date":"2024-06-10T22:27:32","date_gmt":"2024-06-10T22:27:32","guid":{"rendered":"https:\/\/creadivo.md\/?post_type=product&#038;p=50383"},"modified":"2024-11-15T18:49:14","modified_gmt":"2024-11-15T18:49:14","slug":"baterie-pentru-bideu-bloom-black-gold","status":"publish","type":"product","link":"https:\/\/creadivo.md\/ru\/product\/baterie-pentru-bideu-bloom-black-gold\/","title":{"rendered":"\u0421\u041c\u0415\u0421\u0418\u0422\u0415\u041b\u042c \u0414\u041b\u042f \u0411\u0418\u0414\u0415 BLOOM BLACK GOLD"},"content":{"rendered":"<p>Forme neobi\u0219nuite, de designer, durabilitate \u0219i func\u021bionalitate &#8211; acestea sunt cele mai mari avantaje ale bateriei pentru bideu din seria Bloom. Forma inovatoare se potrive\u0219te perfect \u00een orice baie modern\u0103, oferindu-i un aspect minunat \u0219i o elegan\u021b\u0103. Robinetul este realizat din alam\u0103 de \u00eenalt\u0103 calitate acoperit\u0103 cu un strat negru mat, care asigur\u0103 durabilitate \u0219i rezisten\u021b\u0103 ani de zile. Un aspect clasic \u00eentr-o form\u0103 accesibil\u0103 sunt cele mai importante caracteristici ale produselor din seria Bloom.<\/p>\n<div style=\"margin: 20px 0;\"><div class=\"qrcswholewtapper\" style=\"text-align:left;\"><div class=\"qrcprowrapper\"  id=\"qrcwraa2leds\"><div class=\"qrc_canvass\" id=\"qrc_cuttenpages_2\" style=\"display:inline-block\" data-text=\"https:\/\/creadivo.md\/ru\/product\/baterie-pentru-bideu-bloom-black-gold\/\"><\/div><\/div><\/div><\/div>","protected":false},"excerpt":{"rendered":"<p>Forme neobi\u0219nuite, de designer, durabilitate \u0219i func\u021bionalitate &#8211; acestea sunt cele mai mari avantaje ale bateriei pentru bideu din seria<\/p>","protected":false},"featured_media":50384,"template":"","meta":[],"product_brand":[],"product_cat":[29,292],"product_tag":[],"class_list":{"0":"post-50383","1":"product","2":"type-product","3":"status-publish","4":"has-post-thumbnail","6":"product_cat-baterii-sanitare","7":"product_cat-pentru-bideu","8":"pa_cap-ceramica-cu-mixer","9":"pa_conexiune-3-8-inch","10":"pa_inaltime-160-mm","11":"pa_informatii-suplimentare-aerator-de-aerare","12":"pa_instalare-pentru-un-bideu","14":"first","15":"instock","16":"purchasable","17":"product-type-simple"},"_links":{"self":[{"href":"https:\/\/creadivo.md\/ru\/wp-json\/wp\/v2\/product\/50383","targetHints":{"allow":["GET"]}}],"collection":[{"href":"https:\/\/creadivo.md\/ru\/wp-json\/wp\/v2\/product"}],"about":[{"href":"https:\/\/creadivo.md\/ru\/wp-json\/wp\/v2\/types\/product"}],"version-history":[{"count":0,"href":"https:\/\/creadivo.md\/ru\/wp-json\/wp\/v2\/product\/50383\/revisions"}],"wp:featuredmedia":[{"embeddable":true,"href":"https:\/\/creadivo.md\/ru\/wp-json\/wp\/v2\/media\/50384"}],"wp:attachment":[{"href":"https:\/\/creadivo.md\/ru\/wp-json\/wp\/v2\/media?parent=50383"}],"wp:term":[{"taxonomy":"product_brand","embeddable":true,"href":"https:\/\/creadivo.md\/ru\/wp-json\/wp\/v2\/product_brand?post=50383"},{"taxonomy":"product_cat","embeddable":true,"href":"https:\/\/creadivo.md\/ru\/wp-json\/wp\/v2\/product_cat?post=50383"},{"taxonomy":"product_tag","embeddable":true,"href":"https:\/\/creadivo.md\/ru\/wp-json\/wp\/v2\/product_tag?post=50383"}],"curies":[{"name":"wp","href":"https:\/\/api.w.org\/{rel}","templated":true}]}}