{"id":50450,"date":"2024-06-10T22:28:53","date_gmt":"2024-06-10T22:28:53","guid":{"rendered":"https:\/\/creadivo.md\/?post_type=product&#038;p=50450"},"modified":"2026-04-08T00:20:37","modified_gmt":"2026-04-08T00:20:37","slug":"lavoar-pe-blat-denis-black-stone","status":"publish","type":"product","link":"https:\/\/creadivo.md\/ru\/product\/lavoar-pe-blat-denis-black-stone\/","title":{"rendered":"\u0423\u041c\u042b\u0412\u0410\u041b\u042c\u041d\u0418\u041a DENIS BLACK STONE"},"content":{"rendered":"<p>V\u0103 prezent\u0103m un lavoar modern, unic, cu o culoare neagr\u0103 mat. Lavoarul Denis va adauga eleganta amenajarii baii, poate deveni o pauza unica de la plictiseala sau un plus subtil. Dac\u0103 alegem o versiune mat\u0103 a acestei culori nobile, efectul final va deveni cu siguran\u021b\u0103 u\u0219or \u0219i original.<\/p>\n<p>Datorit\u0103 tehnicii \u00een care a fost realizat stratul superior al lavoarului, fiecare pies\u0103 are un model unic \u0219i unic. Acest efect imit\u0103 piatra natural\u0103. Este realizat din ceramic\u0103 sanitar\u0103 de \u00eenalt\u0103 calitate. Datorit\u0103 unei faze speciale de produc\u021bie, este durabil \u0219i u\u0219or de p\u0103strat curat.<\/p>\n<div style=\"margin: 20px 0;\"><div class=\"qrcswholewtapper\" style=\"text-align:left;\"><div class=\"qrcprowrapper\"  id=\"qrcwraa2leds\"><div class=\"qrc_canvass\" id=\"qrc_cuttenpages_2\" style=\"display:inline-block\" data-text=\"https:\/\/creadivo.md\/ru\/product\/lavoar-pe-blat-denis-black-stone\/\"><\/div><\/div><\/div><\/div>","protected":false},"excerpt":{"rendered":"<p>V\u0103 prezent\u0103m un lavoar modern, unic, cu o culoare neagr\u0103 mat. Lavoarul Denis va adauga eleganta amenajarii baii, poate deveni<\/p>","protected":false},"featured_media":50451,"template":"","meta":[],"product_brand":[],"product_cat":[21,286],"product_tag":[],"class_list":{"0":"post-50450","1":"product","2":"type-product","3":"status-publish","4":"has-post-thumbnail","6":"product_cat-lavoare","7":"product_cat-lavoar-pe-blat","8":"pa_gaura-baterie-nu","9":"pa_gaura-de-deversare-nu","10":"pa_marimea-615x350x110-mm","12":"first","13":"instock","14":"purchasable","15":"product-type-simple"},"_links":{"self":[{"href":"https:\/\/creadivo.md\/ru\/wp-json\/wp\/v2\/product\/50450","targetHints":{"allow":["GET"]}}],"collection":[{"href":"https:\/\/creadivo.md\/ru\/wp-json\/wp\/v2\/product"}],"about":[{"href":"https:\/\/creadivo.md\/ru\/wp-json\/wp\/v2\/types\/product"}],"version-history":[{"count":0,"href":"https:\/\/creadivo.md\/ru\/wp-json\/wp\/v2\/product\/50450\/revisions"}],"wp:featuredmedia":[{"embeddable":true,"href":"https:\/\/creadivo.md\/ru\/wp-json\/wp\/v2\/media\/50451"}],"wp:attachment":[{"href":"https:\/\/creadivo.md\/ru\/wp-json\/wp\/v2\/media?parent=50450"}],"wp:term":[{"taxonomy":"product_brand","embeddable":true,"href":"https:\/\/creadivo.md\/ru\/wp-json\/wp\/v2\/product_brand?post=50450"},{"taxonomy":"product_cat","embeddable":true,"href":"https:\/\/creadivo.md\/ru\/wp-json\/wp\/v2\/product_cat?post=50450"},{"taxonomy":"product_tag","embeddable":true,"href":"https:\/\/creadivo.md\/ru\/wp-json\/wp\/v2\/product_tag?post=50450"}],"curies":[{"name":"wp","href":"https:\/\/api.w.org\/{rel}","templated":true}]}}