{"id":50490,"date":"2024-06-10T22:29:43","date_gmt":"2024-06-10T22:29:43","guid":{"rendered":"https:\/\/creadivo.md\/?post_type=product&#038;p=50490"},"modified":"2026-03-31T00:20:51","modified_gmt":"2026-03-31T00:20:51","slug":"baterie-de-bucatarie-castor-black-gold","status":"publish","type":"product","link":"https:\/\/creadivo.md\/ru\/product\/baterie-de-bucatarie-castor-black-gold\/","title":{"rendered":"\u0421\u041c\u0415\u0421\u0418\u0422\u0415\u041b\u042c \u0414\u041b\u042f \u041a\u0423\u0425\u041d\u0418 CASTOR BLACK GOLD"},"content":{"rendered":"<p>Baza fiec\u0103rei buc\u0103t\u0103rii func\u021bionale este robinetul de buc\u0103t\u0103rie potrivit. Corpul din alam\u0103 din care este realizat acest produs garanteaz\u0103 durabilitatea \u0219i stabilitatea robinetului. Acoperirea cu un strat de crom face ca robinetul s\u0103 fie rezistent la contaminare, iar vopsirea \u00een negru \u00eei confer\u0103 un aspect neobi\u0219nuit, care se va potrivi perfect cu decorul buc\u0103t\u0103riei tale.<\/p>\n<p>Fiabilitatea pe termen lung este garantat\u0103 prin utilizarea unui cap ceramic. Duza pliabil\u0103 v\u0103 permite s\u0103 direc\u021biona\u021bi fluxul oriunde. V\u00e2rful duzei are un comutator care v\u0103 permite s\u0103 alege\u021bi \u00eentre un flux dispersat \u0219i concentrat.<\/p>\n<div style=\"margin: 20px 0;\"><div class=\"qrcswholewtapper\" style=\"text-align:left;\"><div class=\"qrcprowrapper\"  id=\"qrcwraa2leds\"><div class=\"qrc_canvass\" id=\"qrc_cuttenpages_2\" style=\"display:inline-block\" data-text=\"https:\/\/creadivo.md\/ru\/product\/baterie-de-bucatarie-castor-black-gold\/\"><\/div><\/div><\/div><\/div>","protected":false},"excerpt":{"rendered":"<p>Baza fiec\u0103rei buc\u0103t\u0103rii func\u021bionale este robinetul de buc\u0103t\u0103rie potrivit. Corpul din alam\u0103 din care este realizat acest produs garanteaz\u0103 durabilitatea<\/p>","protected":false},"featured_media":50491,"template":"","meta":[],"product_brand":[],"product_cat":[29,101],"product_tag":[],"class_list":{"0":"post-50490","1":"product","2":"type-product","3":"status-publish","4":"has-post-thumbnail","6":"product_cat-baterii-sanitare","7":"product_cat-robinete-de-bucatarie","8":"pa_cap-ceramica-cu-mixer","9":"pa_conexiune-3-8-inch","10":"pa_inaltime-485-mm","11":"pa_informatii-suplimentare-mobil-gura-de-scurgere-aerator-de-aerare-2-functie","12":"pa_instalare-pentru-chiuveta-sau-blat","14":"first","15":"instock","16":"purchasable","17":"product-type-simple"},"_links":{"self":[{"href":"https:\/\/creadivo.md\/ru\/wp-json\/wp\/v2\/product\/50490","targetHints":{"allow":["GET"]}}],"collection":[{"href":"https:\/\/creadivo.md\/ru\/wp-json\/wp\/v2\/product"}],"about":[{"href":"https:\/\/creadivo.md\/ru\/wp-json\/wp\/v2\/types\/product"}],"version-history":[{"count":0,"href":"https:\/\/creadivo.md\/ru\/wp-json\/wp\/v2\/product\/50490\/revisions"}],"wp:featuredmedia":[{"embeddable":true,"href":"https:\/\/creadivo.md\/ru\/wp-json\/wp\/v2\/media\/50491"}],"wp:attachment":[{"href":"https:\/\/creadivo.md\/ru\/wp-json\/wp\/v2\/media?parent=50490"}],"wp:term":[{"taxonomy":"product_brand","embeddable":true,"href":"https:\/\/creadivo.md\/ru\/wp-json\/wp\/v2\/product_brand?post=50490"},{"taxonomy":"product_cat","embeddable":true,"href":"https:\/\/creadivo.md\/ru\/wp-json\/wp\/v2\/product_cat?post=50490"},{"taxonomy":"product_tag","embeddable":true,"href":"https:\/\/creadivo.md\/ru\/wp-json\/wp\/v2\/product_tag?post=50490"}],"curies":[{"name":"wp","href":"https:\/\/api.w.org\/{rel}","templated":true}]}}