{"id":50513,"date":"2024-06-10T22:30:11","date_gmt":"2024-06-10T22:30:11","guid":{"rendered":"https:\/\/creadivo.md\/?post_type=product&#038;p=50513"},"modified":"2025-12-05T00:30:31","modified_gmt":"2025-12-05T00:30:31","slug":"bideu-carlo-mini-gold-white","status":"publish","type":"product","link":"https:\/\/creadivo.md\/ru\/product\/bideu-carlo-mini-gold-white\/","title":{"rendered":"\u0411\u0418\u0414\u0415 CARLO MINI GOLD WHITE"},"content":{"rendered":"<p>Bideul Carlo Mini este cel mai universal bideu din oferta noastr\u0103. Se potriveste nu doar vasului de toaleta Carlo, ci si altor modele de vase de toaleta din oferta noastra. Glazura str\u0103lucitoare adaug\u0103 elegan\u021b\u0103, astfel \u00eenc\u00e2t poate fi folosit\u0103 at\u00e2t \u00een b\u0103ile moderne, c\u00e2t \u0219i \u00een cele clasice.<\/p>\n<div style=\"margin: 20px 0;\"><div class=\"qrcswholewtapper\" style=\"text-align:left;\"><div class=\"qrcprowrapper\"  id=\"qrcwraa2leds\"><div class=\"qrc_canvass\" id=\"qrc_cuttenpages_2\" style=\"display:inline-block\" data-text=\"https:\/\/creadivo.md\/ru\/product\/bideu-carlo-mini-gold-white\/\"><\/div><\/div><\/div><\/div>","protected":false},"excerpt":{"rendered":"<p>Bideul Carlo Mini este cel mai universal bideu din oferta noastr\u0103. Se potriveste nu doar vasului de toaleta Carlo, ci<\/p>","protected":false},"featured_media":50514,"template":"","meta":[],"product_brand":[],"product_cat":[22,293],"product_tag":[],"class_list":{"0":"post-50513","1":"product","2":"type-product","3":"status-publish","4":"has-post-thumbnail","6":"product_cat-bideuri","7":"product_cat-bideu-suspendat","8":"pa_marimea-495x370x325-mm","10":"first","11":"outofstock","12":"purchasable","13":"product-type-simple"},"_links":{"self":[{"href":"https:\/\/creadivo.md\/ru\/wp-json\/wp\/v2\/product\/50513","targetHints":{"allow":["GET"]}}],"collection":[{"href":"https:\/\/creadivo.md\/ru\/wp-json\/wp\/v2\/product"}],"about":[{"href":"https:\/\/creadivo.md\/ru\/wp-json\/wp\/v2\/types\/product"}],"version-history":[{"count":0,"href":"https:\/\/creadivo.md\/ru\/wp-json\/wp\/v2\/product\/50513\/revisions"}],"wp:featuredmedia":[{"embeddable":true,"href":"https:\/\/creadivo.md\/ru\/wp-json\/wp\/v2\/media\/50514"}],"wp:attachment":[{"href":"https:\/\/creadivo.md\/ru\/wp-json\/wp\/v2\/media?parent=50513"}],"wp:term":[{"taxonomy":"product_brand","embeddable":true,"href":"https:\/\/creadivo.md\/ru\/wp-json\/wp\/v2\/product_brand?post=50513"},{"taxonomy":"product_cat","embeddable":true,"href":"https:\/\/creadivo.md\/ru\/wp-json\/wp\/v2\/product_cat?post=50513"},{"taxonomy":"product_tag","embeddable":true,"href":"https:\/\/creadivo.md\/ru\/wp-json\/wp\/v2\/product_tag?post=50513"}],"curies":[{"name":"wp","href":"https:\/\/api.w.org\/{rel}","templated":true}]}}