{"id":50606,"date":"2024-06-10T22:31:54","date_gmt":"2024-06-10T22:31:54","guid":{"rendered":"https:\/\/creadivo.md\/?post_type=product&#038;p=50606"},"modified":"2026-04-09T00:20:34","modified_gmt":"2026-04-09T00:20:34","slug":"suport-para-dus-01-black","status":"publish","type":"product","link":"https:\/\/creadivo.md\/ru\/product\/suport-para-dus-01-black\/","title":{"rendered":"\u0414\u0423\u0428\u0415\u0412\u0410\u042f \u0421\u0422\u041e\u0419\u041a\u0410 01 BLACK"},"content":{"rendered":"<p>Un suport func\u021bional pentru cap de du\u0219 din metal de \u00eenalt\u0103 calitate, cu finisaj negru. Se potrive\u0219te perfect at\u00e2t \u00een robinetele de la cad\u0103, c\u00e2t \u0219i \u00een cele de la du\u0219. Kit de montare inclus. Minimalist \u0219i elegant, perfect pentru baia ta.<\/p>\n<div style=\"margin: 20px 0;\"><div class=\"qrcswholewtapper\" style=\"text-align:left;\"><div class=\"qrcprowrapper\"  id=\"qrcwraa2leds\"><div class=\"qrc_canvass\" id=\"qrc_cuttenpages_2\" style=\"display:inline-block\" data-text=\"https:\/\/creadivo.md\/ru\/product\/suport-para-dus-01-black\/\"><\/div><\/div><\/div><\/div>","protected":false},"excerpt":{"rendered":"<p>Un suport func\u021bional pentru cap de du\u0219 din metal de \u00eenalt\u0103 calitate, cu finisaj negru. Se potrive\u0219te perfect at\u00e2t \u00een<\/p>","protected":false},"featured_media":50607,"template":"","meta":[],"product_brand":[],"product_cat":[100,29],"product_tag":[],"class_list":{"0":"post-50606","1":"product","2":"type-product","3":"status-publish","4":"has-post-thumbnail","6":"product_cat-coloane-de-dus","7":"product_cat-baterii-sanitare","8":"pa_informatii-suplimentare-poate-fi-instalat-la-orice-inaltime","9":"pa_marimea-55x112x700mm","11":"first","12":"instock","13":"purchasable","14":"product-type-simple"},"_links":{"self":[{"href":"https:\/\/creadivo.md\/ru\/wp-json\/wp\/v2\/product\/50606","targetHints":{"allow":["GET"]}}],"collection":[{"href":"https:\/\/creadivo.md\/ru\/wp-json\/wp\/v2\/product"}],"about":[{"href":"https:\/\/creadivo.md\/ru\/wp-json\/wp\/v2\/types\/product"}],"version-history":[{"count":0,"href":"https:\/\/creadivo.md\/ru\/wp-json\/wp\/v2\/product\/50606\/revisions"}],"wp:featuredmedia":[{"embeddable":true,"href":"https:\/\/creadivo.md\/ru\/wp-json\/wp\/v2\/media\/50607"}],"wp:attachment":[{"href":"https:\/\/creadivo.md\/ru\/wp-json\/wp\/v2\/media?parent=50606"}],"wp:term":[{"taxonomy":"product_brand","embeddable":true,"href":"https:\/\/creadivo.md\/ru\/wp-json\/wp\/v2\/product_brand?post=50606"},{"taxonomy":"product_cat","embeddable":true,"href":"https:\/\/creadivo.md\/ru\/wp-json\/wp\/v2\/product_cat?post=50606"},{"taxonomy":"product_tag","embeddable":true,"href":"https:\/\/creadivo.md\/ru\/wp-json\/wp\/v2\/product_tag?post=50606"}],"curies":[{"name":"wp","href":"https:\/\/api.w.org\/{rel}","templated":true}]}}