{"id":50774,"date":"2024-06-10T22:35:59","date_gmt":"2024-06-10T22:35:59","guid":{"rendered":"https:\/\/creadivo.md\/?post_type=product&#038;p=50774"},"modified":"2026-03-27T00:31:02","modified_gmt":"2026-03-27T00:31:02","slug":"dus-igienic-pentru-bideu-loop-gold-brush","status":"publish","type":"product","link":"https:\/\/creadivo.md\/ru\/product\/dus-igienic-pentru-bideu-loop-gold-brush\/","title":{"rendered":"\u0413\u0418\u0413\u0418\u0415\u041d\u0418\u0427\u0415\u0421\u041a\u0418\u0419 \u0414\u0423\u0428 \u0414\u041b\u042f \u0411\u0418\u0414\u0415 BIDEU LOOP GOLD BRUSH"},"content":{"rendered":"<p>O baterie pentru bideu Loop Gold extrem de func\u021bional\u0103 \u0219i modern\u0103. Bideul este proiectat pentru montare \u00eencasat\u0103 l\u00e2ng\u0103 bideu. A fost realizat din alam\u0103 de \u00eenalt\u0103 calitate acoperit\u0103 cu un strat triplu de aur, iar apoi suprafa\u021ba a fost periat\u0103. Datorit\u0103 unei faze speciale de produc\u021bie, este durabil \u0219i u\u0219or de p\u0103strat curat.<\/p>\n<div style=\"margin: 20px 0;\"><div class=\"qrcswholewtapper\" style=\"text-align:left;\"><div class=\"qrcprowrapper\"  id=\"qrcwraa2leds\"><div class=\"qrc_canvass\" id=\"qrc_cuttenpages_2\" style=\"display:inline-block\" data-text=\"https:\/\/creadivo.md\/ru\/product\/dus-igienic-pentru-bideu-loop-gold-brush\/\"><\/div><\/div><\/div><\/div>","protected":false},"excerpt":{"rendered":"<p>O baterie pentru bideu Loop Gold extrem de func\u021bional\u0103 \u0219i modern\u0103. Bideul este proiectat pentru montare \u00eencasat\u0103 l\u00e2ng\u0103 bideu. A<\/p>","protected":false},"featured_media":50775,"template":"","meta":[],"product_brand":[],"product_cat":[29,292],"product_tag":[],"class_list":{"0":"post-50774","1":"product","2":"type-product","3":"status-publish","4":"has-post-thumbnail","6":"product_cat-baterii-sanitare","7":"product_cat-pentru-bideu","8":"pa_cap-ceramica-cu-mixer","9":"pa_conexiune-1-2-inch","10":"pa_informatii-suplimentare-telefon-cu-comutator-aerator-de-aerare","11":"pa_instalare-pe-un-perete","13":"first","14":"instock","15":"purchasable","16":"product-type-simple"},"_links":{"self":[{"href":"https:\/\/creadivo.md\/ru\/wp-json\/wp\/v2\/product\/50774","targetHints":{"allow":["GET"]}}],"collection":[{"href":"https:\/\/creadivo.md\/ru\/wp-json\/wp\/v2\/product"}],"about":[{"href":"https:\/\/creadivo.md\/ru\/wp-json\/wp\/v2\/types\/product"}],"version-history":[{"count":0,"href":"https:\/\/creadivo.md\/ru\/wp-json\/wp\/v2\/product\/50774\/revisions"}],"wp:featuredmedia":[{"embeddable":true,"href":"https:\/\/creadivo.md\/ru\/wp-json\/wp\/v2\/media\/50775"}],"wp:attachment":[{"href":"https:\/\/creadivo.md\/ru\/wp-json\/wp\/v2\/media?parent=50774"}],"wp:term":[{"taxonomy":"product_brand","embeddable":true,"href":"https:\/\/creadivo.md\/ru\/wp-json\/wp\/v2\/product_brand?post=50774"},{"taxonomy":"product_cat","embeddable":true,"href":"https:\/\/creadivo.md\/ru\/wp-json\/wp\/v2\/product_cat?post=50774"},{"taxonomy":"product_tag","embeddable":true,"href":"https:\/\/creadivo.md\/ru\/wp-json\/wp\/v2\/product_tag?post=50774"}],"curies":[{"name":"wp","href":"https:\/\/api.w.org\/{rel}","templated":true}]}}