{"id":51236,"date":"2024-06-10T22:48:59","date_gmt":"2024-06-10T22:48:59","guid":{"rendered":"https:\/\/creadivo.md\/?post_type=product&#038;p=51236"},"modified":"2026-03-27T00:31:16","modified_gmt":"2026-03-27T00:31:16","slug":"baterie-incastrata-oval-goldbox","status":"publish","type":"product","link":"https:\/\/creadivo.md\/ru\/product\/baterie-incastrata-oval-goldbox\/","title":{"rendered":"\u0421\u041c\u0415\u0421\u0418\u0422\u0415\u041b\u042c \u041d\u0410\u0421\u0422\u0415\u041d\u041d\u042b\u0419 OVAL GOLD+BOX"},"content":{"rendered":"<p>Robinetul este o alegere excelent\u0103 pentru proprietarii fiec\u0103rei b\u0103i. Forma la mod\u0103 a corpului din alam\u0103 a fost acoperit\u0103 cu un strat de aur de 4 ori de calitate superioar\u0103. Datorit\u0103 acestei tehnici, bateria este protejat\u0103 \u00eempotriva coroziunii, p\u0103t\u0103rii \u0219i decolor\u0103rii. Acest model este conceput pentru a fi montat pe perete.<\/p>\n<div style=\"margin: 20px 0;\"><div class=\"qrcswholewtapper\" style=\"text-align:left;\"><div class=\"qrcprowrapper\"  id=\"qrcwraa2leds\"><div class=\"qrc_canvass\" id=\"qrc_cuttenpages_2\" style=\"display:inline-block\" data-text=\"https:\/\/creadivo.md\/ru\/product\/baterie-incastrata-oval-goldbox\/\"><\/div><\/div><\/div><\/div>","protected":false},"excerpt":{"rendered":"<p>Robinetul este o alegere excelent\u0103 pentru proprietarii fiec\u0103rei b\u0103i. Forma la mod\u0103 a corpului din alam\u0103 a fost acoperit\u0103 cu<\/p>","protected":false},"featured_media":51237,"template":"","meta":[],"product_brand":[],"product_cat":[29,289,290],"product_tag":[],"class_list":{"0":"post-51236","1":"product","2":"type-product","3":"status-publish","4":"has-post-thumbnail","6":"product_cat-baterii-sanitare","7":"product_cat-pentru-lavoar","8":"product_cat-pentru-cada","9":"pa_cap-ceramica-cu-mixer","10":"pa_conexiune-1-2-inch","11":"pa_informatii-suplimentare-duza-fixa-aerator-de-aerare","12":"pa_instalare-pe-un-perete","14":"first","15":"instock","16":"purchasable","17":"product-type-simple"},"_links":{"self":[{"href":"https:\/\/creadivo.md\/ru\/wp-json\/wp\/v2\/product\/51236","targetHints":{"allow":["GET"]}}],"collection":[{"href":"https:\/\/creadivo.md\/ru\/wp-json\/wp\/v2\/product"}],"about":[{"href":"https:\/\/creadivo.md\/ru\/wp-json\/wp\/v2\/types\/product"}],"version-history":[{"count":1,"href":"https:\/\/creadivo.md\/ru\/wp-json\/wp\/v2\/product\/51236\/revisions"}],"predecessor-version":[{"id":65328,"href":"https:\/\/creadivo.md\/ru\/wp-json\/wp\/v2\/product\/51236\/revisions\/65328"}],"wp:featuredmedia":[{"embeddable":true,"href":"https:\/\/creadivo.md\/ru\/wp-json\/wp\/v2\/media\/51237"}],"wp:attachment":[{"href":"https:\/\/creadivo.md\/ru\/wp-json\/wp\/v2\/media?parent=51236"}],"wp:term":[{"taxonomy":"product_brand","embeddable":true,"href":"https:\/\/creadivo.md\/ru\/wp-json\/wp\/v2\/product_brand?post=51236"},{"taxonomy":"product_cat","embeddable":true,"href":"https:\/\/creadivo.md\/ru\/wp-json\/wp\/v2\/product_cat?post=51236"},{"taxonomy":"product_tag","embeddable":true,"href":"https:\/\/creadivo.md\/ru\/wp-json\/wp\/v2\/product_tag?post=51236"}],"curies":[{"name":"wp","href":"https:\/\/api.w.org\/{rel}","templated":true}]}}